{"id":86691,"date":"2026-01-29T18:17:48","date_gmt":"2026-01-29T18:17:48","guid":{"rendered":"https:\/\/go-st.vizia.si\/?post_type=product&#038;p=86691"},"modified":"2026-04-11T14:44:30","modified_gmt":"2026-04-11T14:44:30","slug":"pl-stedilnik-spt-60gl","status":"publish","type":"product","link":"https:\/\/go-st.vizia.si\/?product=pl-stedilnik-spt-60gl","title":{"rendered":"PLINSKI \u0160TEDILNIK S KONVEKCIJSKO EL. PE\u010cICO, SPT-60GL"},"content":{"rendered":"<p>4 plinski gorilniki mo\u010di: 2 x 3,6 kW + 2 x 3 kW<br \/>\nKonvekcijska elektri\u010dna pe\u010dica velikosti GN1\/1<br \/>\nPiezzo v\u017eig<br \/>\nPlinski priklju\u010dek: 13,2 kW<br \/>\nElektri\u010dni priklju\u010dek: 230 V \/ 3,13 kW<br \/>\nDimenzije: 660 x 600 x 860 - 920 mm (\u0160xGxV)<\/p>\n","protected":false},"excerpt":{"rendered":"<p>4 plinski gorilniki mo\u010di: 2 x 3,6 kW + 2 x 3 kW Konvekcijska elektri\u010dna pe\u010dica velikosti GN1\/1 Piezzo v\u017eig Plinski priklju\u010dek: 13,2 kW Elektri\u010dni priklju\u010dek: 230 V \/ 3,13 kW Dimenzije: 660 x 600 x 860 - 920 mm (\u0160xGxV)<\/p>\n","protected":false},"featured_media":86721,"comment_status":"open","ping_status":"closed","template":"","meta":{"_acf_changed":false},"product_brand":[986],"product_cat":[122],"product_tag":[],"class_list":{"0":"post-86691","1":"product","2":"type-product","3":"status-publish","4":"has-post-thumbnail","6":"product_brand-rm-gastro","7":"product_cat-stedilniki-termicna-oprema","8":"pa_linija-globina-2692","9":"pa_prikljucek-plin","11":"first","12":"instock","13":"shipping-taxable","14":"purchasable","15":"product-type-simple"},"acf":[],"_links":{"self":[{"href":"https:\/\/go-st.vizia.si\/index.php?rest_route=\/wp\/v2\/product\/86691","targetHints":{"allow":["GET"]}}],"collection":[{"href":"https:\/\/go-st.vizia.si\/index.php?rest_route=\/wp\/v2\/product"}],"about":[{"href":"https:\/\/go-st.vizia.si\/index.php?rest_route=\/wp\/v2\/types\/product"}],"replies":[{"embeddable":true,"href":"https:\/\/go-st.vizia.si\/index.php?rest_route=%2Fwp%2Fv2%2Fcomments&post=86691"}],"wp:featuredmedia":[{"embeddable":true,"href":"https:\/\/go-st.vizia.si\/index.php?rest_route=\/wp\/v2\/media\/86721"}],"wp:attachment":[{"href":"https:\/\/go-st.vizia.si\/index.php?rest_route=%2Fwp%2Fv2%2Fmedia&parent=86691"}],"wp:term":[{"taxonomy":"product_brand","embeddable":true,"href":"https:\/\/go-st.vizia.si\/index.php?rest_route=%2Fwp%2Fv2%2Fproduct_brand&post=86691"},{"taxonomy":"product_cat","embeddable":true,"href":"https:\/\/go-st.vizia.si\/index.php?rest_route=%2Fwp%2Fv2%2Fproduct_cat&post=86691"},{"taxonomy":"product_tag","embeddable":true,"href":"https:\/\/go-st.vizia.si\/index.php?rest_route=%2Fwp%2Fv2%2Fproduct_tag&post=86691"}],"curies":[{"name":"wp","href":"https:\/\/api.w.org\/{rel}","templated":true}]}}