{"id":86724,"date":"2026-01-29T18:17:58","date_gmt":"2026-01-29T18:17:58","guid":{"rendered":"https:\/\/go-st.vizia.si\/?post_type=product&#038;p=86724"},"modified":"2026-04-10T08:13:16","modified_gmt":"2026-04-10T08:13:16","slug":"indukcijski-stedilnik-m-700i-2","status":"publish","type":"product","link":"https:\/\/go-st.vizia.si\/?product=indukcijski-stedilnik-m-700i-2","title":{"rendered":"INDUKCIJSKI \u0160TEDILNIK, M-700I-2"},"content":{"rendered":"<p>Indukcijski \u0161tedilnik MAYWAY je bil zasnovan za profesionalno uporabo. Zdru\u017euje visoko zmogljivost in zanesljivost.<\/p>\n<h3 class=\"desc-headings\">Poudarki<\/h3>\n<ul>\n<li>Iz visokokakovostnega nerjave\u010dega jekla deb. 1,5 mm<\/li>\n<li>Vi\u0161insko nastavljive noge<\/li>\n<li>Enostavno \u010di\u0161\u010denje zaradi zaobljenih robov<\/li>\n<li>Indukcijska steklokerami\u010dna kuhalna povr\u0161ina deb. 6mm<\/li>\n<li>LED zaslon in upravljanje z vrtljivimi gumbi<\/li>\n<\/ul>\n<h3 class=\"desc-headings\">Informacije o izdelku<\/h3>\n<ul>\n<li>Kuhalna povr\u0161ina z 2 kuhalnima conama<\/li>\n<li>Kuhalna cona primerna za posode do velikosti 320 mm premera<\/li>\n<li>Kuhalne plo\u0161\u010de delujejo z zaznavanjem posode, zagotavlja hiter odzivni \u010das in zmanj\u0161uje porabo energije<\/li>\n<li>Vsebuje za\u0161\u010dito pred pregrevanjem<\/li>\n<li>Zaprt podstavek s krilnimi vrati<\/li>\n<\/ul>\n<h3 class=\"desc-headings\">Tehni\u010dne informacije<\/h3>\n<ul>\n<li>Elektri\u010dni priklju\u010dek: 400 V \/ 10 KW<\/li>\n<li>Dimenzije: 400 x 700 x 980 mm (\u0160xGxV)<\/li>\n<\/ul>\n","protected":false},"excerpt":{"rendered":"<p>2 indukcijski kuhalni coni<br \/>\nMo\u010d: 10 kW<br \/>\nDimenzije: 400 x 700 x 980 mm (\u0160xGxV)<\/p>\n","protected":false},"featured_media":86763,"comment_status":"open","ping_status":"closed","template":"","meta":{"_acf_changed":false},"product_brand":[166],"product_cat":[122],"product_tag":[],"class_list":{"0":"post-86724","1":"product","2":"type-product","3":"status-publish","4":"has-post-thumbnail","6":"product_brand-mayway","7":"product_cat-stedilniki-termicna-oprema","8":"pa_linija-globina-2688","9":"pa_prikljucek-elektrika","11":"first","12":"instock","13":"shipping-taxable","14":"purchasable","15":"product-type-simple"},"acf":[],"_links":{"self":[{"href":"https:\/\/go-st.vizia.si\/index.php?rest_route=\/wp\/v2\/product\/86724","targetHints":{"allow":["GET"]}}],"collection":[{"href":"https:\/\/go-st.vizia.si\/index.php?rest_route=\/wp\/v2\/product"}],"about":[{"href":"https:\/\/go-st.vizia.si\/index.php?rest_route=\/wp\/v2\/types\/product"}],"replies":[{"embeddable":true,"href":"https:\/\/go-st.vizia.si\/index.php?rest_route=%2Fwp%2Fv2%2Fcomments&post=86724"}],"wp:featuredmedia":[{"embeddable":true,"href":"https:\/\/go-st.vizia.si\/index.php?rest_route=\/wp\/v2\/media\/86763"}],"wp:attachment":[{"href":"https:\/\/go-st.vizia.si\/index.php?rest_route=%2Fwp%2Fv2%2Fmedia&parent=86724"}],"wp:term":[{"taxonomy":"product_brand","embeddable":true,"href":"https:\/\/go-st.vizia.si\/index.php?rest_route=%2Fwp%2Fv2%2Fproduct_brand&post=86724"},{"taxonomy":"product_cat","embeddable":true,"href":"https:\/\/go-st.vizia.si\/index.php?rest_route=%2Fwp%2Fv2%2Fproduct_cat&post=86724"},{"taxonomy":"product_tag","embeddable":true,"href":"https:\/\/go-st.vizia.si\/index.php?rest_route=%2Fwp%2Fv2%2Fproduct_tag&post=86724"}],"curies":[{"name":"wp","href":"https:\/\/api.w.org\/{rel}","templated":true}]}}