{"id":86757,"date":"2026-01-29T18:17:58","date_gmt":"2026-01-29T18:17:58","guid":{"rendered":"https:\/\/go-st.vizia.si\/?post_type=product&#038;p=86757"},"modified":"2026-04-28T15:04:12","modified_gmt":"2026-04-28T15:04:12","slug":"bain-marie-bmv-1115","status":"publish","type":"product","link":"https:\/\/go-st.vizia.si\/?product=bain-marie-bmv-1115","title":{"rendered":"BAIN MARIE BMV-1115E"},"content":{"rendered":"<h3 class=\"desc-headings\">Poudarki<\/h3>\n<ul>\n<li>V celoti iz visokokakovostnega nerjave\u010dega jekla<\/li>\n<li>Zaobljeni profili za hitro in enostavno \u010di\u0161\u010denje<\/li>\n<\/ul>\n<h3 class=\"desc-headings\">Informacije o izdelku<\/h3>\n<ul>\n<li>Kapaciteta: GN 1\/1 vi\u0161. 150 mm<\/li>\n<li>Temperaturno obmo\u010dje: +30\u00b0\/+90\u00b0C<\/li>\n<li>Z izpustno pipo<\/li>\n<\/ul>\n<h3 class=\"desc-headings\">Tehni\u010dne informacije<\/h3>\n<ul>\n<li>Elektri\u010dni priklju\u010dek: 230 V \/ 0,7 KW<\/li>\n<li>Dimenzije: 330 x 540 x 220 mm (\u0160xGxV)<\/li>\n<\/ul>\n","protected":false},"excerpt":{"rendered":"<p>Kapaciteta: GN 1\/1 vi\u0161. 150mm<br \/>\nMo\u010d: 0,7 KW<br \/>\nDimenzije: 330 x 540 x 220 mm (\u0160xGxV)<\/p>\n","protected":false},"featured_media":86822,"comment_status":"open","ping_status":"closed","template":"","meta":{"_acf_changed":false},"product_brand":[986],"product_cat":[3251],"product_tag":[],"class_list":{"0":"post-86757","1":"product","2":"type-product","3":"status-publish","4":"has-post-thumbnail","6":"product_brand-rm-gastro","7":"product_cat-toplovodne-kopeli-namizne-naprave","8":"pa_prikljucek-elektrika","10":"first","11":"instock","12":"shipping-taxable","13":"purchasable","14":"product-type-simple"},"acf":[],"_links":{"self":[{"href":"https:\/\/go-st.vizia.si\/index.php?rest_route=\/wp\/v2\/product\/86757","targetHints":{"allow":["GET"]}}],"collection":[{"href":"https:\/\/go-st.vizia.si\/index.php?rest_route=\/wp\/v2\/product"}],"about":[{"href":"https:\/\/go-st.vizia.si\/index.php?rest_route=\/wp\/v2\/types\/product"}],"replies":[{"embeddable":true,"href":"https:\/\/go-st.vizia.si\/index.php?rest_route=%2Fwp%2Fv2%2Fcomments&post=86757"}],"wp:featuredmedia":[{"embeddable":true,"href":"https:\/\/go-st.vizia.si\/index.php?rest_route=\/wp\/v2\/media\/86822"}],"wp:attachment":[{"href":"https:\/\/go-st.vizia.si\/index.php?rest_route=%2Fwp%2Fv2%2Fmedia&parent=86757"}],"wp:term":[{"taxonomy":"product_brand","embeddable":true,"href":"https:\/\/go-st.vizia.si\/index.php?rest_route=%2Fwp%2Fv2%2Fproduct_brand&post=86757"},{"taxonomy":"product_cat","embeddable":true,"href":"https:\/\/go-st.vizia.si\/index.php?rest_route=%2Fwp%2Fv2%2Fproduct_cat&post=86757"},{"taxonomy":"product_tag","embeddable":true,"href":"https:\/\/go-st.vizia.si\/index.php?rest_route=%2Fwp%2Fv2%2Fproduct_tag&post=86757"}],"curies":[{"name":"wp","href":"https:\/\/api.w.org\/{rel}","templated":true}]}}