{"id":86799,"date":"2026-01-29T18:18:19","date_gmt":"2026-01-29T18:18:19","guid":{"rendered":"https:\/\/go-st.vizia.si\/?post_type=product&#038;p=86799"},"modified":"2026-02-12T09:48:53","modified_gmt":"2026-02-12T09:48:53","slug":"nevtralna-vitrina-mn-70","status":"publish","type":"product","link":"https:\/\/go-st.vizia.si\/?product=nevtralna-vitrina-mn-70","title":{"rendered":"NEVTRALNA VITRINA, MN-70"},"content":{"rendered":"<p>moderen dizajn iz nerjave\u010dega jekla s <br \/>steklenimi policami, prostornina: 70 l, <br \/>upognjeno sprednje steklo za optimalno <br \/>predstavitev izdelkov in enostavno <br \/>\u010di\u0161\u010denje, <br \/>Dimenzije: 35 x 60 x 52 cm (\u0160xGxV) <\/p>\n<p>Pri namestitvi nad 900 m nadmorske vi\u0161ine <br \/>je garancija za steklo izklju\u010dena. <\/p><\/p>\n","protected":false},"excerpt":{"rendered":"<p>moderen dizajn iz nerjave\u010dega jekla s steklenimi policami, prostornina: 70 l, upognjeno sprednje steklo za optimalno predstavitev izdelkov in enostavno \u010di\u0161\u010denje, Dimenzije: 35 x 60 x 52 cm (\u0160xGxV) Pri namestitvi nad 900 m nadmorske vi\u0161ine je garancija za steklo izklju\u010dena.<\/p>\n","protected":false},"featured_media":87065,"comment_status":"open","ping_status":"closed","template":"","meta":{"_acf_changed":false},"product_brand":[],"product_cat":[140],"product_tag":[],"class_list":{"0":"post-86799","1":"product","2":"type-product","3":"status-publish","4":"has-post-thumbnail","6":"product_cat-nevtralne-vitrine","8":"first","9":"instock","10":"shipping-taxable","11":"purchasable","12":"product-type-simple"},"acf":[],"_links":{"self":[{"href":"https:\/\/go-st.vizia.si\/index.php?rest_route=\/wp\/v2\/product\/86799","targetHints":{"allow":["GET"]}}],"collection":[{"href":"https:\/\/go-st.vizia.si\/index.php?rest_route=\/wp\/v2\/product"}],"about":[{"href":"https:\/\/go-st.vizia.si\/index.php?rest_route=\/wp\/v2\/types\/product"}],"replies":[{"embeddable":true,"href":"https:\/\/go-st.vizia.si\/index.php?rest_route=%2Fwp%2Fv2%2Fcomments&post=86799"}],"wp:featuredmedia":[{"embeddable":true,"href":"https:\/\/go-st.vizia.si\/index.php?rest_route=\/wp\/v2\/media\/87065"}],"wp:attachment":[{"href":"https:\/\/go-st.vizia.si\/index.php?rest_route=%2Fwp%2Fv2%2Fmedia&parent=86799"}],"wp:term":[{"taxonomy":"product_brand","embeddable":true,"href":"https:\/\/go-st.vizia.si\/index.php?rest_route=%2Fwp%2Fv2%2Fproduct_brand&post=86799"},{"taxonomy":"product_cat","embeddable":true,"href":"https:\/\/go-st.vizia.si\/index.php?rest_route=%2Fwp%2Fv2%2Fproduct_cat&post=86799"},{"taxonomy":"product_tag","embeddable":true,"href":"https:\/\/go-st.vizia.si\/index.php?rest_route=%2Fwp%2Fv2%2Fproduct_tag&post=86799"}],"curies":[{"name":"wp","href":"https:\/\/api.w.org\/{rel}","templated":true}]}}