{"id":86804,"date":"2026-01-29T18:18:19","date_gmt":"2026-01-29T18:18:19","guid":{"rendered":"https:\/\/go-st.vizia.si\/?post_type=product&#038;p=86804"},"modified":"2026-04-28T11:28:03","modified_gmt":"2026-04-28T11:28:03","slug":"bain-marie-inside-icpo-2018s","status":"publish","type":"product","link":"https:\/\/go-st.vizia.si\/?product=bain-marie-inside-icpo-2018s","title":{"rendered":"VGRADNA TOPLOVODNA KOPEL, INSIDE, ICPO 2018S"},"content":{"rendered":"<p><strong>Poudarki<\/strong><\/p>\n<ul>\n<li>Iz visokokakovostnega, satiniranega nerjave\u010dega jekla Scotch-Brite (AISI 304)<\/li>\n<li>Globoko vle\u010den bazen, varjen brez fug<\/li>\n<li>Digitalno upravljanje temperature s prikazom temperature v lo\u010deni enoti<\/li>\n<li>Ro\u010dni dovod vode, odtok vode prek prelivne cevi<\/li>\n<li>Vgradna konstrukcija iz pocinkanega jekla in aluminija<\/li>\n<li>Hitro in enostavno \u010di\u0161\u010denje<\/li>\n<\/ul>\n<p><strong>Informacije o izdelku<\/strong><\/p>\n<ul>\n<li>Kapaciteta: 5 x GN 1\/1, max. vi\u0161ina 150 mm<\/li>\n<li>S stekleno za\u0161\u010dito<\/li>\n<li>Pritok in odtok vode: 3\/4\"<\/li>\n<li>Dimenzije okvira: 1785 x 640 x 20 mm (\u0160xGxV)<\/li>\n<li>Dimenzije izreza: 1765 x 620 x 261 mm (\u0160xGxV)<\/li>\n<li>Dimenzije bazena: 1605 x 505 x 190 mm (\u0160xGxV)<\/li>\n<\/ul>\n","protected":false},"excerpt":{"rendered":"<p>Kapaciteta: 5 x GN 1\/1, max. vi\u0161ina 150 mm<br \/>\nPriklju\u010dek: 400 V \/ 4100 W<\/p>\n","protected":false},"featured_media":86867,"comment_status":"open","ping_status":"closed","template":"","meta":{"_acf_changed":false},"product_brand":[166],"product_cat":[3253],"product_tag":[],"class_list":{"0":"post-86804","1":"product","2":"type-product","3":"status-publish","4":"has-post-thumbnail","6":"product_brand-mayway","7":"product_cat-vgradne-toplovodne-kopeli","8":"pa_prikljucek-elektrika","10":"first","11":"instock","12":"shipping-taxable","13":"purchasable","14":"product-type-simple"},"acf":[],"_links":{"self":[{"href":"https:\/\/go-st.vizia.si\/index.php?rest_route=\/wp\/v2\/product\/86804","targetHints":{"allow":["GET"]}}],"collection":[{"href":"https:\/\/go-st.vizia.si\/index.php?rest_route=\/wp\/v2\/product"}],"about":[{"href":"https:\/\/go-st.vizia.si\/index.php?rest_route=\/wp\/v2\/types\/product"}],"replies":[{"embeddable":true,"href":"https:\/\/go-st.vizia.si\/index.php?rest_route=%2Fwp%2Fv2%2Fcomments&post=86804"}],"wp:featuredmedia":[{"embeddable":true,"href":"https:\/\/go-st.vizia.si\/index.php?rest_route=\/wp\/v2\/media\/86867"}],"wp:attachment":[{"href":"https:\/\/go-st.vizia.si\/index.php?rest_route=%2Fwp%2Fv2%2Fmedia&parent=86804"}],"wp:term":[{"taxonomy":"product_brand","embeddable":true,"href":"https:\/\/go-st.vizia.si\/index.php?rest_route=%2Fwp%2Fv2%2Fproduct_brand&post=86804"},{"taxonomy":"product_cat","embeddable":true,"href":"https:\/\/go-st.vizia.si\/index.php?rest_route=%2Fwp%2Fv2%2Fproduct_cat&post=86804"},{"taxonomy":"product_tag","embeddable":true,"href":"https:\/\/go-st.vizia.si\/index.php?rest_route=%2Fwp%2Fv2%2Fproduct_tag&post=86804"}],"curies":[{"name":"wp","href":"https:\/\/api.w.org\/{rel}","templated":true}]}}