{"id":86893,"date":"2026-01-29T18:18:44","date_gmt":"2026-01-29T18:18:44","guid":{"rendered":"https:\/\/go-st.vizia.si\/?post_type=product&#038;p=86893"},"modified":"2026-04-19T14:04:39","modified_gmt":"2026-04-19T14:04:39","slug":"elektricni-zar-delta-900-ftl-94ets","status":"publish","type":"product","link":"https:\/\/go-st.vizia.si\/?product=elektricni-zar-delta-900-ftl-94ets","title":{"rendered":"ELEKTRI\u010cNI \u017dAR, DELTA 900, FTL-94ETS"},"content":{"rendered":"<p>Visoko kakovosten \u017ear za profesionalno uporabo, ki zdru\u017euje najvi\u0161jo zmogljivost in zanesljivost. Uporablja se kot samostojna enota ali kot del linije, saj je zdru\u017eljiv z drugimi aparati serije Delta 900.<\/p>\n<p><strong>\u00a0<\/strong><strong>Poudarki<\/strong><\/p>\n<ul>\n<li>V celoti iz visokokakovostnega nerjave\u010dega jekla<\/li>\n<li>Masivna jeklena \u017ear plo\u0161\u010da deb. 20 mm<\/li>\n<li>\u017dar povr\u0161ina trdi krom, bru\u0161en, vel. 360 x 680 mm (\u0160xG)<\/li>\n<li>Enakomerna porazdelitev toplote po plo\u0161\u010di<\/li>\n<li>Za\u0161\u010ditni rob za popolno higieno<\/li>\n<li>Vsi gumbi so za\u0161\u010diteni pred brizganjem vode z za\u0161\u010dito IPX5<\/li>\n<li>Enostavno in uporabniku prijazno upravljanje<\/li>\n<\/ul>\n<p><strong>Informacije o izdelku<\/strong><\/p>\n<ul>\n<li>Gladka povr\u0161ina za peko<\/li>\n<li>Na odprtem podstavku<\/li>\n<li>Odstranljiv dimnik<\/li>\n<li>Prilagajanje delovne vi\u0161ine z vi\u0161insko nastavljivimi nogami<\/li>\n<li>Enostavno vzdr\u017eevanje z odstranitvijo sprednje plo\u0161\u010de<\/li>\n<li>Opcija:\n<ul>\n<li>vrata<\/li>\n<\/ul>\n<\/li>\n<\/ul>\n<p><strong>Tehni\u010dne informacije<\/strong><\/p>\n<ul>\n<li>Elektri\u010dni priklju\u010dek: 400 V \/ 7,5 kW<\/li>\n<li>Dimenzije: 400 x 900 x 900 mm (\u0160xGxV)<\/li>\n<\/ul>\n","protected":false},"excerpt":{"rendered":"<p>Povr\u0161ina \u017eara: gladka, trdi krom, bru\u0161en<br \/>\nMo\u010d:\u00a0 7,5 kW<br \/>\nDimenzije: 400 x 900 x 900 mm (\u0160xGxV)<\/p>\n","protected":false},"featured_media":97442,"comment_status":"open","ping_status":"closed","template":"","meta":{"_acf_changed":false},"product_brand":[1444],"product_cat":[125],"product_tag":[],"class_list":{"0":"post-86893","1":"product","2":"type-product","3":"status-publish","4":"has-post-thumbnail","6":"product_brand-lotus","7":"product_cat-zari-termicna-oprema","8":"pa_linija-globina-2691","9":"pa_prikljucek-elektrika","11":"first","12":"instock","13":"shipping-taxable","14":"purchasable","15":"product-type-simple"},"acf":[],"_links":{"self":[{"href":"https:\/\/go-st.vizia.si\/index.php?rest_route=\/wp\/v2\/product\/86893","targetHints":{"allow":["GET"]}}],"collection":[{"href":"https:\/\/go-st.vizia.si\/index.php?rest_route=\/wp\/v2\/product"}],"about":[{"href":"https:\/\/go-st.vizia.si\/index.php?rest_route=\/wp\/v2\/types\/product"}],"replies":[{"embeddable":true,"href":"https:\/\/go-st.vizia.si\/index.php?rest_route=%2Fwp%2Fv2%2Fcomments&post=86893"}],"wp:featuredmedia":[{"embeddable":true,"href":"https:\/\/go-st.vizia.si\/index.php?rest_route=\/wp\/v2\/media\/97442"}],"wp:attachment":[{"href":"https:\/\/go-st.vizia.si\/index.php?rest_route=%2Fwp%2Fv2%2Fmedia&parent=86893"}],"wp:term":[{"taxonomy":"product_brand","embeddable":true,"href":"https:\/\/go-st.vizia.si\/index.php?rest_route=%2Fwp%2Fv2%2Fproduct_brand&post=86893"},{"taxonomy":"product_cat","embeddable":true,"href":"https:\/\/go-st.vizia.si\/index.php?rest_route=%2Fwp%2Fv2%2Fproduct_cat&post=86893"},{"taxonomy":"product_tag","embeddable":true,"href":"https:\/\/go-st.vizia.si\/index.php?rest_route=%2Fwp%2Fv2%2Fproduct_tag&post=86893"}],"curies":[{"name":"wp","href":"https:\/\/api.w.org\/{rel}","templated":true}]}}