{"id":87011,"date":"2026-01-29T18:19:15","date_gmt":"2026-01-29T18:19:15","guid":{"rendered":"https:\/\/go-st.vizia.si\/?post_type=product&#038;p=87011"},"modified":"2026-04-28T16:18:35","modified_gmt":"2026-04-28T16:18:35","slug":"elektricni-zar-delta-900-ftlt-912ets","status":"publish","type":"product","link":"https:\/\/go-st.vizia.si\/?product=elektricni-zar-delta-900-ftlt-912ets","title":{"rendered":"ELEKTRI\u010cNI \u017dAR, DELTA 900, FTLT-912ETS"},"content":{"rendered":"<p>Visoko kakovosten namizni \u017ear za profesionalno uporabo, ki zdru\u017euje najvi\u0161jo zmogljivost in zanesljivost. Uporablja se kot samostojna enota ali kot del linije, saj je zdru\u017eljiv z drugimi aparati serije Delta 900.<\/p>\n<h3 class=\"desc-headings\">Poudarki<\/h3>\n<ul>\n<li>V celoti iz visokokakovostnega nerjave\u010dega jekla<\/li>\n<li>Masivna jeklena \u017ear plo\u0161\u010da deb. 20 mm<\/li>\n<li>\u017dar povr\u0161ina 1105 x 650 mm (\u0160xG)<\/li>\n<li>3 grelne cone<\/li>\n<li>Enakomerna porazdelitev toplote po plo\u0161\u010di<\/li>\n<li>Za\u0161\u010ditni rob za popolno higieno<\/li>\n<li>Vsi gumbi so za\u0161\u010diteni pred brizganjem vode z za\u0161\u010dito IPX5<\/li>\n<li>Enostavno in uporabniku prijazno upravljanje<\/li>\n<\/ul>\n<h3 class=\"desc-headings\">Tehni\u010dne informacije<\/h3>\n<ul>\n<li>Elektri\u010dni priklju\u010dek: 400 V \/ 22,5 kW<\/li>\n<li>Dimenzije: 1200 x 900 x 280 mm (\u0160xGxV)<\/li>\n<\/ul>\n","protected":false},"excerpt":{"rendered":"<p>Povr\u0161ina \u017eara: gladka, trdi krom, bru\u0161en<br \/>\nMo\u010d:\u00a0 22,5 kW<br \/>\nDimenzije: 1200 x 900 x 280 mm (\u0160xGxV)<\/p>\n","protected":false},"featured_media":97468,"comment_status":"open","ping_status":"closed","template":"","meta":{"_acf_changed":false},"product_brand":[1444],"product_cat":[3044],"product_tag":[],"class_list":{"0":"post-87011","1":"product","2":"type-product","3":"status-publish","4":"has-post-thumbnail","6":"product_brand-lotus","7":"product_cat-namizni-zari","8":"pa_linija-globina-2691","9":"pa_prikljucek-elektrika","11":"first","12":"instock","13":"shipping-taxable","14":"purchasable","15":"product-type-simple"},"acf":[],"_links":{"self":[{"href":"https:\/\/go-st.vizia.si\/index.php?rest_route=\/wp\/v2\/product\/87011","targetHints":{"allow":["GET"]}}],"collection":[{"href":"https:\/\/go-st.vizia.si\/index.php?rest_route=\/wp\/v2\/product"}],"about":[{"href":"https:\/\/go-st.vizia.si\/index.php?rest_route=\/wp\/v2\/types\/product"}],"replies":[{"embeddable":true,"href":"https:\/\/go-st.vizia.si\/index.php?rest_route=%2Fwp%2Fv2%2Fcomments&post=87011"}],"wp:featuredmedia":[{"embeddable":true,"href":"https:\/\/go-st.vizia.si\/index.php?rest_route=\/wp\/v2\/media\/97468"}],"wp:attachment":[{"href":"https:\/\/go-st.vizia.si\/index.php?rest_route=%2Fwp%2Fv2%2Fmedia&parent=87011"}],"wp:term":[{"taxonomy":"product_brand","embeddable":true,"href":"https:\/\/go-st.vizia.si\/index.php?rest_route=%2Fwp%2Fv2%2Fproduct_brand&post=87011"},{"taxonomy":"product_cat","embeddable":true,"href":"https:\/\/go-st.vizia.si\/index.php?rest_route=%2Fwp%2Fv2%2Fproduct_cat&post=87011"},{"taxonomy":"product_tag","embeddable":true,"href":"https:\/\/go-st.vizia.si\/index.php?rest_route=%2Fwp%2Fv2%2Fproduct_tag&post=87011"}],"curies":[{"name":"wp","href":"https:\/\/api.w.org\/{rel}","templated":true}]}}