{"id":87039,"date":"2026-01-29T18:19:36","date_gmt":"2026-01-29T18:19:36","guid":{"rendered":"https:\/\/go-st.vizia.si\/?post_type=product&#038;p=87039"},"modified":"2026-02-12T09:42:20","modified_gmt":"2026-02-12T09:42:20","slug":"ogrevana-vitrina-za-meso-delice-704","status":"publish","type":"product","link":"https:\/\/go-st.vizia.si\/?product=ogrevana-vitrina-za-meso-delice-704","title":{"rendered":"OGREVANA VITRINA ZA MESO, DELICE 704"},"content":{"rendered":"<p>Okusna predstavitev \u2013 ve\u010dja prodaja! Ragus Delice zdru\u017euje najsodobnej\u0161e funkcionalnosti z izjemnim dizajnom izdelka. To se izpla\u010da, saj va\u0161i kupci kupujejo tisto, kar jim je v\u0161e\u010d! Izvedba s steklenimi stranicami omogo\u010da idealno predstavitveno povr\u0161ino za va\u0161e jedi. <\/p>\n<h3 class=\"desc-headings\">Poudarki<\/h3>\n<ul>\n<li>Izjemen dizajn za novo obliko predstavitve izdelkov<\/li>\n<li>Popolna in privla\u010dna notranja osvetlitev s halogensko svetlobo<\/li>\n<li>Pult brez ventilatorja za kro\u017eenje zraka za odli\u010dno kakovost hrane<\/li>\n<li>Zaprt \u00bbklimatski prostor\u00ab, ki ga je treba manj pogosto dodatno ogrevati, prepre\u010duje izsu\u0161evanje hrane<\/li>\n<li>Izdelki ostanejo dlje sve\u017ei in privla\u010dni ter se bolje prodajajo<\/li>\n<li>Vlago v notranjosti je mogo\u010de enostavno in individualno regulirati<\/li>\n<li>Enostavno \u010di\u0161\u010denje s pomo\u010djo vstavljivih grelcev<\/li>\n<li>Skodelice, nosilci in pokrovi grelcev so primerni za pomivanje v pomivalnem stroju<\/li>\n<\/ul>\n<h3 class=\"desc-headings\">Informacije o izdelku<\/h3>\n<ul>\n<li>Ohi\u0161je iz nerjave\u010dega jekla<\/li>\n<li>Kapaciteta: 2 x GN 1\/2<\/li>\n<li>Odstranljive palice za skodelice omogo\u010dajo spreminjanje razmika med skodelicami<\/li>\n<li>Udobno odpiranje vrat<\/li>\n<li>Vgrajena deska za rezanje za porcioniranje hrane<\/li>\n<\/ul>\n<h3 class=\"desc-headings\">Tehni\u010dne informacije<\/h3>\n<ul>\n<li>Elektronsko krmiljenje<\/li>\n<li>Udobna nastavitev temperature prek folijske tipkovnice<\/li>\n<li>Stalen prikaz na zaslonu<\/li>\n<li>glavno stikalo<\/li>\n<li>temperaturno obmo\u010dje: +30\u00b0\/110\u00b0C<\/li>\n<li>priklju\u010dna mo\u010d: 230 V \/ 1 KW<\/li>\n<li>dimenzije: 42,5 x 46,7 x 51 (55) cm (\u0160xGxV)<\/li>\n<\/ul>\n<h3 class=\"desc-headings\">Prilo\u017eena oprema<\/h3>\n<ul>\n<li>2 skodelici 37,5 x 26,5 cm <\/li>\n<li>deska za rezanje<\/li>\n<\/ul>\n","protected":false},"excerpt":{"rendered":"<p>Kapaciteta: 2 x GN 1\/2<br \/>Povezava: 230 V \/ 1 KW<br \/>Dimenzije: 42,5 x 46,7 x 51 (55) cm (\u0160xGxV)<\/p>\n","protected":false},"featured_media":87067,"comment_status":"open","ping_status":"closed","template":"","meta":{"_acf_changed":false},"product_brand":[],"product_cat":[141],"product_tag":[],"class_list":{"0":"post-87039","1":"product","2":"type-product","3":"status-publish","4":"has-post-thumbnail","6":"product_cat-ogrevane-vitrine-vitrine","8":"first","9":"instock","10":"shipping-taxable","11":"purchasable","12":"product-type-simple"},"acf":[],"_links":{"self":[{"href":"https:\/\/go-st.vizia.si\/index.php?rest_route=\/wp\/v2\/product\/87039","targetHints":{"allow":["GET"]}}],"collection":[{"href":"https:\/\/go-st.vizia.si\/index.php?rest_route=\/wp\/v2\/product"}],"about":[{"href":"https:\/\/go-st.vizia.si\/index.php?rest_route=\/wp\/v2\/types\/product"}],"replies":[{"embeddable":true,"href":"https:\/\/go-st.vizia.si\/index.php?rest_route=%2Fwp%2Fv2%2Fcomments&post=87039"}],"wp:featuredmedia":[{"embeddable":true,"href":"https:\/\/go-st.vizia.si\/index.php?rest_route=\/wp\/v2\/media\/87067"}],"wp:attachment":[{"href":"https:\/\/go-st.vizia.si\/index.php?rest_route=%2Fwp%2Fv2%2Fmedia&parent=87039"}],"wp:term":[{"taxonomy":"product_brand","embeddable":true,"href":"https:\/\/go-st.vizia.si\/index.php?rest_route=%2Fwp%2Fv2%2Fproduct_brand&post=87039"},{"taxonomy":"product_cat","embeddable":true,"href":"https:\/\/go-st.vizia.si\/index.php?rest_route=%2Fwp%2Fv2%2Fproduct_cat&post=87039"},{"taxonomy":"product_tag","embeddable":true,"href":"https:\/\/go-st.vizia.si\/index.php?rest_route=%2Fwp%2Fv2%2Fproduct_tag&post=87039"}],"curies":[{"name":"wp","href":"https:\/\/api.w.org\/{rel}","templated":true}]}}