{"id":87040,"date":"2026-01-29T18:19:36","date_gmt":"2026-01-29T18:19:36","guid":{"rendered":"https:\/\/go-st.vizia.si\/?post_type=product&#038;p=87040"},"modified":"2026-02-12T09:42:20","modified_gmt":"2026-02-12T09:42:20","slug":"ogrevana-vitrina-za-meso-eco","status":"publish","type":"product","link":"https:\/\/go-st.vizia.si\/?product=ogrevana-vitrina-za-meso-eco","title":{"rendered":"OGREVANA VITRINA ZA MESO, ECO"},"content":{"rendered":"<p>iz nerjave\u010dega jekla, elektronsko krmiljen <br \/>nadzor temperature, dotikni zaslon in <br \/>prikazovalnik, optimalna notranja osvetlitev <br \/>4 x 25 W, 2 izvle\u010dni nerjave\u010di jekleni lonci <br \/>z perforiranimi vlo\u017eki, vgrajena <br \/>deska za rezanje, 1 vodna posoda, izvle\u010dni <br \/>nosilec za skodelice za enostavno <br \/>\u010di\u0161\u010denje, vrtljiva vrata z ergonomskim <br \/>ro\u010dajem, kapaciteta: 2 x GN 1\/2 <br \/>Dimenzije skodelic iz nerjave\u010dega jekla: vsaka 26,5 x 37,5 cm <br \/>Dimenzije deske za rezanje: 25,7 x 10 cm <br \/>Temperaturno obmo\u010dje: +30\u00b0\/+120\u00b0C <br \/>Priklju\u010dek: 230 V \/ 1,5 KW <br \/>Dimenzije: 42 x 42,7\/46 x 49,2 cm (\u0160xGxV)<\/p><\/p>\n","protected":false},"excerpt":{"rendered":"<p>iz nerjave\u010dega jekla, elektronsko krmiljen nadzor temperature, dotikni zaslon in prikazovalnik, optimalna notranja osvetlitev 4 x 25 W, 2 izvle\u010dni nerjave\u010di jekleni lonci z perforiranimi vlo\u017eki, vgrajena deska za rezanje, 1 vodna posoda, izvle\u010dni nosilec za skodelice za enostavno \u010di\u0161\u010denje, vrtljiva vrata z ergonomskim ro\u010dajem, kapaciteta: 2 x GN 1\/2 Dimenzije skodelic iz nerjave\u010dega jekla: [&hellip;]<\/p>\n","protected":false},"featured_media":87068,"comment_status":"open","ping_status":"closed","template":"","meta":{"_acf_changed":false},"product_brand":[],"product_cat":[141],"product_tag":[],"class_list":{"0":"post-87040","1":"product","2":"type-product","3":"status-publish","4":"has-post-thumbnail","6":"product_cat-ogrevane-vitrine-vitrine","8":"first","9":"instock","10":"shipping-taxable","11":"purchasable","12":"product-type-simple"},"acf":[],"_links":{"self":[{"href":"https:\/\/go-st.vizia.si\/index.php?rest_route=\/wp\/v2\/product\/87040","targetHints":{"allow":["GET"]}}],"collection":[{"href":"https:\/\/go-st.vizia.si\/index.php?rest_route=\/wp\/v2\/product"}],"about":[{"href":"https:\/\/go-st.vizia.si\/index.php?rest_route=\/wp\/v2\/types\/product"}],"replies":[{"embeddable":true,"href":"https:\/\/go-st.vizia.si\/index.php?rest_route=%2Fwp%2Fv2%2Fcomments&post=87040"}],"wp:featuredmedia":[{"embeddable":true,"href":"https:\/\/go-st.vizia.si\/index.php?rest_route=\/wp\/v2\/media\/87068"}],"wp:attachment":[{"href":"https:\/\/go-st.vizia.si\/index.php?rest_route=%2Fwp%2Fv2%2Fmedia&parent=87040"}],"wp:term":[{"taxonomy":"product_brand","embeddable":true,"href":"https:\/\/go-st.vizia.si\/index.php?rest_route=%2Fwp%2Fv2%2Fproduct_brand&post=87040"},{"taxonomy":"product_cat","embeddable":true,"href":"https:\/\/go-st.vizia.si\/index.php?rest_route=%2Fwp%2Fv2%2Fproduct_cat&post=87040"},{"taxonomy":"product_tag","embeddable":true,"href":"https:\/\/go-st.vizia.si\/index.php?rest_route=%2Fwp%2Fv2%2Fproduct_tag&post=87040"}],"curies":[{"name":"wp","href":"https:\/\/api.w.org\/{rel}","templated":true}]}}