{"id":87042,"date":"2026-01-29T18:19:36","date_gmt":"2026-01-29T18:19:36","guid":{"rendered":"https:\/\/go-st.vizia.si\/?post_type=product&#038;p=87042"},"modified":"2026-02-12T09:48:20","modified_gmt":"2026-02-12T09:48:20","slug":"ogrevana-vitrina-vi-108","status":"publish","type":"product","link":"https:\/\/go-st.vizia.si\/?product=ogrevana-vitrina-vi-108","title":{"rendered":"OGREVANA VITRINA, VI-108"},"content":{"rendered":"<p><strong>MAYWAY topli pulti<\/strong> so odli\u010dni za temperiranje in predstavitev prigrizkov in sladic, zato zelo spodbujajo prodajo. <strong>Moderen dizajn <\/strong>in<strong> <\/strong><strong>prostorna predstavitvena povr\u0161ina<\/strong> omogo\u010data optimalno predstavitev va\u0161ih izdelkov. Preudarna konstrukcija daje va\u0161im izdelkom \u0161e posebej apetiten videz in jih spremeni v posebne vrhunce. <\/p>\n<h3 class=\"desc-headings\">Poudarki<\/h3>\n<ul>\n<li>Notranja LED-razsvetljava zagotavlja privla\u010dno predstavitev<\/li>\n<li>Prostorna predstavitvena povr\u0161ina s 4 vrtljivimi okroglimi policami<\/li>\n<li>Temperaturno obmo\u010dje: +30\u00b0\/+90\u00b0C<\/li>\n<li><\/li>\n<\/ul>\n<h3 class=\"desc-headings\">Informacije o izdelku<\/h3>\n<ul>\n<li>Barva: nerjave\u010de jeklo\/\u010drna<\/li>\n<li>Vsebina: 108 l<\/li>\n<li>Temperaturno obmo\u010dje: +30 \u00b0C\/+90 \u00b0C<\/li>\n<li>Povezovalna vrednost: 230 V \/ 1200 W<\/li>\n<li>Dimenzije: 47 x 47 x 87 cm (\u0160xGxV)<\/li>\n<\/ul>\n","protected":false},"excerpt":{"rendered":"<p>Priklju\u010dek: 230 V \/ 1200 W<br \/>Dimenzije: 47 x 47 x 87 cm (\u0160xGxV)<\/p>\n","protected":false},"featured_media":87072,"comment_status":"open","ping_status":"closed","template":"","meta":{"_acf_changed":false},"product_brand":[],"product_cat":[141],"product_tag":[],"class_list":{"0":"post-87042","1":"product","2":"type-product","3":"status-publish","4":"has-post-thumbnail","6":"product_cat-ogrevane-vitrine-vitrine","8":"first","9":"instock","10":"shipping-taxable","11":"purchasable","12":"product-type-simple"},"acf":[],"_links":{"self":[{"href":"https:\/\/go-st.vizia.si\/index.php?rest_route=\/wp\/v2\/product\/87042","targetHints":{"allow":["GET"]}}],"collection":[{"href":"https:\/\/go-st.vizia.si\/index.php?rest_route=\/wp\/v2\/product"}],"about":[{"href":"https:\/\/go-st.vizia.si\/index.php?rest_route=\/wp\/v2\/types\/product"}],"replies":[{"embeddable":true,"href":"https:\/\/go-st.vizia.si\/index.php?rest_route=%2Fwp%2Fv2%2Fcomments&post=87042"}],"wp:featuredmedia":[{"embeddable":true,"href":"https:\/\/go-st.vizia.si\/index.php?rest_route=\/wp\/v2\/media\/87072"}],"wp:attachment":[{"href":"https:\/\/go-st.vizia.si\/index.php?rest_route=%2Fwp%2Fv2%2Fmedia&parent=87042"}],"wp:term":[{"taxonomy":"product_brand","embeddable":true,"href":"https:\/\/go-st.vizia.si\/index.php?rest_route=%2Fwp%2Fv2%2Fproduct_brand&post=87042"},{"taxonomy":"product_cat","embeddable":true,"href":"https:\/\/go-st.vizia.si\/index.php?rest_route=%2Fwp%2Fv2%2Fproduct_cat&post=87042"},{"taxonomy":"product_tag","embeddable":true,"href":"https:\/\/go-st.vizia.si\/index.php?rest_route=%2Fwp%2Fv2%2Fproduct_tag&post=87042"}],"curies":[{"name":"wp","href":"https:\/\/api.w.org\/{rel}","templated":true}]}}