{"id":87044,"date":"2026-01-29T18:19:36","date_gmt":"2026-01-29T18:19:36","guid":{"rendered":"https:\/\/go-st.vizia.si\/?post_type=product&#038;p=87044"},"modified":"2026-02-12T09:42:58","modified_gmt":"2026-02-12T09:42:58","slug":"topla-vitrina-ht-01","status":"publish","type":"product","link":"https:\/\/go-st.vizia.si\/?product=topla-vitrina-ht-01","title":{"rendered":"Topla vitrina, HT-01"},"content":{"rendered":"<p><strong>MAYWAY toplotni most, vitrina za ohranjanje toplote HT-01<\/strong> je odli\u010dna za predstavitev toplih jedi. Idealna je za menze, prostore za izdajo hrane, velike gostinske prostore, samopostre\u017ene ali bife prostore. Predstavite svoje jedi na privla\u010den na\u010din in pri primerni temperaturi.<\/p>\n<h3 class=\"desc-headings\">Poudarki<\/h3>\n<ul>\n<li>Robustno, \u010drno lakirano ohi\u0161je<\/li>\n<li>Steklene plo\u0161\u010de iz kaljenega stekla<\/li>\n<li>Za\u0161\u010dita pred ka\u0161ljanjem, ukrivljena na obeh straneh<\/li>\n<li>Halogenske toplotne \u017earnice<\/li>\n<li>Digitalno uravnavanje temperature<\/li>\n<\/ul>\n<h3 class=\"desc-headings\">Tehni\u010dne informacije<\/h3>\n<ul>\n<li>Temperaturno obmo\u010dje: +30\u00b0\/+90\u00b0C<\/li>\n<li>Priklju\u010dek: 230V \/ 800 W<\/li>\n<li>Dimenzije: 82,5 x 66 x 58 cm (\u0160xGxV)<\/li>\n<\/ul>\n","protected":false},"excerpt":{"rendered":"<p>Temperaturno obmo\u010dje: +30\u00b0\/+90\u00b0C<br \/>Priklju\u010dek: 230V \/ 800 W<br \/>Dimenzije: 82,5 x 66 x 58 cm (\u0160xGxV)<\/p>\n","protected":false},"featured_media":87074,"comment_status":"open","ping_status":"closed","template":"","meta":{"_acf_changed":false},"product_brand":[166],"product_cat":[141],"product_tag":[],"class_list":{"0":"post-87044","1":"product","2":"type-product","3":"status-publish","4":"has-post-thumbnail","6":"product_brand-mayway","7":"product_cat-ogrevane-vitrine-vitrine","9":"first","10":"instock","11":"shipping-taxable","12":"purchasable","13":"product-type-simple"},"acf":[],"_links":{"self":[{"href":"https:\/\/go-st.vizia.si\/index.php?rest_route=\/wp\/v2\/product\/87044","targetHints":{"allow":["GET"]}}],"collection":[{"href":"https:\/\/go-st.vizia.si\/index.php?rest_route=\/wp\/v2\/product"}],"about":[{"href":"https:\/\/go-st.vizia.si\/index.php?rest_route=\/wp\/v2\/types\/product"}],"replies":[{"embeddable":true,"href":"https:\/\/go-st.vizia.si\/index.php?rest_route=%2Fwp%2Fv2%2Fcomments&post=87044"}],"wp:featuredmedia":[{"embeddable":true,"href":"https:\/\/go-st.vizia.si\/index.php?rest_route=\/wp\/v2\/media\/87074"}],"wp:attachment":[{"href":"https:\/\/go-st.vizia.si\/index.php?rest_route=%2Fwp%2Fv2%2Fmedia&parent=87044"}],"wp:term":[{"taxonomy":"product_brand","embeddable":true,"href":"https:\/\/go-st.vizia.si\/index.php?rest_route=%2Fwp%2Fv2%2Fproduct_brand&post=87044"},{"taxonomy":"product_cat","embeddable":true,"href":"https:\/\/go-st.vizia.si\/index.php?rest_route=%2Fwp%2Fv2%2Fproduct_cat&post=87044"},{"taxonomy":"product_tag","embeddable":true,"href":"https:\/\/go-st.vizia.si\/index.php?rest_route=%2Fwp%2Fv2%2Fproduct_tag&post=87044"}],"curies":[{"name":"wp","href":"https:\/\/api.w.org\/{rel}","templated":true}]}}