{"id":87045,"date":"2026-01-29T18:19:36","date_gmt":"2026-01-29T18:19:36","guid":{"rendered":"https:\/\/go-st.vizia.si\/?post_type=product&#038;p=87045"},"modified":"2026-02-12T09:49:08","modified_gmt":"2026-02-12T09:49:08","slug":"topla-vitrina-ht-50l","status":"publish","type":"product","link":"https:\/\/go-st.vizia.si\/?product=topla-vitrina-ht-50l","title":{"rendered":"Topla vitrina, HT-50L"},"content":{"rendered":"<p>iz nerjave\u010dega jekla, <br \/>okroglo steklo, <br \/>4 vrata (2 spredaj, 2 zadaj), <br \/>zmogljivost: 50 l, <br \/>2 kromirani re\u0161etki, <br \/>nastavljiva temperatura, <br \/>temperaturno obmo\u010dje: +30\u00b0\/+90\u00b0C <br \/>Priklju\u010dek: 230 V \/ 800 W <br \/>Dimenzije: 55,4 x 36,1 x 37,6 cm (\u0160xGxV) <\/p>\n<p>Pri namestitvi nad 900 m nadmorske vi\u0161ine <br \/>garancija za steklo ne velja. <\/p><\/p>\n","protected":false},"excerpt":{"rendered":"<p>iz nerjave\u010dega jekla, okroglo steklo, 4 vrata (2 spredaj, 2 zadaj), zmogljivost: 50 l, 2 kromirani re\u0161etki, nastavljiva temperatura, temperaturno obmo\u010dje: +30\u00b0\/+90\u00b0C Priklju\u010dek: 230 V \/ 800 W Dimenzije: 55,4 x 36,1 x 37,6 cm (\u0160xGxV) Pri namestitvi nad 900 m nadmorske vi\u0161ine garancija za steklo ne velja.<\/p>\n","protected":false},"featured_media":87075,"comment_status":"open","ping_status":"closed","template":"","meta":{"_acf_changed":false},"product_brand":[166],"product_cat":[141],"product_tag":[],"class_list":{"0":"post-87045","1":"product","2":"type-product","3":"status-publish","4":"has-post-thumbnail","6":"product_brand-mayway","7":"product_cat-ogrevane-vitrine-vitrine","9":"first","10":"instock","11":"shipping-taxable","12":"purchasable","13":"product-type-simple"},"acf":[],"_links":{"self":[{"href":"https:\/\/go-st.vizia.si\/index.php?rest_route=\/wp\/v2\/product\/87045","targetHints":{"allow":["GET"]}}],"collection":[{"href":"https:\/\/go-st.vizia.si\/index.php?rest_route=\/wp\/v2\/product"}],"about":[{"href":"https:\/\/go-st.vizia.si\/index.php?rest_route=\/wp\/v2\/types\/product"}],"replies":[{"embeddable":true,"href":"https:\/\/go-st.vizia.si\/index.php?rest_route=%2Fwp%2Fv2%2Fcomments&post=87045"}],"wp:featuredmedia":[{"embeddable":true,"href":"https:\/\/go-st.vizia.si\/index.php?rest_route=\/wp\/v2\/media\/87075"}],"wp:attachment":[{"href":"https:\/\/go-st.vizia.si\/index.php?rest_route=%2Fwp%2Fv2%2Fmedia&parent=87045"}],"wp:term":[{"taxonomy":"product_brand","embeddable":true,"href":"https:\/\/go-st.vizia.si\/index.php?rest_route=%2Fwp%2Fv2%2Fproduct_brand&post=87045"},{"taxonomy":"product_cat","embeddable":true,"href":"https:\/\/go-st.vizia.si\/index.php?rest_route=%2Fwp%2Fv2%2Fproduct_cat&post=87045"},{"taxonomy":"product_tag","embeddable":true,"href":"https:\/\/go-st.vizia.si\/index.php?rest_route=%2Fwp%2Fv2%2Fproduct_tag&post=87045"}],"curies":[{"name":"wp","href":"https:\/\/api.w.org\/{rel}","templated":true}]}}