{"id":87047,"date":"2026-01-29T18:19:36","date_gmt":"2026-01-29T18:19:36","guid":{"rendered":"https:\/\/go-st.vizia.si\/?post_type=product&#038;p=87047"},"modified":"2026-02-12T09:43:06","modified_gmt":"2026-02-12T09:43:06","slug":"vinska-vitrina-vino-magnum","status":"publish","type":"product","link":"https:\/\/go-st.vizia.si\/?product=vinska-vitrina-vino-magnum","title":{"rendered":"Vinska vitrina, VINO MAGNUM"},"content":{"rendered":"<p><span>Vinske police MAYWAY vam ponujajo odli\u010dno mo\u017enost za shranjevanje va\u0161ih vin. Na\u0161e police za vino so edinstven in eleganten na\u010din za stilsko predstavitev va\u0161ih vin. Police MAYWAY iz nerjave\u010dega jekla so prava pridobitev za vinske prostore, saj dopolnjujejo razko\u0161no vzdu\u0161je in ponujajo dovolj prostora za vina iz vsega sveta. Zaradi svoje konstrukcije jih lahko brez te\u017eav kombinirate med seboj.<\/p>\n<h3 class=\"desc-headings\">Poudarki<\/h3>\n<ul>\n<li>Dobava \u017ee sestavljeno<\/li>\n<li>Nosilci za steklenice iz okrogle cevi DM: 8 mm<\/li>\n<li>S pocinkanimi in lakiranimi stranskimi plo\u0161\u010dami<\/li>\n<\/ul>\n<h3 class=\"desc-headings\">Informacije o izdelku<\/h3>\n<p>Iz visokokakovostnega nerjave\u010dega jekla debeline 1,5 mm<\/p>\n<h3 class=\"desc-headings\">Tehni\u010dne informacije<\/h3>\n<ul>\n<li>Za 1,5-litrske magnum steklenice<\/li>\n<li>Kapaciteta: 24 magnum steklenic<\/li>\n<li>Dimenzije: 100 x 20 x 200 cm (\u0160xGxV)<\/li>\n<\/ul>\n","protected":false},"excerpt":{"rendered":"<p>Za 1,5-litrske magnum steklenice<br \/>Kapaciteta: 24 magnum steklenic<br \/>Dimenzije: 100 x 20 x 200 cm (\u0160xGxV)<\/p>\n","protected":false},"featured_media":87105,"comment_status":"open","ping_status":"closed","template":"","meta":{"_acf_changed":false},"product_brand":[166],"product_cat":[142],"product_tag":[],"class_list":{"0":"post-87047","1":"product","2":"type-product","3":"status-publish","4":"has-post-thumbnail","6":"product_brand-mayway","7":"product_cat-vinske-vitrine-regali","9":"first","10":"instock","11":"shipping-taxable","12":"purchasable","13":"product-type-simple"},"acf":[],"_links":{"self":[{"href":"https:\/\/go-st.vizia.si\/index.php?rest_route=\/wp\/v2\/product\/87047","targetHints":{"allow":["GET"]}}],"collection":[{"href":"https:\/\/go-st.vizia.si\/index.php?rest_route=\/wp\/v2\/product"}],"about":[{"href":"https:\/\/go-st.vizia.si\/index.php?rest_route=\/wp\/v2\/types\/product"}],"replies":[{"embeddable":true,"href":"https:\/\/go-st.vizia.si\/index.php?rest_route=%2Fwp%2Fv2%2Fcomments&post=87047"}],"wp:featuredmedia":[{"embeddable":true,"href":"https:\/\/go-st.vizia.si\/index.php?rest_route=\/wp\/v2\/media\/87105"}],"wp:attachment":[{"href":"https:\/\/go-st.vizia.si\/index.php?rest_route=%2Fwp%2Fv2%2Fmedia&parent=87047"}],"wp:term":[{"taxonomy":"product_brand","embeddable":true,"href":"https:\/\/go-st.vizia.si\/index.php?rest_route=%2Fwp%2Fv2%2Fproduct_brand&post=87047"},{"taxonomy":"product_cat","embeddable":true,"href":"https:\/\/go-st.vizia.si\/index.php?rest_route=%2Fwp%2Fv2%2Fproduct_cat&post=87047"},{"taxonomy":"product_tag","embeddable":true,"href":"https:\/\/go-st.vizia.si\/index.php?rest_route=%2Fwp%2Fv2%2Fproduct_tag&post=87047"}],"curies":[{"name":"wp","href":"https:\/\/api.w.org\/{rel}","templated":true}]}}