{"id":87622,"date":"2026-02-05T17:32:28","date_gmt":"2026-02-05T17:32:28","guid":{"rendered":"https:\/\/go-st.vizia.si\/?product=mlincek-za-meso-4812"},"modified":"2026-02-12T15:11:30","modified_gmt":"2026-02-12T15:11:30","slug":"mlincek-za-meso-4812","status":"publish","type":"product","link":"https:\/\/go-st.vizia.si\/?product=mlincek-za-meso-4812","title":{"rendered":"Mlin\u010dek za meso 4812"},"content":{"rendered":"<ul>\n<li>Zmogljivost (plo\u0161\u010da 4,5 mm): <strong>6 kg\/min<\/strong><\/li>\n<li>Motor 0,5 KM<\/li>\n<li>Ohi\u0161je iz nerjave\u010dega jekla<\/li>\n<li>Za\u0161\u010dita motorja pred preobremenitvijo in breznapetostna za\u0161\u010dita<\/li>\n<li>Za\u0161\u010diten gumb za zagon in gumb za zaustavitev v obliki gobe<\/li>\n<li>Podajanje 137 mm<\/li>\n<\/ul>\n","protected":false},"excerpt":{"rendered":"<p>Mlin\u010dek za meso, zmogljivost 6 kg\/min<\/p>\n","protected":false},"featured_media":87498,"comment_status":"closed","ping_status":"closed","template":"","meta":{"_acf_changed":false},"product_brand":[985],"product_cat":[61],"product_tag":[],"class_list":{"0":"post-87622","1":"product","2":"type-product","3":"status-publish","4":"has-post-thumbnail","6":"product_brand-hobart","7":"product_cat-priprava-mesa","9":"first","10":"outofstock","11":"shipping-taxable","12":"purchasable","13":"product-type-variable"},"acf":[],"_links":{"self":[{"href":"https:\/\/go-st.vizia.si\/index.php?rest_route=\/wp\/v2\/product\/87622","targetHints":{"allow":["GET"]}}],"collection":[{"href":"https:\/\/go-st.vizia.si\/index.php?rest_route=\/wp\/v2\/product"}],"about":[{"href":"https:\/\/go-st.vizia.si\/index.php?rest_route=\/wp\/v2\/types\/product"}],"replies":[{"embeddable":true,"href":"https:\/\/go-st.vizia.si\/index.php?rest_route=%2Fwp%2Fv2%2Fcomments&post=87622"}],"wp:featuredmedia":[{"embeddable":true,"href":"https:\/\/go-st.vizia.si\/index.php?rest_route=\/wp\/v2\/media\/87498"}],"wp:attachment":[{"href":"https:\/\/go-st.vizia.si\/index.php?rest_route=%2Fwp%2Fv2%2Fmedia&parent=87622"}],"wp:term":[{"taxonomy":"product_brand","embeddable":true,"href":"https:\/\/go-st.vizia.si\/index.php?rest_route=%2Fwp%2Fv2%2Fproduct_brand&post=87622"},{"taxonomy":"product_cat","embeddable":true,"href":"https:\/\/go-st.vizia.si\/index.php?rest_route=%2Fwp%2Fv2%2Fproduct_cat&post=87622"},{"taxonomy":"product_tag","embeddable":true,"href":"https:\/\/go-st.vizia.si\/index.php?rest_route=%2Fwp%2Fv2%2Fproduct_tag&post=87622"}],"curies":[{"name":"wp","href":"https:\/\/api.w.org\/{rel}","templated":true}]}}