{"id":87657,"date":"2026-02-05T17:32:30","date_gmt":"2026-02-05T17:32:30","guid":{"rendered":"https:\/\/go-st.vizia.si\/?product=cc34"},"modified":"2026-02-12T15:11:28","modified_gmt":"2026-02-12T15:11:28","slug":"cc34","status":"publish","type":"product","link":"https:\/\/go-st.vizia.si\/?product=cc34","title":{"rendered":"CC34"},"content":{"rendered":"<ul>\n<li><strong>Kombinirani rezalnik<\/strong><\/li>\n<li>Prostornina: <strong>3 litre<\/strong><\/li>\n<li>4 hitrosti: 500 \/ 800 \/ 1450 in 2650 vrt\/min<\/li>\n<li>Zamenljiv nastavek za pripravo zelenjave za rezanje, sekljanje, ribanje in rezanje v tortilji<\/li>\n<li>Posoda iz nerjave\u010dega jekla za me\u0161anje in me\u0161anje z no\u017ei iz nerjave\u010dega jekla<\/li>\n<li>Aluminijasto podno\u017eje motorja<\/li>\n<li><strong>Opomba: Rezalno orodje ni prilo\u017eeno. Naro\u010diti ga je treba lo\u010deno!<\/strong><\/li>\n<\/ul>\n","protected":false},"excerpt":{"rendered":"<p>Kombinirani rezalnik<\/p>\n","protected":false},"featured_media":87503,"comment_status":"closed","ping_status":"closed","template":"","meta":{"_acf_changed":false},"product_brand":[985],"product_cat":[127],"product_tag":[],"class_list":{"0":"post-87657","1":"product","2":"type-product","3":"status-publish","4":"has-post-thumbnail","6":"product_brand-hobart","7":"product_cat-rezalniki-in-sekljalniki-sadja-in-zelenjave","9":"first","10":"outofstock","11":"shipping-taxable","12":"purchasable","13":"product-type-simple"},"acf":[],"_links":{"self":[{"href":"https:\/\/go-st.vizia.si\/index.php?rest_route=\/wp\/v2\/product\/87657","targetHints":{"allow":["GET"]}}],"collection":[{"href":"https:\/\/go-st.vizia.si\/index.php?rest_route=\/wp\/v2\/product"}],"about":[{"href":"https:\/\/go-st.vizia.si\/index.php?rest_route=\/wp\/v2\/types\/product"}],"replies":[{"embeddable":true,"href":"https:\/\/go-st.vizia.si\/index.php?rest_route=%2Fwp%2Fv2%2Fcomments&post=87657"}],"wp:featuredmedia":[{"embeddable":true,"href":"https:\/\/go-st.vizia.si\/index.php?rest_route=\/wp\/v2\/media\/87503"}],"wp:attachment":[{"href":"https:\/\/go-st.vizia.si\/index.php?rest_route=%2Fwp%2Fv2%2Fmedia&parent=87657"}],"wp:term":[{"taxonomy":"product_brand","embeddable":true,"href":"https:\/\/go-st.vizia.si\/index.php?rest_route=%2Fwp%2Fv2%2Fproduct_brand&post=87657"},{"taxonomy":"product_cat","embeddable":true,"href":"https:\/\/go-st.vizia.si\/index.php?rest_route=%2Fwp%2Fv2%2Fproduct_cat&post=87657"},{"taxonomy":"product_tag","embeddable":true,"href":"https:\/\/go-st.vizia.si\/index.php?rest_route=%2Fwp%2Fv2%2Fproduct_tag&post=87657"}],"curies":[{"name":"wp","href":"https:\/\/api.w.org\/{rel}","templated":true}]}}