{"id":87763,"date":"2026-02-05T17:32:35","date_gmt":"2026-02-05T17:32:35","guid":{"rendered":"https:\/\/go-st.vizia.si\/?post_type=product&#038;p=87763"},"modified":"2026-02-12T15:11:34","modified_gmt":"2026-02-12T15:11:34","slug":"sl300-350-avtomatski-jermen","status":"publish","type":"product","link":"https:\/\/go-st.vizia.si\/?product=sl300-350-avtomatski-jermen","title":{"rendered":"SL300\/350 AVTOMATSKI JERMEN"},"content":{"rendered":"<ul>\n<li>Primerno za razli\u010dne vrste izdelkov v ve\u010djih koli\u010dinah<\/li>\n<li><strong>Rezilo 300 mm ali 350 mm<\/strong><\/li>\n<li>Obmo\u010dje rezanja <strong>0\u201314 mm<\/strong><\/li>\n<li>Gibanje vozi\u010dka 290 mm<\/li>\n<li>Dimenzije (\u0161 x g x v): 600 x 580 x 805 mm<\/li>\n<li>46 kg (neto)<\/li>\n<li>Gladko eloksirano aluminijasto ohi\u0161je za higieno<\/li>\n<li>Vgrajen brusilnik za natan\u010dno rezanje, odstranljiv in enostaven za uporabo<\/li>\n<li>Posebna oblika plo\u0161\u010de za la\u017eje pozicioniranje izdelka<\/li>\n<li>Aluminijasta plo\u0161\u010da z drsnimi utori za zmanj\u0161anje trenja in poenostavitev \u010di\u0161\u010denja<\/li>\n<li>Samodejno gibanje vozi\u010dka (35\u201358 rezin na minuto)<\/li>\n<li>Prilagajanje gibanja in hitrosti vozi\u010dka ter preklapljanje med samodejnim in ro\u010dnim delovanjem med delovanjem<\/li>\n<li>Dva neodvisna motorja, rezilo in vozi\u010dek (da se izognemo se\u0161tevanju uporov)<\/li>\n<li>Po rezanju se vozi\u010dek samodejno postavi v za\u010detni polo\u017eaj<\/li>\n<\/ul>\n","protected":false},"excerpt":{"rendered":"<p>Avtomatski rezalnik z gravitacijskim podajanjem, rezilo 300 ali 350 mm, jermenski prenos<\/p>\n","protected":false},"featured_media":87523,"comment_status":"closed","ping_status":"closed","template":"","meta":{"_acf_changed":false},"product_brand":[985],"product_cat":[62],"product_tag":[],"class_list":{"0":"post-87763","1":"product","2":"type-product","3":"status-publish","4":"has-post-thumbnail","6":"product_brand-hobart","7":"product_cat-mesoreznice","9":"first","10":"outofstock","11":"shipping-taxable","12":"purchasable","13":"product-type-variable"},"acf":[],"_links":{"self":[{"href":"https:\/\/go-st.vizia.si\/index.php?rest_route=\/wp\/v2\/product\/87763","targetHints":{"allow":["GET"]}}],"collection":[{"href":"https:\/\/go-st.vizia.si\/index.php?rest_route=\/wp\/v2\/product"}],"about":[{"href":"https:\/\/go-st.vizia.si\/index.php?rest_route=\/wp\/v2\/types\/product"}],"replies":[{"embeddable":true,"href":"https:\/\/go-st.vizia.si\/index.php?rest_route=%2Fwp%2Fv2%2Fcomments&post=87763"}],"wp:featuredmedia":[{"embeddable":true,"href":"https:\/\/go-st.vizia.si\/index.php?rest_route=\/wp\/v2\/media\/87523"}],"wp:attachment":[{"href":"https:\/\/go-st.vizia.si\/index.php?rest_route=%2Fwp%2Fv2%2Fmedia&parent=87763"}],"wp:term":[{"taxonomy":"product_brand","embeddable":true,"href":"https:\/\/go-st.vizia.si\/index.php?rest_route=%2Fwp%2Fv2%2Fproduct_brand&post=87763"},{"taxonomy":"product_cat","embeddable":true,"href":"https:\/\/go-st.vizia.si\/index.php?rest_route=%2Fwp%2Fv2%2Fproduct_cat&post=87763"},{"taxonomy":"product_tag","embeddable":true,"href":"https:\/\/go-st.vizia.si\/index.php?rest_route=%2Fwp%2Fv2%2Fproduct_tag&post=87763"}],"curies":[{"name":"wp","href":"https:\/\/api.w.org\/{rel}","templated":true}]}}