{"id":87764,"date":"2026-02-05T17:32:35","date_gmt":"2026-02-05T17:32:35","guid":{"rendered":"https:\/\/go-st.vizia.si\/?post_type=product&#038;p=87764"},"modified":"2026-02-12T15:11:34","modified_gmt":"2026-02-12T15:11:34","slug":"sl350","status":"publish","type":"product","link":"https:\/\/go-st.vizia.si\/?product=sl350","title":{"rendered":"SL350"},"content":{"rendered":"<ul>\n<li>Primerno za razli\u010dne vrste izdelkov (meso, \u0161unka, sir, karpa\u010do, narezki, kot so zamrznjene ribe)<\/li>\n<li><strong>Rezilo 350 mm<\/strong><\/li>\n<li>Obmo\u010dje rezanja <strong>0 - 19 mm<\/strong><\/li>\n<li>Gibanje vozi\u010dka 365 mm<\/li>\n<li>Kapaciteta rezanja o 230 mm ali 200 x 250 mm<\/li>\n<li>Dimenzije (\u0161 x g x v): 670 x 600 x 590 mm<\/li>\n<li>40 \/ 42 kg (neto)<\/li>\n<li>Gladko eloksirano aluminijasto ohi\u0161je za higieno<\/li>\n<li>Orodje za odstranitev rezila za varno in enostavno \u010di\u0161\u010denje<\/li>\n<li>Neodstranljiv varnostni obro\u010d okoli rezila<\/li>\n<li>Zgoraj name\u0161\u010den brusilnik za natan\u010dno rezanje<\/li>\n<li>Brusilnik je odstranljiv in enostaven za uporabo<\/li>\n<li>Posebna oblika plo\u0161\u010de za olaj\u0161a pozicioniranje izdelkov<\/li>\n<li>Potiska\u010d mesa za pove\u010danje stabilnosti majhnih izdelkov<\/li>\n<\/ul>\n","protected":false},"excerpt":{"rendered":"<p>Ro\u010dni rezalnik z gravitacijskim podajanjem, rezilo 350 mm<\/p>\n","protected":false},"featured_media":87524,"comment_status":"closed","ping_status":"closed","template":"","meta":{"_acf_changed":false},"product_brand":[985],"product_cat":[62],"product_tag":[],"class_list":{"0":"post-87764","1":"product","2":"type-product","3":"status-publish","4":"has-post-thumbnail","6":"product_brand-hobart","7":"product_cat-mesoreznice","9":"first","10":"outofstock","11":"shipping-taxable","12":"purchasable","13":"product-type-variable"},"acf":[],"_links":{"self":[{"href":"https:\/\/go-st.vizia.si\/index.php?rest_route=\/wp\/v2\/product\/87764","targetHints":{"allow":["GET"]}}],"collection":[{"href":"https:\/\/go-st.vizia.si\/index.php?rest_route=\/wp\/v2\/product"}],"about":[{"href":"https:\/\/go-st.vizia.si\/index.php?rest_route=\/wp\/v2\/types\/product"}],"replies":[{"embeddable":true,"href":"https:\/\/go-st.vizia.si\/index.php?rest_route=%2Fwp%2Fv2%2Fcomments&post=87764"}],"wp:featuredmedia":[{"embeddable":true,"href":"https:\/\/go-st.vizia.si\/index.php?rest_route=\/wp\/v2\/media\/87524"}],"wp:attachment":[{"href":"https:\/\/go-st.vizia.si\/index.php?rest_route=%2Fwp%2Fv2%2Fmedia&parent=87764"}],"wp:term":[{"taxonomy":"product_brand","embeddable":true,"href":"https:\/\/go-st.vizia.si\/index.php?rest_route=%2Fwp%2Fv2%2Fproduct_brand&post=87764"},{"taxonomy":"product_cat","embeddable":true,"href":"https:\/\/go-st.vizia.si\/index.php?rest_route=%2Fwp%2Fv2%2Fproduct_cat&post=87764"},{"taxonomy":"product_tag","embeddable":true,"href":"https:\/\/go-st.vizia.si\/index.php?rest_route=%2Fwp%2Fv2%2Fproduct_tag&post=87764"}],"curies":[{"name":"wp","href":"https:\/\/api.w.org\/{rel}","templated":true}]}}