{"id":87765,"date":"2026-02-05T17:32:35","date_gmt":"2026-02-05T17:32:35","guid":{"rendered":"https:\/\/go-st.vizia.si\/?post_type=product&#038;p=87765"},"modified":"2026-02-12T15:11:34","modified_gmt":"2026-02-12T15:11:34","slug":"sl350-avtomatski-menjalnik","status":"publish","type":"product","link":"https:\/\/go-st.vizia.si\/?product=sl350-avtomatski-menjalnik","title":{"rendered":"SL350 AVTOMATSKI MENJALNIK"},"content":{"rendered":"<ul>\n<li>Za odli\u010dno zmogljivost pri urni proizvodnji narezkov<\/li>\n<li>Primerno za razli\u010dne vrste izdelkov<\/li>\n<li><strong>Rezilo 350 mm<\/strong><\/li>\n<li>Obmo\u010dje rezanja <strong>0 - 22 mm<\/strong><\/li>\n<li>Gibanje vozi\u010dka 365 mm<\/li>\n<li>Kapaciteta reza \u00f8260 mm ali 220 x 290 mm<\/li>\n<li>Dimenzije (\u0161 x g x v): 680 x 680 x 840 mm<\/li>\n<li>50 kg (neto)<\/li>\n<li>Preprosta in intuitivna nadzorna plo\u0161\u010da, ki omogo\u010da izbiro hitrosti rezila in vozi\u010dka<\/li>\n<li><strong>Zaslon omogo\u010da tudi izbiro<\/strong> <strong>teka vozi\u010dka in \u0161tevila rezin za rezanje<\/strong><\/li>\n<li>Gladko eloksirano aluminijasto ohi\u0161je za higieno<\/li>\n<li>Vgrajen brusilnik za natan\u010dno rezanje rezanje, odstranljivo in enostavno za uporabo<\/li>\n<li>Posebna oblika plo\u0161\u010de za la\u017eje pozicioniranje izdelka<\/li>\n<li>Aluminijasta plo\u0161\u010da z drsnimi utori za zmanj\u0161anje trenja in poenostavitev \u010di\u0161\u010denja<\/li>\n<li>Samodejno gibanje vozi\u010dka (27\u201388 rezin na minuto)<\/li>\n<li>Preklop iz samodejnega v ro\u010dno uporabo med delovanjem<\/li>\n<li>Dva neodvisna motorja, rezilo in vozi\u010dek (da se prepre\u010di se\u0161tevanje uporov)<\/li>\n<li>Po rezanju se vozi\u010dek samodejno postavi v za\u010detni polo\u017eaj<\/li>\n<\/ul>\n","protected":false},"excerpt":{"rendered":"<p>Avtomatski rezalnik z gravitacijskim podajanjem, rezilo 350 mm, zobni\u0161ki prenos<\/p>\n","protected":false},"featured_media":87525,"comment_status":"closed","ping_status":"closed","template":"","meta":{"_acf_changed":false},"product_brand":[985],"product_cat":[62],"product_tag":[],"class_list":{"0":"post-87765","1":"product","2":"type-product","3":"status-publish","4":"has-post-thumbnail","6":"product_brand-hobart","7":"product_cat-mesoreznice","9":"first","10":"outofstock","11":"shipping-taxable","12":"purchasable","13":"product-type-variable"},"acf":[],"_links":{"self":[{"href":"https:\/\/go-st.vizia.si\/index.php?rest_route=\/wp\/v2\/product\/87765","targetHints":{"allow":["GET"]}}],"collection":[{"href":"https:\/\/go-st.vizia.si\/index.php?rest_route=\/wp\/v2\/product"}],"about":[{"href":"https:\/\/go-st.vizia.si\/index.php?rest_route=\/wp\/v2\/types\/product"}],"replies":[{"embeddable":true,"href":"https:\/\/go-st.vizia.si\/index.php?rest_route=%2Fwp%2Fv2%2Fcomments&post=87765"}],"wp:featuredmedia":[{"embeddable":true,"href":"https:\/\/go-st.vizia.si\/index.php?rest_route=\/wp\/v2\/media\/87525"}],"wp:attachment":[{"href":"https:\/\/go-st.vizia.si\/index.php?rest_route=%2Fwp%2Fv2%2Fmedia&parent=87765"}],"wp:term":[{"taxonomy":"product_brand","embeddable":true,"href":"https:\/\/go-st.vizia.si\/index.php?rest_route=%2Fwp%2Fv2%2Fproduct_brand&post=87765"},{"taxonomy":"product_cat","embeddable":true,"href":"https:\/\/go-st.vizia.si\/index.php?rest_route=%2Fwp%2Fv2%2Fproduct_cat&post=87765"},{"taxonomy":"product_tag","embeddable":true,"href":"https:\/\/go-st.vizia.si\/index.php?rest_route=%2Fwp%2Fv2%2Fproduct_tag&post=87765"}],"curies":[{"name":"wp","href":"https:\/\/api.w.org\/{rel}","templated":true}]}}