{"id":87784,"date":"2026-02-05T17:32:36","date_gmt":"2026-02-05T17:32:36","guid":{"rendered":"https:\/\/go-st.vizia.si\/?product=vpu-200"},"modified":"2026-02-12T15:11:30","modified_gmt":"2026-02-12T15:11:30","slug":"vpu-200","status":"publish","type":"product","link":"https:\/\/go-st.vizia.si\/?product=vpu-200","title":{"rendered":"VPU 200"},"content":{"rendered":"<ul>\n<li><strong>Osnovna enota VPU 200<\/strong><\/li>\n<li>Zmogljivost: <strong>7 kg\/minuto, 700 porcij\/dan<\/strong><\/li>\n<li>Rezanje, rezanje, ribanje in julienne<\/li>\n<li>Ohi\u0161je stroja, potisna plo\u0161\u010da, rezalna komora in izpustni kanal so izdelani iz aluminija<\/li>\n<li>Toplotna za\u0161\u010dita pred preobremenitvijo<\/li>\n<li>2 vgrajeni varnostni stikali<\/li>\n<\/ul>\n","protected":false},"excerpt":{"rendered":"<p>Zmogljivost: 7 kg\/min, 50\u2013700 porcij\/dan<\/p>\n","protected":false},"featured_media":87527,"comment_status":"closed","ping_status":"closed","template":"","meta":{"_acf_changed":false},"product_brand":[985],"product_cat":[127],"product_tag":[],"class_list":{"0":"post-87784","1":"product","2":"type-product","3":"status-publish","4":"has-post-thumbnail","6":"product_brand-hobart","7":"product_cat-rezalniki-in-sekljalniki-sadja-in-zelenjave","9":"first","10":"outofstock","11":"shipping-taxable","12":"purchasable","13":"product-type-simple"},"acf":[],"_links":{"self":[{"href":"https:\/\/go-st.vizia.si\/index.php?rest_route=\/wp\/v2\/product\/87784","targetHints":{"allow":["GET"]}}],"collection":[{"href":"https:\/\/go-st.vizia.si\/index.php?rest_route=\/wp\/v2\/product"}],"about":[{"href":"https:\/\/go-st.vizia.si\/index.php?rest_route=\/wp\/v2\/types\/product"}],"replies":[{"embeddable":true,"href":"https:\/\/go-st.vizia.si\/index.php?rest_route=%2Fwp%2Fv2%2Fcomments&post=87784"}],"wp:featuredmedia":[{"embeddable":true,"href":"https:\/\/go-st.vizia.si\/index.php?rest_route=\/wp\/v2\/media\/87527"}],"wp:attachment":[{"href":"https:\/\/go-st.vizia.si\/index.php?rest_route=%2Fwp%2Fv2%2Fmedia&parent=87784"}],"wp:term":[{"taxonomy":"product_brand","embeddable":true,"href":"https:\/\/go-st.vizia.si\/index.php?rest_route=%2Fwp%2Fv2%2Fproduct_brand&post=87784"},{"taxonomy":"product_cat","embeddable":true,"href":"https:\/\/go-st.vizia.si\/index.php?rest_route=%2Fwp%2Fv2%2Fproduct_cat&post=87784"},{"taxonomy":"product_tag","embeddable":true,"href":"https:\/\/go-st.vizia.si\/index.php?rest_route=%2Fwp%2Fv2%2Fproduct_tag&post=87784"}],"curies":[{"name":"wp","href":"https:\/\/api.w.org\/{rel}","templated":true}]}}