{"id":87846,"date":"2026-02-05T17:47:16","date_gmt":"2026-02-05T17:47:16","guid":{"rendered":"https:\/\/go-st.vizia.si\/?post_type=product&#038;p=87846"},"modified":"2026-02-12T15:11:31","modified_gmt":"2026-02-12T15:11:31","slug":"premax-aupl","status":"publish","type":"product","link":"https:\/\/go-st.vizia.si\/?product=premax-aupl","title":{"rendered":"PREMAX AUPL"},"content":{"rendered":"<ul>\n<li>Pomivalni stroj s pokrovom in mo\u017enostjo preklopa visokotla\u010dnega pranja za direktno ali kotno delovanje<\/li>\n<li>Nominalna zmogljivost do 70 ko\u0161ar\/h, 1680 kro\u017enikov\/h (z opcijsko ko\u0161aro P-XL), 2520 kozarcev\/h, 560 listov\/h, 140 GN-zabojev 1\/1\/h, 70 EN-zabojev\/h<\/li>\n<li>Velik predal z uporabno povr\u0161ino 660 x 500 mm<\/li>\n<li>Izjemno velika vi\u0161ina polnjenja 540 mm<\/li>\n<li>9 avtomatskih ciklov: kratki, standardni, intenzivni, eko, neprekinjeni, jedilni pribor, osnovno \u010di\u0161\u010denje, E-save in higiena<\/li>\n<li>Ve\u010dstopenjski na\u010din: mo\u010d pomivanja se lahko zmanj\u0161a z 12,4 kW na 6,2 kW, \u010de je priklju\u010den na vro\u010do vodo<\/li>\n<li>Toplotno in hrupno izolirana pokrov<\/li>\n<li>Senzor umazanije v cedilu<\/li>\n<li>Ve\u010dstopenjski program samo\u010di\u0161\u010denja<\/li>\n<li>USB vmesnik za udoben prenos podatkov obratovalni podatki<\/li>\n<li>vgrajen Wi-Fi modul<\/li>\n<li>pripravljeno za namestitev - popolnoma opremljeno: cev za polnjenje\/odtok, elektri\u010dni kabel, dozator detergenta, dozator sredstva za lesk, \u010drpalka za izpiranje, \u010drpalka za odtok, protipovratni ventil<\/li>\n<li>rezervoar, okvir, pomivalne\/izpiralne roke in plo\u0161\u010de so iz nerjave\u010dega jekla 1.4301<\/li>\n<li>1 ko\u0161ara za kro\u017enike P-18-12<\/li>\n<li>1 ko\u0161ara za pladnje T-06-09<\/li>\n<li>1 ko\u0161ara za jedilni pribor C-01-07<\/li>\n<\/ul>\n","protected":false},"excerpt":{"rendered":"<p>Izjemno \u0161irok premium model za pomivanje velike posode. Samodejno odstranjevanje umazanije ASR je idealno primeren za zelo umazane gastronorm ponve, mesnice ali pribor, hkrati pa zagotavlja zelo visoko stopnjo izkori\u0161\u010denosti.<\/p>\n","protected":false},"featured_media":87538,"comment_status":"closed","ping_status":"closed","template":"","meta":{"_acf_changed":false},"product_brand":[985],"product_cat":[87],"product_tag":[],"class_list":{"0":"post-87846","1":"product","2":"type-product","3":"status-publish","4":"has-post-thumbnail","6":"product_brand-hobart","7":"product_cat-haubni-pomivalni-stroji","9":"first","10":"outofstock","11":"shipping-taxable","12":"purchasable","13":"product-type-variable"},"acf":[],"_links":{"self":[{"href":"https:\/\/go-st.vizia.si\/index.php?rest_route=\/wp\/v2\/product\/87846","targetHints":{"allow":["GET"]}}],"collection":[{"href":"https:\/\/go-st.vizia.si\/index.php?rest_route=\/wp\/v2\/product"}],"about":[{"href":"https:\/\/go-st.vizia.si\/index.php?rest_route=\/wp\/v2\/types\/product"}],"replies":[{"embeddable":true,"href":"https:\/\/go-st.vizia.si\/index.php?rest_route=%2Fwp%2Fv2%2Fcomments&post=87846"}],"wp:featuredmedia":[{"embeddable":true,"href":"https:\/\/go-st.vizia.si\/index.php?rest_route=\/wp\/v2\/media\/87538"}],"wp:attachment":[{"href":"https:\/\/go-st.vizia.si\/index.php?rest_route=%2Fwp%2Fv2%2Fmedia&parent=87846"}],"wp:term":[{"taxonomy":"product_brand","embeddable":true,"href":"https:\/\/go-st.vizia.si\/index.php?rest_route=%2Fwp%2Fv2%2Fproduct_brand&post=87846"},{"taxonomy":"product_cat","embeddable":true,"href":"https:\/\/go-st.vizia.si\/index.php?rest_route=%2Fwp%2Fv2%2Fproduct_cat&post=87846"},{"taxonomy":"product_tag","embeddable":true,"href":"https:\/\/go-st.vizia.si\/index.php?rest_route=%2Fwp%2Fv2%2Fproduct_tag&post=87846"}],"curies":[{"name":"wp","href":"https:\/\/api.w.org\/{rel}","templated":true}]}}