{"id":87859,"date":"2026-02-05T17:47:17","date_gmt":"2026-02-05T17:47:17","guid":{"rendered":"https:\/\/go-st.vizia.si\/?product=profi-amxt"},"modified":"2026-05-04T06:57:11","modified_gmt":"2026-05-04T06:57:11","slug":"profi-amxt","status":"publish","type":"product","link":"https:\/\/go-st.vizia.si\/?product=profi-amxt","title":{"rendered":"HAVBNI POMIVALNI STROJ HOBART PROFI AMXT"},"content":{"rendered":"<ul>\n<li>Dvojni ko\u0161arni pomivalni stroj s pokrovom za pomivanje v kotu ali z neposrednim pretokom vode<\/li>\n<li>Nominalna zmogljivost do 120 ko\u0161ar\/h ali 2160 kro\u017enikov\/h ali 4320 kozarcev\/h<\/li>\n<li>7 avtomatskih ciklov: kratki, standardni, intenzivni, neprekinjeni, osnovno \u010di\u0161\u010denje, E-save in higiena<\/li>\n<li>Ve\u010dstopenjski program: mo\u010d oja\u010devalnika se lahko zmanj\u0161a z 12,4 kW na 6,2 kW, \u010de je priklju\u010den na vro\u010do vodo<\/li>\n<li>Toplotno in hrupno izolirana napa<\/li>\n<li>Senzor umazanije v cedilu<\/li>\n<li>Ve\u010dstopenjski program samo\u010di\u0161\u010denja<\/li>\n<li>USB vmesnik za udoben prenos obratovalnih podatkov<\/li>\n<li>Vgrajen modul Wi-Fi<\/li>\n<li>Pripravljen za namestitev - popolnoma opremljen: cev za polnjenje\/odvod, elektri\u010dni kabel, dozator detergenta, dozator sredstva za lesk, \u010drpalka za izpiranje, \u010drpalka za odvod, protipovratni ventil<\/li>\n<li>Rezervoar, okvir, roke za pomivanje\/izpiranje in plo\u0161\u010de so iz nerjave\u010dega jekla 1.4301<\/li>\n<li>4 plo\u0161\u010de ko\u0161are P-18-12<\/li>\n<li>1 ko\u0161ara za jedilni pribor C-01-07<\/li>\n<\/ul>\n<h3 data-path-to-node=\"1\"><\/h3>\n<ul data-path-to-node=\"2\">\n<li>\n<p data-path-to-node=\"2,0,0\"><b data-path-to-node=\"2,0,0\" data-index-in-node=\"0\">Dvojna kapaciteta:<\/b> Dvojno \u0161iroka pomivalna komora lahko sprejme 2 ko\u0161ari ali ve\u010dje posode.<\/p>\n<\/li>\n<li>\n<p data-path-to-node=\"2,1,0\"><b data-path-to-node=\"2,1,0\" data-index-in-node=\"0\">Upravljanje VISIOTRONIC-TOUCH:<\/b> Barvni zaslon na dotik (prikazuje besedilo in grafiko) v kombinaciji z upravljanjem z enim gumbom in prikazom preostalega \u010dasa cikla.<\/p>\n<\/li>\n<li>\n<p data-path-to-node=\"2,2,0\"><b data-path-to-node=\"2,2,0\" data-index-in-node=\"0\">Aplikacija SmartConnect:<\/b> Upravljajte postopek pomivanja s pametno tehnologijo: spremljanje statusa in sporo\u010dil, uporabe, obratovalnih stro\u0161kov, higiene in servisa.<\/p>\n<\/li>\n<li>\n<p data-path-to-node=\"2,3,0\"><b data-path-to-node=\"2,3,0\" data-index-in-node=\"0\">Upravljanje virov SENSO-ACTIVE:<\/b> Nenehno meri kakovost vode za pomivanje in zagotavlja, da je poraba vode pri vsakem izpiranju minimalna.<\/p>\n<\/li>\n<li>\n<p data-path-to-node=\"2,4,0\"><b data-path-to-node=\"2,4,0\" data-index-in-node=\"0\">Popolnoma zaprta havba:<\/b> Zahvaljujo\u010d popolnoma zaprti havbi vro\u010da odpadna para ostane v sistemu in se ne spro\u0161\u010da v prostor. S tem se manj obremenjuje klima v prostoru in prepre\u010duje izguba energije.<\/p>\n<\/li>\n<li>\n<p data-path-to-node=\"2,5,0\"><b data-path-to-node=\"2,5,0\" data-index-in-node=\"0\">Samo\u010distilni sistem pomivanja:<\/b> Kombiniran sistem za pomivanje in izpiranje vklju\u010duje inovativno funkcijo samo\u010di\u0161\u010denja pomivalnih rok med vsakim ciklom. To prihrani \u010das in zagotavlja brezhibne rezultate \u010di\u0161\u010denja.<\/p>\n<\/li>\n<li>\n<p data-path-to-node=\"2,6,0\"><b data-path-to-node=\"2,6,0\" data-index-in-node=\"0\">Sistem CLIP-IN:<\/b> Enostavna odstranitev pomivalnih in izpiralnih rok brez uporabe orodja.<\/p>\n<\/li>\n<li>\n<p data-path-to-node=\"2,7,0\"><b data-path-to-node=\"2,7,0\" data-index-in-node=\"0\">Sistem finih filtrov GENIUS-X\u00b2:<\/b> Napreden filtrirni sistem s funkcijo predpomivanja zmanj\u0161uje porabo detergenta.<\/p>\n<\/li>\n<li>\n<p data-path-to-node=\"5,0,0\"><b data-path-to-node=\"5,0,0\" data-index-in-node=\"0\">VAPOSTOP ER (opcijsko):<\/b> Rekuperacija toplote iz odpadnega zraka zmanj\u0161uje celotno porabo energije. Prepre\u010duje uhajanje pare iz stroja, ko se havba odpre.<\/p>\n<\/li>\n<li>\n<p data-path-to-node=\"5,1,0\"><b data-path-to-node=\"5,1,0\" data-index-in-node=\"0\">Rekuperacija toplote iz odpadne vode (opcijsko):<\/b> Energija iz odpadne vode s temperaturo 60 \u00b0C se porabi za segrevanje sve\u017ee vode, kar zmanj\u0161uje skupno porabo energije.<\/p>\n<\/li>\n<li>\n<p data-path-to-node=\"5,2,0\"><b data-path-to-node=\"5,2,0\" data-index-in-node=\"0\">Blokada sita:<\/b> Prepre\u010duje delovanje stroja brez name\u0161\u010denega sita v rezervoarju.<\/p>\n<\/li>\n<li>\n<p data-path-to-node=\"5,3,0\"><b data-path-to-node=\"5,3,0\" data-index-in-node=\"0\">Opcijski signal za polnjenje:<\/b> Nadzoruje nivo vsebine v zunanjih in vgrajenih posodah za kemikalije.<\/p>\n<\/li>\n<li>\n<p data-path-to-node=\"5,4,0\"><b data-path-to-node=\"5,4,0\" data-index-in-node=\"0\">Koncept EASY-CLEAN:<\/b> Modre oznake v stroju pomagajo upravljavcu prepoznati komponente, ki jih je treba o\u010distiti.<\/p>\n<\/li>\n<li>\n<p data-path-to-node=\"5,5,0\"><b data-path-to-node=\"5,5,0\" data-index-in-node=\"0\">Thermolabel 71 \u00b0C:<\/b> Privzeto nastavitev temperature po evropskem standardu DIN lahko upravljavec preklopi na vi\u0161jo nastavitev \"Thermolabel\".<\/p>\n<\/li>\n<\/ul>\n","protected":false},"excerpt":{"rendered":"<p>Dvojni notranji prostor za dvojno zmogljivost: Z dvojnim ko\u0161arnim pomivalnim strojem PROFI s pokrovom je mogo\u010de hkrati pomivati dve ko\u0161ari.<\/p>\n","protected":false},"featured_media":87533,"comment_status":"closed","ping_status":"closed","template":"","meta":{"_acf_changed":false},"product_brand":[985],"product_cat":[87],"product_tag":[],"class_list":{"0":"post-87859","1":"product","2":"type-product","3":"status-publish","4":"has-post-thumbnail","6":"product_brand-hobart","7":"product_cat-haubni-pomivalni-stroji","9":"first","10":"outofstock","11":"shipping-taxable","12":"purchasable","13":"product-type-simple"},"acf":[],"_links":{"self":[{"href":"https:\/\/go-st.vizia.si\/index.php?rest_route=\/wp\/v2\/product\/87859","targetHints":{"allow":["GET"]}}],"collection":[{"href":"https:\/\/go-st.vizia.si\/index.php?rest_route=\/wp\/v2\/product"}],"about":[{"href":"https:\/\/go-st.vizia.si\/index.php?rest_route=\/wp\/v2\/types\/product"}],"replies":[{"embeddable":true,"href":"https:\/\/go-st.vizia.si\/index.php?rest_route=%2Fwp%2Fv2%2Fcomments&post=87859"}],"wp:featuredmedia":[{"embeddable":true,"href":"https:\/\/go-st.vizia.si\/index.php?rest_route=\/wp\/v2\/media\/87533"}],"wp:attachment":[{"href":"https:\/\/go-st.vizia.si\/index.php?rest_route=%2Fwp%2Fv2%2Fmedia&parent=87859"}],"wp:term":[{"taxonomy":"product_brand","embeddable":true,"href":"https:\/\/go-st.vizia.si\/index.php?rest_route=%2Fwp%2Fv2%2Fproduct_brand&post=87859"},{"taxonomy":"product_cat","embeddable":true,"href":"https:\/\/go-st.vizia.si\/index.php?rest_route=%2Fwp%2Fv2%2Fproduct_cat&post=87859"},{"taxonomy":"product_tag","embeddable":true,"href":"https:\/\/go-st.vizia.si\/index.php?rest_route=%2Fwp%2Fv2%2Fproduct_tag&post=87859"}],"curies":[{"name":"wp","href":"https:\/\/api.w.org\/{rel}","templated":true}]}}