{"id":87870,"date":"2026-02-05T17:47:19","date_gmt":"2026-02-05T17:47:19","guid":{"rendered":"https:\/\/go-st.vizia.si\/?post_type=product&#038;p=87870"},"modified":"2026-05-03T19:52:04","modified_gmt":"2026-05-03T19:52:04","slug":"profi-fx","status":"publish","type":"product","link":"https:\/\/go-st.vizia.si\/?product=profi-fx","title":{"rendered":"PODPULTNI POMIVALNI STROJ ZA POSODO PROFI FX"},"content":{"rendered":"<ul>\n<li>Steklo sprednjih vrat in pomivalni stroj z opcijskim sistemom dvojnih ko\u0161ar<\/li>\n<li>Nazivna zmogljivost do 40 ko\u0161ar\/h ali 720 kro\u017enikov\/h ali 1440 kozarcev\/h<\/li>\n<li>Nazivna zmogljivost z dvojno ko\u0161aro: do 80 ko\u0161ar\/h (40 ko\u0161ar za kro\u017enike + 40 ko\u0161ar za kozarce\/skodelice)<\/li>\n<li>7 avtomatskih ciklov: kratki, standardni, menjava vode X, odstranjevanje \u0161kroba, trajni, higiena, E-save<\/li>\n<li>Avtomatski program samo\u010di\u0161\u010denja<\/li>\n<li>Gladka uravnote\u017eena vrata z mehanizmom za zapiranje<\/li>\n<li>Pripravljeno za namestitev - popolnoma opremljeno: cev za polnjenje\/praznjenje, napajalni kabel (priklju\u010dek 400 V), dozator detergenta, dozator sredstva za lesk, \u010drpalka za izpiranje, \u010drpalka za pralnjenje, \u010drpalka za pralnjenje, zapora za povratni tok<\/li>\n<li>Rezervoar, okvir in plo\u0161\u010de so iz nerjave\u010dega jekla 1.4301<\/li>\n<li>Vgrajen modul WiFi<\/li>\n<li>1 ko\u0161ara za kro\u017enike P-18-12<\/li>\n<li>1 univerzalna ko\u0161ara B-00-07<\/li>\n<li>1 stojalo za jedilni pribor s 4 predali 01-246175-1<\/li>\n<\/ul>\n<h3 data-path-to-node=\"1\"><\/h3>\n<ul data-path-to-node=\"2\">\n<li>\n<p data-path-to-node=\"2,0,0\"><b data-path-to-node=\"2,0,0\" data-index-in-node=\"0\">Opcijski sistem CUTLERY PREMIUM:<\/b> Inovativen sistem zagotavlja \u010dist in sijajen pribor brez potrebe po poliranju. Stroj program izbere samodejno.<\/p>\n<\/li>\n<li>\n<p data-path-to-node=\"2,1,0\"><b data-path-to-node=\"2,1,0\" data-index-in-node=\"0\">Upravljanje VISIOTRONIC-TOUCH:<\/b> Barvni zaslon na dotik (prikaz besedila in grafike) v kombinaciji z upravljanjem prek ene tipke in prikazom preostalega \u010dasa cikla.<\/p>\n<\/li>\n<li>\n<p data-path-to-node=\"2,2,0\"><b data-path-to-node=\"2,2,0\" data-index-in-node=\"0\">Samo\u010distilni pralni sistem:<\/b> Kombiniran sistem pranja in izpiranja vklju\u010duje inovativno samo\u010di\u0161\u010denje pralnih rok ob vsakem ciklu. To prihrani \u010das in zagotavlja optimalne rezultate \u010di\u0161\u010denja.<\/p>\n<\/li>\n<li>\n<p data-path-to-node=\"2,3,0\"><b data-path-to-node=\"2,3,0\" data-index-in-node=\"0\">Aplikacija SmartConnect:<\/b> Upravljanje pomivanja s pametno tehnologijo: pregled statusa in sporo\u010dil, uporabe in stro\u0161kov obratovanja, higiene ter servisnih informacij.<\/p>\n<\/li>\n<li>\n<p data-path-to-node=\"2,4,0\"><b data-path-to-node=\"2,4,0\" data-index-in-node=\"0\">Upravljanje virov SENSO-ACTIVE:<\/b> Stalno meri kakovost pomivalne vode in ohranja koli\u010dino vode, potrebno za izpiranje, na absolutnem minimumu.<\/p>\n<\/li>\n<li>\n<p data-path-to-node=\"2,5,0\"><b data-path-to-node=\"2,5,0\" data-index-in-node=\"0\">Opcijski sistem dvojnih ko\u0161ar 2IN1:<\/b> V enem ciklu lahko pomijete dve ko\u0161ari hkrati. Zahvaljujo\u010d optimalni izrabi celotne pralnice se zmogljivost stroja podvoji.<\/p>\n<\/li>\n<li>\n<p data-path-to-node=\"2,6,0\"><b data-path-to-node=\"2,6,0\" data-index-in-node=\"0\">Sistem pranja in izpiranja CLIP-IN:<\/b> Omogo\u010da enostavno odstranitev pralnih rok brez uporabe orodja.<\/p>\n<\/li>\n<li>\n<p data-path-to-node=\"2,7,0\"><b data-path-to-node=\"2,7,0\" data-index-in-node=\"0\">Inteligentna dokumentacija podatkov:<\/b> Samodejno bele\u017eenje pomembnih operativnih podatkov in porabe ter prikaz na zaslonu.<\/p>\n<\/li>\n<li>\n<p data-path-to-node=\"2,8,0\"><b data-path-to-node=\"2,8,0\" data-index-in-node=\"0\">USB-vmesnik:<\/b> Priro\u010den prenos operativnih podatkov v obliki protokola prek USB-klju\u010da.<\/p>\n<\/li>\n<li>\n<p data-path-to-node=\"2,9,0\"><b data-path-to-node=\"2,9,0\" data-index-in-node=\"0\">Sistem finega filtriranja GENIUS-X\u00b2:<\/b> Napreden filtrirni sistem s funkcijo predpomivanja zmanj\u0161a porabo detergenta.<\/p>\n<\/li>\n<li>\n<p data-path-to-node=\"2,10,0\"><b data-path-to-node=\"2,10,0\" data-index-in-node=\"0\">Blokada sita:<\/b> Prepre\u010duje delovanje stroja brez name\u0161\u010denega sita rezervoarja.<\/p>\n<\/li>\n<li>\n<p data-path-to-node=\"2,11,0\"><b data-path-to-node=\"2,11,0\" data-index-in-node=\"0\">Opcijski signal za polnjenje:<\/b> Nadzoruje nivo vsebine v zunanjih in integriranih posodah za kemikalije.<\/p>\n<\/li>\n<li>\n<p data-path-to-node=\"2,12,0\"><b data-path-to-node=\"2,12,0\" data-index-in-node=\"0\">Higienski program:<\/b> (V kombinaciji s tableto Hygiene-Tab INTENSIV) za odstranjevanje vodnega kamna in drugih usedlin iz notranjosti stroja.<\/p>\n<\/li>\n<li>\n<p data-path-to-node=\"2,13,0\"><b data-path-to-node=\"2,13,0\" data-index-in-node=\"0\">Thermolabel 71 \u00b0C:<\/b> Privzeto nastavitev temperature v skladu z evropskim standardom DIN lahko upravljalec preklopi na vi\u0161jo nastavitev \"Thermolabel\".<\/p>\n<\/li>\n<\/ul>\n","protected":false},"excerpt":{"rendered":"<p>Model PROFI za zanesljivo in enostavno pomivanje posode, jedilnega pribora in kozarcev. Idealen za uporabo v restavracijah, bistrojih in kavarnah.<\/p>\n","protected":false},"featured_media":87585,"comment_status":"closed","ping_status":"closed","template":"","meta":{"_acf_changed":false},"product_brand":[985],"product_cat":[86],"product_tag":[],"class_list":{"0":"post-87870","1":"product","2":"type-product","3":"status-publish","4":"has-post-thumbnail","6":"product_brand-hobart","7":"product_cat-podpultni-pomivalni-stroji-za-posodo","9":"first","10":"outofstock","11":"shipping-taxable","12":"purchasable","13":"product-type-variable"},"acf":[],"_links":{"self":[{"href":"https:\/\/go-st.vizia.si\/index.php?rest_route=\/wp\/v2\/product\/87870","targetHints":{"allow":["GET"]}}],"collection":[{"href":"https:\/\/go-st.vizia.si\/index.php?rest_route=\/wp\/v2\/product"}],"about":[{"href":"https:\/\/go-st.vizia.si\/index.php?rest_route=\/wp\/v2\/types\/product"}],"replies":[{"embeddable":true,"href":"https:\/\/go-st.vizia.si\/index.php?rest_route=%2Fwp%2Fv2%2Fcomments&post=87870"}],"wp:featuredmedia":[{"embeddable":true,"href":"https:\/\/go-st.vizia.si\/index.php?rest_route=\/wp\/v2\/media\/87585"}],"wp:attachment":[{"href":"https:\/\/go-st.vizia.si\/index.php?rest_route=%2Fwp%2Fv2%2Fmedia&parent=87870"}],"wp:term":[{"taxonomy":"product_brand","embeddable":true,"href":"https:\/\/go-st.vizia.si\/index.php?rest_route=%2Fwp%2Fv2%2Fproduct_brand&post=87870"},{"taxonomy":"product_cat","embeddable":true,"href":"https:\/\/go-st.vizia.si\/index.php?rest_route=%2Fwp%2Fv2%2Fproduct_cat&post=87870"},{"taxonomy":"product_tag","embeddable":true,"href":"https:\/\/go-st.vizia.si\/index.php?rest_route=%2Fwp%2Fv2%2Fproduct_tag&post=87870"}],"curies":[{"name":"wp","href":"https:\/\/api.w.org\/{rel}","templated":true}]}}