{"id":87883,"date":"2026-02-05T17:47:20","date_gmt":"2026-02-05T17:47:20","guid":{"rendered":"https:\/\/go-st.vizia.si\/?product=care"},"modified":"2026-02-12T15:11:27","modified_gmt":"2026-02-12T15:11:27","slug":"care","status":"publish","type":"product","link":"https:\/\/go-st.vizia.si\/?product=care","title":{"rendered":"care"},"content":{"rendered":"<ul>\n<li><strong>Hitrost<\/strong>: 95 % HITREJ\u0160I od gospodinjskega pomivalnega stroja. Medtem ko gospodinjski pomivalni stroj pomije v 60 minutah, je pomivalni stroj Care pripravljen v 3 minutah.<br \/> &nbsp;<\/li>\n<li><strong>\u0160\u010diti lesene kuhinje<\/strong>: Linija Care je bila razvita posebej za vgradnjo v lesene kuhinje. Na\u0161a tehnologija VAPOSTOP prepre\u010duje uhajanje pare in \u0161\u010diti va\u0161e leseno pohi\u0161tvo pred vlago.<br \/> &nbsp;<\/li>\n<li><strong>Obratovalni stro\u0161ki<\/strong>: Z uporabo najsodobnej\u0161ih filtrirnih sistemov iz profesionalne gostinske industrije Care prihrani vodo, energijo za ogrevanje in \u010distila. Prihranite ve\u010d kot 70 % obratovalnih stro\u0161kov.<br \/> &nbsp;<\/li>\n<li><strong>Zmogljivost<\/strong>: DVOJNO ve\u010d ko\u0161ar kot va\u0161 prej\u0161nji pomivalni stroj: Kombinacija mo\u010dnih grelnih elementov in pomivalnih \u010drpalk, ki jih najdemo le v profesionalni gostinski industriji, omogo\u010da, da pomiva ve\u010d kot 80 ko\u0161ar na dan.<br \/> &nbsp;<\/li>\n<li><strong>Varno odmerjanje<\/strong>: Sami se odlo\u010dite, katera kemikalija je za vas najbolj\u0161a. Naj bo to kot tableta ali kot teko\u010di detergent v integriranem rezervoarju za kemikalije. 1-litrska steklenica omogo\u010da enostavno polnjenje.<br \/> &nbsp;<\/li>\n<li><strong>Najvi\u0161ja higiena<\/strong>: Visoke temperature in vro\u010da para zagotavljajo popolno higieno in zelo visoko stopnjo dezinfekcije (vrednost A0 60 v skladu z EN ISO 15883) v pomivalnem stroju.<br \/> &nbsp;<\/li>\n<li><strong>Aplikacija SmartConnect<\/strong>: nova aplikacija SmartConnect vam brezpla\u010dno 5 let ponuja celovit pregled stanja va\u0161ega pomivalnega stroja.<\/li>\n<\/ul>\n","protected":false},"excerpt":{"rendered":"<p>Pomivalni stroj za nego je bil zasnovan za posebne zahteve negovalnih ustanov. To pomeni higiensko \u010disto\u010do v samo petih minutah.<\/p>\n","protected":false},"featured_media":87543,"comment_status":"closed","ping_status":"closed","template":"","meta":{"_acf_changed":false},"product_brand":[985],"product_cat":[86],"product_tag":[],"class_list":{"0":"post-87883","1":"product","2":"type-product","3":"status-publish","4":"has-post-thumbnail","6":"product_brand-hobart","7":"product_cat-podpultni-pomivalni-stroji-za-posodo","9":"first","10":"outofstock","11":"shipping-taxable","12":"purchasable","13":"product-type-simple"},"acf":[],"_links":{"self":[{"href":"https:\/\/go-st.vizia.si\/index.php?rest_route=\/wp\/v2\/product\/87883","targetHints":{"allow":["GET"]}}],"collection":[{"href":"https:\/\/go-st.vizia.si\/index.php?rest_route=\/wp\/v2\/product"}],"about":[{"href":"https:\/\/go-st.vizia.si\/index.php?rest_route=\/wp\/v2\/types\/product"}],"replies":[{"embeddable":true,"href":"https:\/\/go-st.vizia.si\/index.php?rest_route=%2Fwp%2Fv2%2Fcomments&post=87883"}],"wp:featuredmedia":[{"embeddable":true,"href":"https:\/\/go-st.vizia.si\/index.php?rest_route=\/wp\/v2\/media\/87543"}],"wp:attachment":[{"href":"https:\/\/go-st.vizia.si\/index.php?rest_route=%2Fwp%2Fv2%2Fmedia&parent=87883"}],"wp:term":[{"taxonomy":"product_brand","embeddable":true,"href":"https:\/\/go-st.vizia.si\/index.php?rest_route=%2Fwp%2Fv2%2Fproduct_brand&post=87883"},{"taxonomy":"product_cat","embeddable":true,"href":"https:\/\/go-st.vizia.si\/index.php?rest_route=%2Fwp%2Fv2%2Fproduct_cat&post=87883"},{"taxonomy":"product_tag","embeddable":true,"href":"https:\/\/go-st.vizia.si\/index.php?rest_route=%2Fwp%2Fv2%2Fproduct_tag&post=87883"}],"curies":[{"name":"wp","href":"https:\/\/api.w.org\/{rel}","templated":true}]}}