{"id":87895,"date":"2026-02-05T17:47:21","date_gmt":"2026-02-05T17:47:21","guid":{"rendered":"https:\/\/go-st.vizia.si\/?post_type=product&#038;p=87895"},"modified":"2026-04-13T08:12:02","modified_gmt":"2026-04-13T08:12:02","slug":"profi-gx","status":"publish","type":"product","link":"https:\/\/go-st.vizia.si\/?product=profi-gx","title":{"rendered":"PODPULTNI POMIVALNI STROJ ZA KOZARCE HOBART PROFI GX"},"content":{"rendered":"<ul>\n<li>Pomivalni stroj za kozarce s sprednjimi vrati in opcijskim sistemom dvojnih ko\u0161ar<\/li>\n<li>Nazivna zmogljivost do 60 ko\u0161ar\/h ali 2160 kozarcev\/h<\/li>\n<li>Nazivna zmogljivost z dvojnimi ko\u0161arami: do 120 ko\u0161ar\/h<\/li>\n<li>7 avtomatskih ciklov: Kratek, Standardni, Intenzivni, Hladno izpiranje, Osnovno \u010di\u0161\u010denje, Higiena, E-var\u010devanje<\/li>\n<li>Avtomatski program samo\u010di\u0161\u010denja<\/li>\n<li>Gladka uravnote\u017eena vrata z mehanizmom za zapiranje<\/li>\n<li>Ve\u010d nastavitev: enostavno preklapljanje med 400 V in 230 V na mestu<\/li>\n<li>Pripravljen za namestitev - popolnoma opremljen: cev za polnjenje\/praznjenje, napajalni kabel (priklju\u010dek 400 V), dozator detergenta, dozator sredstva za lesk, \u010drpalka za izpiranje, \u010drpalka za odvajanje, zapora za povratni tok<\/li>\n<li>Vgrajen modul WiFi<\/li>\n<li>Rezervoar, okvir, roka za izpiranje in plo\u0161\u010de so iz nerjave\u010dega jekla 1.4301<\/li>\n<li>1 ko\u0161ara za kozarce 303171: 500 x 470 mm<\/li>\n<\/ul>\n<p>&nbsp;<\/p>\n<p>&nbsp;<\/p>\n<ul>\n<li><strong>Samo\u010distilni sistem pomivanja:<\/strong> Kombiniran sistem pomivanja in izpiranja s funkcijo inovativnega samo\u010di\u0161\u010denja pomivalnih rok ob vsakem ciklu<\/li>\n<li><strong>Upravljanje VISIOTRONIC-TOUCH:<\/strong> Barvni zaslon na dotik (besedilo in grafika) z enogumbnim upravljanjem in prikazom preostalega \u010dasa<\/li>\n<li><strong>Aplikacija SmartConnect:<\/strong> Nadzor nad delovanjem naprave s pametno tehnologijo (status, stro\u0161ki, higiena, servis)<\/li>\n<li><strong>Upravljanje virov SENSO-ACTIVE:<\/strong> Stalno merjenje kakovosti vode in optimizacija porabe vode za izpiranje na minimum<\/li>\n<li><strong>Sistem CLIP-IN:<\/strong> Enostavno odstranjevanje pomivalnih in izpiralnih rok brez uporabe orodja<\/li>\n<li><strong>Inteligentna dokumentacija podatkov:<\/strong> Samodejno bele\u017eenje in prikaz obratovalnih podatkov ter porabe na zaslonu<\/li>\n<li><strong>USB-vmesnik:<\/strong> Preprost prenos obratovalnih podatkov v obliki protokola prek USB povezave<\/li>\n<li><strong>Sistem finega filtriranja GENIUS-X\u00b2:<\/strong> Napreden filtrirni sistem s funkcijo predpomivanja, ki zmanj\u0161uje porabo detergenta<\/li>\n<li><strong>Hladno izpiranje:<\/strong> Mo\u017enost preklopa iz vro\u010dega na hladno izpiranje za takoj\u0161njo uporabo ohlajenih kozarcev<\/li>\n<li><strong>Intenzivni program:<\/strong> Poseben cikel s pove\u010dano koli\u010dino sve\u017ee vode za zahtevnej\u0161e oblike kozarcev<\/li>\n<li><strong>Varovalo sita:<\/strong> Varnostni mehanizem, ki prepre\u010duje delovanje stroja brez name\u0161\u010denega sita v rezervoarju<\/li>\n<li><strong>Opcijski signal za polnjenje:<\/strong> Nadzor nivoja kemikalij v zunanjih ali vgrajenih vsebnikih<\/li>\n<li><strong>Higienski program:<\/strong> Odstranjevanje vodnega kamna in usedlin v kombinaciji s tableto Hygiene-Tab INTENSIV<\/li>\n<li><strong>Thermolabel 71 \u00b0C:<\/strong> Mo\u017enost preklopa privzete temperature na vi\u0161jo nastavitev za termi\u010dno dezinfekcijo<\/li>\n<\/ul>\n","protected":false},"excerpt":{"rendered":"<p><span data-mce-type=\"bookmark\" style=\"display: inline-block;width: 0px;overflow: hidden;line-height: 0\" class=\"mce_SELRES_start\">\ufeff<\/span>Veliki PROFI model za bare, restavracije in hotele z velikimi koli\u010dinami pomivanja. Velikost ko\u0161ar 500 x 500 mm, vi\u0161ina vgradnje 825 mm.<\/p>\n","protected":false},"featured_media":87585,"comment_status":"closed","ping_status":"closed","template":"","meta":{"_acf_changed":false},"product_brand":[985],"product_cat":[85],"product_tag":[],"class_list":{"0":"post-87895","1":"product","2":"type-product","3":"status-publish","4":"has-post-thumbnail","6":"product_brand-hobart","7":"product_cat-podpultni-pomivalni-stroji-za-kozarce","9":"first","10":"outofstock","11":"shipping-taxable","12":"purchasable","13":"product-type-variable"},"acf":[],"_links":{"self":[{"href":"https:\/\/go-st.vizia.si\/index.php?rest_route=\/wp\/v2\/product\/87895","targetHints":{"allow":["GET"]}}],"collection":[{"href":"https:\/\/go-st.vizia.si\/index.php?rest_route=\/wp\/v2\/product"}],"about":[{"href":"https:\/\/go-st.vizia.si\/index.php?rest_route=\/wp\/v2\/types\/product"}],"replies":[{"embeddable":true,"href":"https:\/\/go-st.vizia.si\/index.php?rest_route=%2Fwp%2Fv2%2Fcomments&post=87895"}],"wp:featuredmedia":[{"embeddable":true,"href":"https:\/\/go-st.vizia.si\/index.php?rest_route=\/wp\/v2\/media\/87585"}],"wp:attachment":[{"href":"https:\/\/go-st.vizia.si\/index.php?rest_route=%2Fwp%2Fv2%2Fmedia&parent=87895"}],"wp:term":[{"taxonomy":"product_brand","embeddable":true,"href":"https:\/\/go-st.vizia.si\/index.php?rest_route=%2Fwp%2Fv2%2Fproduct_brand&post=87895"},{"taxonomy":"product_cat","embeddable":true,"href":"https:\/\/go-st.vizia.si\/index.php?rest_route=%2Fwp%2Fv2%2Fproduct_cat&post=87895"},{"taxonomy":"product_tag","embeddable":true,"href":"https:\/\/go-st.vizia.si\/index.php?rest_route=%2Fwp%2Fv2%2Fproduct_tag&post=87895"}],"curies":[{"name":"wp","href":"https:\/\/api.w.org\/{rel}","templated":true}]}}