{"id":87896,"date":"2026-02-05T17:47:21","date_gmt":"2026-02-05T17:47:21","guid":{"rendered":"https:\/\/go-st.vizia.si\/?post_type=product&#038;p=87896"},"modified":"2026-04-21T16:19:36","modified_gmt":"2026-04-21T16:19:36","slug":"profi-gxc","status":"publish","type":"product","link":"https:\/\/go-st.vizia.si\/?product=profi-gxc","title":{"rendered":"PODPULTNI POMIVALNI STROJ ZA KOZARCE HOBART PROFI GXC"},"content":{"rendered":"<ul>\n<li>Kompaktni pomivalni stroj za kozarce z nizkimi sprednjimi vrati<\/li>\n<li>Nazivna zmogljivost do 60 ko\u0161ar\/h ali 2160 kozarcev\/h<\/li>\n<li>7 avtomatskih ciklov: kratek, standardni, intenzivno izpiranje, izpiranje s hladno vodo, osnovno \u010di\u0161\u010denje, higiena, E-save<\/li>\n<li>Avtomatski program samo\u010di\u0161\u010denja<\/li>\n<li>Gladka uravnote\u017eena vrata z mehanizmom za zapiranje<\/li>\n<li>Vgrajen modul WiFi<\/li>\n<li>Ve\u010d nastavitev: enostavno preklapljanje med 400 V in 230 V na mestu uporabe<\/li>\n<li>Pripravljen za namestitev - popolnoma opremljen: cev za polnjenje\/praznjenje, napajalni kabel (priklju\u010dek 400 V), dozator detergenta, dozator sredstva za lesk, \u010drpalka za izpiranje, \u010drpalka za odvajanje, protipovratni ventil<\/li>\n<li>Rezervoar, okvir, roka za izpiranje in plo\u0161\u010de so iz nerjave\u010dega jekla 1.4301<\/li>\n<li>1 ko\u0161ara za kozarce 378814: 500 x 500 mm<\/li>\n<\/ul>\n<p>&nbsp;<\/p>\n<div id=\"model-response-message-contentr_5a04c604dd54e506\" class=\"markdown markdown-main-panel enable-updated-hr-color\" dir=\"ltr\" aria-live=\"polite\">\n<ul data-path-to-node=\"2\">\n<li>\n<p data-path-to-node=\"2,0,0\"><b data-path-to-node=\"2,0,0\" data-index-in-node=\"0\">Kompaktna vgradnja:<\/b> Vi\u0161ina le <b data-path-to-node=\"2,0,0\" data-index-in-node=\"30\">705 mm<\/b> ali <b data-path-to-node=\"2,0,0\" data-index-in-node=\"41\">820 mm<\/b> z integrirano reverzno osmozo.<\/p>\n<\/li>\n<li>\n<p data-path-to-node=\"2,1,0\"><b data-path-to-node=\"2,1,0\" data-index-in-node=\"0\">Samo\u010distilni sistem pomivanja:<\/b> Kombiniran sistem za pomivanje in izpiranje vklju\u010duje inovativno samo\u010di\u0161\u010denje pomivalnih rok med vsakim ciklom. To prihrani \u010das in zagotavlja optimalne rezultate \u010di\u0161\u010denja.<\/p>\n<\/li>\n<li>\n<p data-path-to-node=\"2,2,0\"><b data-path-to-node=\"2,2,0\" data-index-in-node=\"0\">Upravljanje VISIOTRONIC-TOUCH:<\/b> Barvni zaslon na dotik (prikaz besedila in grafike) v povezavi z upravljanjem z enim gumbom in prikazom preostalega \u010dasa cikla.<\/p>\n<\/li>\n<li>\n<p data-path-to-node=\"2,3,0\"><b data-path-to-node=\"2,3,0\" data-index-in-node=\"0\">Aplikacija SmartConnect:<\/b> Upravljanje pomivanja s pametno tehnologijo: pregled statusa in sporo\u010dil, uporaba in obratovalni stro\u0161ki, higiena ter servis.<\/p>\n<\/li>\n<li>\n<p data-path-to-node=\"2,4,0\"><b data-path-to-node=\"2,4,0\" data-index-in-node=\"0\">Upravljanje virov SENSO-ACTIVE:<\/b> Nenehno meri kakovost vode za pomivanje in zmanj\u0161a koli\u010dino vode, potrebno za izpiranje v vsakem ciklu, na minimum.<\/p>\n<\/li>\n<li>\n<p data-path-to-node=\"2,5,0\"><b data-path-to-node=\"2,5,0\" data-index-in-node=\"0\">Sistem pomivanja in izpiranja CLIP-IN:<\/b> Enostavno odstranjevanje rok brez uporabe orodja.<\/p>\n<\/li>\n<li>\n<p data-path-to-node=\"2,6,0\"><b data-path-to-node=\"2,6,0\" data-index-in-node=\"0\">Inteligentna dokumentacija podatkov:<\/b> Samodejno bele\u017eenje pomembnih obratovalnih podatkov in porabe ter prikaz na zaslonu.<\/p>\n<\/li>\n<li>\n<p data-path-to-node=\"2,7,0\"><b data-path-to-node=\"2,7,0\" data-index-in-node=\"0\">USB-vmesnik:<\/b> Preprosto prena\u0161anje obratovalnih podatkov v obliki protokola prek USB-klju\u010dka.<\/p>\n<\/li>\n<li>\n<p data-path-to-node=\"2,8,0\"><b data-path-to-node=\"2,8,0\" data-index-in-node=\"0\">Sistem finega filtriranja GENIUS-X\u00b2:<\/b> Napreden filtrirni sistem s funkcijo predpomivanja zmanj\u0161a porabo detergenta.<\/p>\n<\/li>\n<li>\n<p data-path-to-node=\"2,9,0\"><b data-path-to-node=\"2,9,0\" data-index-in-node=\"0\">Hladno izpiranje:<\/b> Izpiranje se lahko preklopi z vro\u010de na hladno vodo za hitrej\u0161e hlajenje kozarcev.<\/p>\n<\/li>\n<li>\n<p data-path-to-node=\"2,10,0\"><b data-path-to-node=\"2,10,0\" data-index-in-node=\"0\">Intenzivni program:<\/b> Intenzivni cikel izpiranja za pomivanje kozarcev zahtevnej\u0161ih oblik s pove\u010dano koli\u010dino sve\u017ee vode.<\/p>\n<\/li>\n<li>\n<p data-path-to-node=\"2,11,0\"><b data-path-to-node=\"2,11,0\" data-index-in-node=\"0\">Zasko\u010dno sito:<\/b> Prepre\u010duje delovanje stroja brez sita v rezervoarju.<\/p>\n<\/li>\n<li>\n<p data-path-to-node=\"2,12,0\"><b data-path-to-node=\"2,12,0\" data-index-in-node=\"0\">Izbirni signal za polnjenje:<\/b> Nadzoruje nivo vsebine v zunanjih in vgrajenih posodah za kemikalije.<\/p>\n<\/li>\n<li>\n<p data-path-to-node=\"2,13,0\"><b data-path-to-node=\"2,13,0\" data-index-in-node=\"0\">Higienski program:<\/b> (v kombinaciji s tableto <i data-path-to-node=\"2,13,0\" data-index-in-node=\"44\">Hygiene-Tab INTENSIV<\/i>) za odstranjevanje vodnega kamna in drugih usedlin iz pomivalne komore.<\/p>\n<\/li>\n<li>\n<p data-path-to-node=\"2,14,0\"><b data-path-to-node=\"2,14,0\" data-index-in-node=\"0\">Thermolabel 71 \u00b0C:<\/b> Privzeto nastavitev temperature po evropskem standardu DIN lahko uporabnik preklopi na vi\u0161jo nastavitev \"Thermolabel\" (za toplotno dezinfekcijo).<\/p>\n<\/li>\n<\/ul>\n<\/div>\n","protected":false},"excerpt":{"rendered":"<p>Popolna re\u0161itev za velike koli\u010dine pranja, vendar z nizko vi\u0161ino vgradnje pod pultom. Velikost ko\u0161are 500 x 500 mm, kompaktna vi\u0161ina vgradnje 705 mm.<\/p>\n","protected":false},"featured_media":87583,"comment_status":"closed","ping_status":"closed","template":"","meta":{"_acf_changed":false},"product_brand":[985],"product_cat":[85],"product_tag":[],"class_list":{"0":"post-87896","1":"product","2":"type-product","3":"status-publish","4":"has-post-thumbnail","6":"product_brand-hobart","7":"product_cat-podpultni-pomivalni-stroji-za-kozarce","9":"first","10":"outofstock","11":"shipping-taxable","12":"purchasable","13":"product-type-variable"},"acf":[],"_links":{"self":[{"href":"https:\/\/go-st.vizia.si\/index.php?rest_route=\/wp\/v2\/product\/87896","targetHints":{"allow":["GET"]}}],"collection":[{"href":"https:\/\/go-st.vizia.si\/index.php?rest_route=\/wp\/v2\/product"}],"about":[{"href":"https:\/\/go-st.vizia.si\/index.php?rest_route=\/wp\/v2\/types\/product"}],"replies":[{"embeddable":true,"href":"https:\/\/go-st.vizia.si\/index.php?rest_route=%2Fwp%2Fv2%2Fcomments&post=87896"}],"wp:featuredmedia":[{"embeddable":true,"href":"https:\/\/go-st.vizia.si\/index.php?rest_route=\/wp\/v2\/media\/87583"}],"wp:attachment":[{"href":"https:\/\/go-st.vizia.si\/index.php?rest_route=%2Fwp%2Fv2%2Fmedia&parent=87896"}],"wp:term":[{"taxonomy":"product_brand","embeddable":true,"href":"https:\/\/go-st.vizia.si\/index.php?rest_route=%2Fwp%2Fv2%2Fproduct_brand&post=87896"},{"taxonomy":"product_cat","embeddable":true,"href":"https:\/\/go-st.vizia.si\/index.php?rest_route=%2Fwp%2Fv2%2Fproduct_cat&post=87896"},{"taxonomy":"product_tag","embeddable":true,"href":"https:\/\/go-st.vizia.si\/index.php?rest_route=%2Fwp%2Fv2%2Fproduct_tag&post=87896"}],"curies":[{"name":"wp","href":"https:\/\/api.w.org\/{rel}","templated":true}]}}