{"id":87898,"date":"2026-02-05T17:47:21","date_gmt":"2026-02-05T17:47:21","guid":{"rendered":"https:\/\/go-st.vizia.si\/?post_type=product&#038;p=87898"},"modified":"2026-02-12T15:11:32","modified_gmt":"2026-02-12T15:11:32","slug":"h600s","status":"publish","type":"product","link":"https:\/\/go-st.vizia.si\/?product=h600s","title":{"rendered":"H600S"},"content":{"rendered":"<ul>\n<li>4-stopenjski menjalnik, 1. prestava 70 vrt\/min, 2. prestava 123 vrt\/min, 3. prestava 206 vrt\/min, 4. prestava 361 vrt\/min<\/li>\n<li>1 posoda (60 litrov), nerjave\u010de jeklo (00-741349-000)<\/li>\n<li>1 plo\u0161\u010data metlica \u201eB\u201c, aluminijasta (141429-1)<\/li>\n<li>1 kavelj za testo \u201eED\u201c, aluminijasta (141430)<\/li>\n<li>1 metlica za testo \u201eD\u201c z \u017eicami iz nerjave\u010dega jekla (24900-2)<\/li>\n<\/ul>\n<h3 class=\"desc-headings\">Zna\u010dilnosti izdelka<\/h3>\n<ul>\n<li>Zelo odporna razli\u010dica<\/li>\n<li>Osnovni okvir iz nerjave\u010dega jekla<\/li>\n<li>Podstavek iz nerjave\u010dega jekla<\/li>\n<li>Aluminijast nosilec posode<\/li>\n<li>Aluminijasto ohi\u0161je planetarnega sistema<\/li>\n<li>Aluminijasto kolo za dvigovanje posode in vakuumsko oblikovan plasti\u010dni zgornji pokrov<\/li>\n<li>Za\u0161\u010dita posode z zaklepom - prepre\u010duje delovanje, ko posoda ni na mestu<\/li>\n<li>15-minutni \u010dasovnik je standardno vklju\u010den<\/li>\n<li>Enostavno dostopna stikala za zagon\/ustavitev<\/li>\n<li>Trdna za\u0161\u010dita pred prahom - zmanj\u0161uje emisije prahu pri uporabi izdelkov iz moke<\/li>\n<li>Posoda s prostornino 60 litrov<\/li>\n<\/ul>\n","protected":false},"excerpt":{"rendered":"<p>Planetarni me\u0161alnik, talni model, prostornina 60 litrov<\/p>\n","protected":false},"featured_media":87508,"comment_status":"closed","ping_status":"closed","template":"","meta":{"_acf_changed":false},"product_brand":[985],"product_cat":[72],"product_tag":[],"class_list":{"0":"post-87898","1":"product","2":"type-product","3":"status-publish","4":"has-post-thumbnail","6":"product_brand-hobart","7":"product_cat-planetarni-mesalci","9":"first","10":"outofstock","11":"shipping-taxable","12":"purchasable","13":"product-type-variable"},"acf":[],"_links":{"self":[{"href":"https:\/\/go-st.vizia.si\/index.php?rest_route=\/wp\/v2\/product\/87898","targetHints":{"allow":["GET"]}}],"collection":[{"href":"https:\/\/go-st.vizia.si\/index.php?rest_route=\/wp\/v2\/product"}],"about":[{"href":"https:\/\/go-st.vizia.si\/index.php?rest_route=\/wp\/v2\/types\/product"}],"replies":[{"embeddable":true,"href":"https:\/\/go-st.vizia.si\/index.php?rest_route=%2Fwp%2Fv2%2Fcomments&post=87898"}],"wp:featuredmedia":[{"embeddable":true,"href":"https:\/\/go-st.vizia.si\/index.php?rest_route=\/wp\/v2\/media\/87508"}],"wp:attachment":[{"href":"https:\/\/go-st.vizia.si\/index.php?rest_route=%2Fwp%2Fv2%2Fmedia&parent=87898"}],"wp:term":[{"taxonomy":"product_brand","embeddable":true,"href":"https:\/\/go-st.vizia.si\/index.php?rest_route=%2Fwp%2Fv2%2Fproduct_brand&post=87898"},{"taxonomy":"product_cat","embeddable":true,"href":"https:\/\/go-st.vizia.si\/index.php?rest_route=%2Fwp%2Fv2%2Fproduct_cat&post=87898"},{"taxonomy":"product_tag","embeddable":true,"href":"https:\/\/go-st.vizia.si\/index.php?rest_route=%2Fwp%2Fv2%2Fproduct_tag&post=87898"}],"curies":[{"name":"wp","href":"https:\/\/api.w.org\/{rel}","templated":true}]}}