{"id":87920,"date":"2026-02-05T17:47:23","date_gmt":"2026-02-05T17:47:23","guid":{"rendered":"https:\/\/go-st.vizia.si\/?post_type=product&#038;p=87920"},"modified":"2026-02-12T15:11:32","modified_gmt":"2026-02-12T15:11:32","slug":"combi-101","status":"publish","type":"product","link":"https:\/\/go-st.vizia.si\/?product=combi-101","title":{"rendered":"COMBI 101"},"content":{"rendered":"<ul>\n<li>KOMBINIRANI elektri\u010dni ali plinski grelec<\/li>\n<li>10 x 1\/1 GN (razmik med dvema nivojema 67 mm)<\/li>\n<li>6 na\u010dinov kuhanja:\n<ul>\n<li>Konvekcija od 0 do 250 \u00b0C<\/li>\n<li>Nasi\u010dena para do 98 \u00b0C<\/li>\n<li>Kombinirano od 30 do 250 \u00b0C (z nastavljivo vla\u017enostjo od 0 do 100 %)<\/li>\n<li>Nizkotemperaturna para od 30 do 97 \u00b0C<\/li>\n<li>Visokotemperaturna para od 99 do 105 \u00b0C<\/li>\n<li>Regeneracija<\/li>\n<\/ul>\n<\/li>\n<li>Takoj\u0161en dostop do programov kuhanja in mo\u017enost 99 prilagojenih receptov<\/li>\n<li>Vla\u017eilec zraka, funkcija zadr\u017eevanja in samodejno izpiranje med dvema cikloma kuhanja<\/li>\n<li>Hladna na dotik atermi\u010dna dvojna zastekljena vrata s te\u010daji na levi in preprostim zapiranjem na potisni gumb, osvetlitev notranjosti z trak LED diod v vratih<\/li>\n<li>Vrata z levim odpiranjem, nadzorna plo\u0161\u010da na desni strani<\/li>\n<li>Za plinske modele: Zra\u010dni gorilniki iz nerjave\u010dega jekla z avtomatskim v\u017eigom in ionizacijskim nadzorom plamena<\/li>\n<\/ul>\n<h3 class=\"desc-headings\">Zna\u010dilnosti izdelka<\/h3>\n<ul>\n<li><strong>Enotnost<\/strong> procesa kuhanja:\n<ul>\n<li>Nihalni ventilator<\/li>\n<li>Prepustna lo\u010dilna mre\u017ea med ventilatorjem in votlino (za namizne modele)<\/li>\n<li>Z u\u010dinkovitim ventilatorjem<\/li>\n<\/ul>\n<\/li>\n<li><strong>Hitrost<\/strong> procesa kuhanja:\n<ul>\n<li>U\u010dinkovita in hitra proizvodnja pare zaradi najnovej\u0161e tehnologije vbrizgavanja<\/li>\n<li>Hiter temperaturni prehod zaradi odprte re\u0161etke<\/li>\n<li>Hitro hlajenje votline zaradi funkcije ohlajanja<\/li>\n<\/ul>\n<\/li>\n<li><strong>U\u010dinkovit popolnoma samodejni sistem \u010di\u0161\u010denja<\/strong> (neobvezno):\n<ul>\n<li>Popolnoma samodejen, ekonomi\u010den in hiter<\/li>\n<li>Programi:\n<ul>\n<li>1. stopnja: 19 minut<\/li>\n<li>2. stopnja: 27 minut<\/li>\n<li>3. stopnja: 37 minut<\/li>\n<li>Izpiranje: 2 minut<\/li>\n<\/ul>\n<\/li>\n<\/ul>\n<\/li>\n<li><strong>Pre\u010dno polnjenje<\/strong> omogo\u010da enostavno rokovanje, bolj\u0161i pregled in ve\u010djo varnost<\/li>\n<li><strong>VisioPAD<\/strong>: Nadzorna plo\u0161\u010da na dotik, jasna, intuitivna in ergonomska<\/li>\n<li><strong>AirControl<\/strong>: Brezstopenjsko nastavljanje in oscilacijski ventilator<\/li>\n<li><strong>JetControl<\/strong>: Najnovej\u0161a tehnologija vbrizgavanja in hitro hlajenje pe\u010dice<\/li>\n<li><strong>CoreControl<\/strong>: Ustrezna oskrba z energijo glede na potrebo, nastavljeno in dejansko prikazno vrednost<\/li>\n<li><strong>TwinControl<\/strong>: Patentiran sistem, ki podvoji bistvene funkcije pe\u010dice<\/li>\n<li><strong>Razli\u010dica s kotlom<\/strong>: Dodatna integrirana proizvodnja pare z najnovej\u0161o tehnologijo kotla<\/li>\n<\/ul>\n","protected":false},"excerpt":{"rendered":"<p>Elektri\u010dna ali plinska kombinirana parna pe\u010dica s prostornino 10 x 1\/1 GN.<\/p>\n","protected":false},"featured_media":87485,"comment_status":"closed","ping_status":"closed","template":"","meta":{"_acf_changed":false},"product_brand":[985],"product_cat":[17],"product_tag":[],"class_list":{"0":"post-87920","1":"product","2":"type-product","3":"status-publish","4":"has-post-thumbnail","6":"product_brand-hobart","7":"product_cat-parno-konvekcijske-peci","9":"first","10":"outofstock","11":"shipping-taxable","12":"purchasable","13":"product-type-variable"},"acf":[],"_links":{"self":[{"href":"https:\/\/go-st.vizia.si\/index.php?rest_route=\/wp\/v2\/product\/87920","targetHints":{"allow":["GET"]}}],"collection":[{"href":"https:\/\/go-st.vizia.si\/index.php?rest_route=\/wp\/v2\/product"}],"about":[{"href":"https:\/\/go-st.vizia.si\/index.php?rest_route=\/wp\/v2\/types\/product"}],"replies":[{"embeddable":true,"href":"https:\/\/go-st.vizia.si\/index.php?rest_route=%2Fwp%2Fv2%2Fcomments&post=87920"}],"wp:featuredmedia":[{"embeddable":true,"href":"https:\/\/go-st.vizia.si\/index.php?rest_route=\/wp\/v2\/media\/87485"}],"wp:attachment":[{"href":"https:\/\/go-st.vizia.si\/index.php?rest_route=%2Fwp%2Fv2%2Fmedia&parent=87920"}],"wp:term":[{"taxonomy":"product_brand","embeddable":true,"href":"https:\/\/go-st.vizia.si\/index.php?rest_route=%2Fwp%2Fv2%2Fproduct_brand&post=87920"},{"taxonomy":"product_cat","embeddable":true,"href":"https:\/\/go-st.vizia.si\/index.php?rest_route=%2Fwp%2Fv2%2Fproduct_cat&post=87920"},{"taxonomy":"product_tag","embeddable":true,"href":"https:\/\/go-st.vizia.si\/index.php?rest_route=%2Fwp%2Fv2%2Fproduct_tag&post=87920"}],"curies":[{"name":"wp","href":"https:\/\/api.w.org\/{rel}","templated":true}]}}