{"id":87949,"date":"2026-02-05T17:47:26","date_gmt":"2026-02-05T17:47:26","guid":{"rendered":"https:\/\/go-st.vizia.si\/?post_type=product&#038;p=87949"},"modified":"2026-02-12T15:11:33","modified_gmt":"2026-02-12T15:11:33","slug":"hl300","status":"publish","type":"product","link":"https:\/\/go-st.vizia.si\/?product=hl300","title":{"rendered":"HL300"},"content":{"rendered":"<ul>\n<li>3-stopenjski menjalnik: 1. prestava 94 vrt\/min, 2. prestava 174 vrt\/min, 3. prestava 317 vrt\/min in hitrost me\u0161anja 58 vrt\/min<\/li>\n<li>1 posoda (30 kvartov \/ 28 litrov), nerjave\u010de jeklo<\/li>\n<li>1 plo\u0161\u010data metlica \u201eB\u201c, aluminijasta<\/li>\n<li>1 kavelj za testo \u201eED\u201c, aluminijasta<\/li>\n<li>1 metlica za testo \u201eD\u201c z \u017eicami iz nerjave\u010dega jekla<\/li>\n<li>\u017dleb za sestavine, nerjave\u010de jeklo<\/li>\n<\/ul>\n<h3 class=\"desc-headings\">Zna\u010dilnosti izdelka<\/h3>\n<ul>\n<li>15-minutni SmartTimer\u2122<\/li>\n<li>Samodejni priklic \u010dasa<\/li>\n<li>Veliki, lahko dostopni gumbi<\/li>\n<li>Ergonomska posoda, ki se izvle\u010de<\/li>\n<li>Krmilniki Shift-on-the-Fly\u2122<\/li>\n<li>Patentirana tehnologija mehkega zagona me\u0161anja<\/li>\n<li>Enoto\u010dkovna namestitev posode<\/li>\n<li>Ergonomski ro\u010daj za dvigovanje<\/li>\n<li>Pritrdilno pesto \u0161t. 12<\/li>\n<li>Za\u0161\u010dita posode iz nerjave\u010dega jekla (CE)<\/li>\n<li>Kovinsko siva hibridna pra\u0161no lakirana povr\u0161ina<\/li>\n<li>Gumirane podloge za noge<\/li>\n<li>Posoda iz nerjave\u010dega jekla s prostornino 28 litrov (30 kvartov)<\/li>\n<\/ul>\n","protected":false},"excerpt":{"rendered":"<p>Me\u0161alnik Legacy, talni model, prostornina 28 litrov<\/p>\n","protected":false},"featured_media":87512,"comment_status":"closed","ping_status":"closed","template":"","meta":{"_acf_changed":false},"product_brand":[985],"product_cat":[72],"product_tag":[],"class_list":{"0":"post-87949","1":"product","2":"type-product","3":"status-publish","4":"has-post-thumbnail","6":"product_brand-hobart","7":"product_cat-planetarni-mesalci","9":"first","10":"outofstock","11":"shipping-taxable","12":"purchasable","13":"product-type-variable"},"acf":[],"_links":{"self":[{"href":"https:\/\/go-st.vizia.si\/index.php?rest_route=\/wp\/v2\/product\/87949","targetHints":{"allow":["GET"]}}],"collection":[{"href":"https:\/\/go-st.vizia.si\/index.php?rest_route=\/wp\/v2\/product"}],"about":[{"href":"https:\/\/go-st.vizia.si\/index.php?rest_route=\/wp\/v2\/types\/product"}],"replies":[{"embeddable":true,"href":"https:\/\/go-st.vizia.si\/index.php?rest_route=%2Fwp%2Fv2%2Fcomments&post=87949"}],"wp:featuredmedia":[{"embeddable":true,"href":"https:\/\/go-st.vizia.si\/index.php?rest_route=\/wp\/v2\/media\/87512"}],"wp:attachment":[{"href":"https:\/\/go-st.vizia.si\/index.php?rest_route=%2Fwp%2Fv2%2Fmedia&parent=87949"}],"wp:term":[{"taxonomy":"product_brand","embeddable":true,"href":"https:\/\/go-st.vizia.si\/index.php?rest_route=%2Fwp%2Fv2%2Fproduct_brand&post=87949"},{"taxonomy":"product_cat","embeddable":true,"href":"https:\/\/go-st.vizia.si\/index.php?rest_route=%2Fwp%2Fv2%2Fproduct_cat&post=87949"},{"taxonomy":"product_tag","embeddable":true,"href":"https:\/\/go-st.vizia.si\/index.php?rest_route=%2Fwp%2Fv2%2Fproduct_tag&post=87949"}],"curies":[{"name":"wp","href":"https:\/\/api.w.org\/{rel}","templated":true}]}}