{"id":87975,"date":"2026-02-05T17:47:29","date_gmt":"2026-02-05T17:47:29","guid":{"rendered":"https:\/\/go-st.vizia.si\/?product=hl800"},"modified":"2026-02-12T15:11:28","modified_gmt":"2026-02-12T15:11:28","slug":"hl800","status":"publish","type":"product","link":"https:\/\/go-st.vizia.si\/?product=hl800","title":{"rendered":"HL800"},"content":{"rendered":"<ul>\n<li>4-stopenjski menjalnik: 1. prestava 55 vrt\/min, 2. prestava 96 vrt\/min, 3. prestava 183 vrt\/min, 4. prestava 322 vrt\/min in hitrost me\u0161anja 27 vrt\/min<\/li>\n<li>1 posoda (80 kvartov \/ 76 litrov), nerjave\u010de jeklo<\/li>\n<li>1 plo\u0161\u010data metlica \u201eB\u201c, aluminijasta<\/li>\n<li>1 kavelj za testo \u201eED\u201c, aluminijasta<\/li>\n<li>1 metlica za testo \u201eD\u201c z \u017eicami iz nerjave\u010dega jekla<\/li>\n<\/ul>\n<h3 class=\"desc-headings\">Zna\u010dilnosti izdelka<\/h3>\n<ul>\n<li>50-minutni \u010dasovnik SmartTimer\u2122<\/li>\n<li>Ergonomska posoda, ki se izvle\u010de<\/li>\n<li>Krmilniki Shift-on-the-Fly\u2122<\/li>\n<li>Enoto\u010dkovna namestitev posode<\/li>\n<li>Elektri\u010dni dvig posode<\/li>\n<li>Za\u0161\u010dita posode iz nerjave\u010dega jekla (CE)<\/li>\n<li>Gumirane podloge za noge<\/li>\n<li>Posoda iz nerjave\u010dega jekla s prostornino 76 litrov (80 kvartov)<\/li>\n<\/ul>\n","protected":false},"excerpt":{"rendered":"<p>Mo\u010dan me\u0161alnik, talni model, prostornina 80 kvartov (76 litrov)<\/p>\n","protected":false},"featured_media":87515,"comment_status":"closed","ping_status":"closed","template":"","meta":{"_acf_changed":false},"product_brand":[985],"product_cat":[72],"product_tag":[],"class_list":{"0":"post-87975","1":"product","2":"type-product","3":"status-publish","4":"has-post-thumbnail","6":"product_brand-hobart","7":"product_cat-planetarni-mesalci","9":"first","10":"outofstock","11":"shipping-taxable","12":"purchasable","13":"product-type-simple"},"acf":[],"_links":{"self":[{"href":"https:\/\/go-st.vizia.si\/index.php?rest_route=\/wp\/v2\/product\/87975","targetHints":{"allow":["GET"]}}],"collection":[{"href":"https:\/\/go-st.vizia.si\/index.php?rest_route=\/wp\/v2\/product"}],"about":[{"href":"https:\/\/go-st.vizia.si\/index.php?rest_route=\/wp\/v2\/types\/product"}],"replies":[{"embeddable":true,"href":"https:\/\/go-st.vizia.si\/index.php?rest_route=%2Fwp%2Fv2%2Fcomments&post=87975"}],"wp:featuredmedia":[{"embeddable":true,"href":"https:\/\/go-st.vizia.si\/index.php?rest_route=\/wp\/v2\/media\/87515"}],"wp:attachment":[{"href":"https:\/\/go-st.vizia.si\/index.php?rest_route=%2Fwp%2Fv2%2Fmedia&parent=87975"}],"wp:term":[{"taxonomy":"product_brand","embeddable":true,"href":"https:\/\/go-st.vizia.si\/index.php?rest_route=%2Fwp%2Fv2%2Fproduct_brand&post=87975"},{"taxonomy":"product_cat","embeddable":true,"href":"https:\/\/go-st.vizia.si\/index.php?rest_route=%2Fwp%2Fv2%2Fproduct_cat&post=87975"},{"taxonomy":"product_tag","embeddable":true,"href":"https:\/\/go-st.vizia.si\/index.php?rest_route=%2Fwp%2Fv2%2Fproduct_tag&post=87975"}],"curies":[{"name":"wp","href":"https:\/\/api.w.org\/{rel}","templated":true}]}}