{"id":87976,"date":"2026-02-05T17:47:29","date_gmt":"2026-02-05T17:47:29","guid":{"rendered":"https:\/\/go-st.vizia.si\/?product=combi-mini-061"},"modified":"2026-02-12T15:11:29","modified_gmt":"2026-02-12T15:11:29","slug":"combi-mini-061","status":"publish","type":"product","link":"https:\/\/go-st.vizia.si\/?product=combi-mini-061","title":{"rendered":"COMBI-mini 061"},"content":{"rendered":"<ul>\n<li>&nbsp;COMBI-mini elektri\u010dno ogrevana posodica<\/li>\n<li>6 x 1\/1 GN (razmik med dvema nivojema 20 mm) ali 4 x 1\/1 GN (razmik med dvema nivojema 50 mm), skupaj 12 vlo\u017ekov<\/li>\n<li>6 na\u010dinov kuhanja:\n<ul>\n<li>Konvekcija od 0 do 250 \u00b0C<\/li>\n<li>Nasi\u010dena para do 98 \u00b0C<\/li>\n<li>Kombinirano od 30 do 250 \u00b0C (z nastavljivo vla\u017enostjo od 0 do 100 %)<\/li>\n<li>Nizkotemperaturna para od 30 do 97 \u00b0C<\/li>\n<li>Visokotemperaturna para od 99 do 105 \u00b0C<\/li>\n<li>Regeneracija<\/li>\n<\/ul>\n<\/li>\n<li>Takoj\u0161en dostop do programov kuhanja in mo\u017enost 99 prilagojenih receptov<\/li>\n<li>Vla\u017eilec, funkcija zadr\u017eevanja in samodejno izpiranje med dvema cikloma kuhanja<\/li>\n<li>Hladna na dotik atermi\u010dna vrata z dvojno zasteklitvijo, te\u010daji na levi in preprostim zapiranjem na potisek, osvetlitev notranjosti s trakom LED diod v vratih<\/li>\n<\/ul>\n<h3 class=\"desc-headings\">Zna\u010dilnosti izdelka<\/h3>\n<ul>\n<li><strong>Enotnost<\/strong> procesa kuhanja:\n<ul>\n<li>Nihalni ventilator<\/li>\n<li>Prepustna lo\u010dilna mre\u017ea med ventilatorjem in votlino (za namizne modele)<\/li>\n<li>Z u\u010dinkovitim ventilatorjem<\/li>\n<\/ul>\n<\/li>\n<li><strong>Hitrost<\/strong> procesa kuhanja:\n<ul>\n<li>U\u010dinkovita in hitra proizvodnja pare zaradi najnovej\u0161e tehnologije vbrizgavanja<\/li>\n<li>Hiter temperaturni prehod zaradi odprte re\u0161etke<\/li>\n<li>Hitro hlajenje votline zaradi funkcije ohlajanja<\/li>\n<\/ul>\n<\/li>\n<li><strong>U\u010dinkovit popolnoma samodejni sistem \u010di\u0161\u010denja<\/strong> (neobvezno):\n<ul>\n<li>Popolnoma samodejen, ekonomi\u010den in hiter<\/li>\n<li>\n<p style=\"margin-left:0px;\">Programi:<\/p>\n<li>\n<p style=\"margin-left:0px;\">1. stopnja: 19 minut<\/p>\n<\/li>\n<li>\n<p style=\"margin-left:0px;\">2. stopnja: 27 minut<\/p>\n<\/li>\n<li>\n<p style=\"margin-left:0px;\">3. stopnja: 37 minut<\/p>\n<\/li>\n<li>\n<p style=\"margin-left:0px;\">Izpiranje: 2 minuti<\/p>\n<\/li>\n<\/ul>\n<\/li>\n<\/ul>\n<\/li>\n<li><strong>Vzdol\u017eno polnjenje<\/strong> omogo\u010da manj\u0161i odtis<\/li>\n<li><strong>VisioPAD<\/strong>: Nadzorna plo\u0161\u010da na dotik, jasna, intuitivna in ergonomska<\/li>\n<li><strong>AirControl<\/strong>: Neprekinjeno nastavljanje in oscilacijski ventilator<\/li>\n<li><strong>JetControl<\/strong>: Najnovej\u0161a tehnologija vbrizgavanja in hitro hlajenje pe\u010dice<\/li>\n<li><strong>CoreControl<\/strong>: Ustrezna oskrba z energijo glede na potrebo, nastavitev in dejanski prikaz<\/li>\n<li><strong>TwinControl<\/strong>: Patentiran sistem, ki podvoji bistvene funkcije pe\u010dice<\/li>\n<\/ul>\n","protected":false},"excerpt":{"rendered":"<p>Majhen, a mo\u010dan - COMBI-mini parni \u0161tedilnik 061: Elektri\u010dno segrevan s prostornino 6 x 1\/1 GN.<\/p>\n","protected":false},"featured_media":87490,"comment_status":"closed","ping_status":"closed","template":"","meta":{"_acf_changed":false},"product_brand":[985],"product_cat":[17],"product_tag":[],"class_list":{"0":"post-87976","1":"product","2":"type-product","3":"status-publish","4":"has-post-thumbnail","6":"product_brand-hobart","7":"product_cat-parno-konvekcijske-peci","9":"first","10":"outofstock","11":"shipping-taxable","12":"purchasable","13":"product-type-simple"},"acf":[],"_links":{"self":[{"href":"https:\/\/go-st.vizia.si\/index.php?rest_route=\/wp\/v2\/product\/87976","targetHints":{"allow":["GET"]}}],"collection":[{"href":"https:\/\/go-st.vizia.si\/index.php?rest_route=\/wp\/v2\/product"}],"about":[{"href":"https:\/\/go-st.vizia.si\/index.php?rest_route=\/wp\/v2\/types\/product"}],"replies":[{"embeddable":true,"href":"https:\/\/go-st.vizia.si\/index.php?rest_route=%2Fwp%2Fv2%2Fcomments&post=87976"}],"wp:featuredmedia":[{"embeddable":true,"href":"https:\/\/go-st.vizia.si\/index.php?rest_route=\/wp\/v2\/media\/87490"}],"wp:attachment":[{"href":"https:\/\/go-st.vizia.si\/index.php?rest_route=%2Fwp%2Fv2%2Fmedia&parent=87976"}],"wp:term":[{"taxonomy":"product_brand","embeddable":true,"href":"https:\/\/go-st.vizia.si\/index.php?rest_route=%2Fwp%2Fv2%2Fproduct_brand&post=87976"},{"taxonomy":"product_cat","embeddable":true,"href":"https:\/\/go-st.vizia.si\/index.php?rest_route=%2Fwp%2Fv2%2Fproduct_cat&post=87976"},{"taxonomy":"product_tag","embeddable":true,"href":"https:\/\/go-st.vizia.si\/index.php?rest_route=%2Fwp%2Fv2%2Fproduct_tag&post=87976"}],"curies":[{"name":"wp","href":"https:\/\/api.w.org\/{rel}","templated":true}]}}