{"id":87978,"date":"2026-02-05T17:47:30","date_gmt":"2026-02-05T17:47:30","guid":{"rendered":"https:\/\/go-st.vizia.si\/?product=hsm10n"},"modified":"2026-02-12T15:11:29","modified_gmt":"2026-02-12T15:11:29","slug":"hsm10n","status":"publish","type":"product","link":"https:\/\/go-st.vizia.si\/?product=hsm10n","title":{"rendered":"HSM10N"},"content":{"rendered":"<ul>\n<li>6-stopenjski menjalnik: 1. prestava 92 vrt\/min, 2. prestava 118 vrt\/min, 3. prestava 158 vrt\/min, 4. prestava 221 vrt\/min, 5. prestava 284 vrt\/min, 6. prestava 320 vrt\/min<\/li>\n<li>1 posoda (10 litrov), nerjave\u010de jeklo<\/li>\n<li>1 plo\u0161\u010data metlica \u201eB\u201c, aluminijasta<\/li>\n<li>1 kavelj za testo \u201eED\u201c, aluminijasta<\/li>\n<li>1 metlica za testo \u201eD\u201c z \u017eicami iz nerjave\u010dega jekla<\/li>\n<\/ul>\n<h3 class=\"desc-headings\">Zna\u010dilnosti izdelka<\/h3>\n<ul>\n<li>Prozorna za\u0161\u010dita pred brizganjem iz pleksiglasa z \u017elebom za sestavine<\/li>\n<li>Enostavno dostopni gumbi za zagon\/ustavitev in izbiro hitrosti<\/li>\n<li>Elektronsko krmiljenje<\/li>\n<li>Planetarna glava z zobatim jermenom, gnana z epicikli\u010dnim zobnikom<\/li>\n<li>Elektri\u010dna za\u0161\u010dita pred kratkim stikom, ozemljitveno napako, prenapetostjo, zaustavitvijo motorja in preobremenitvijo motorja<\/li>\n<li>Za\u0161\u010dita posode z zaklepom - prepre\u010duje delovanje, ko posoda ni v pravilnem polo\u017eaju<\/li>\n<li>Trdna za\u0161\u010dita pred prahom - zmanj\u0161uje emisije prahu pri uporabi izdelkov iz moke<\/li>\n<li>Posoda s prostornino 10 litrov iz nerjave\u010dega jekla<\/li>\n<\/ul>\n","protected":false},"excerpt":{"rendered":"<p>Planetarni me\u0161alnik, namizni model, prostornina 10 litrov<\/p>\n","protected":false},"featured_media":87518,"comment_status":"closed","ping_status":"closed","template":"","meta":{"_acf_changed":false},"product_brand":[985],"product_cat":[72],"product_tag":[],"class_list":{"0":"post-87978","1":"product","2":"type-product","3":"status-publish","4":"has-post-thumbnail","6":"product_brand-hobart","7":"product_cat-planetarni-mesalci","9":"first","10":"outofstock","11":"shipping-taxable","12":"purchasable","13":"product-type-simple"},"acf":[],"_links":{"self":[{"href":"https:\/\/go-st.vizia.si\/index.php?rest_route=\/wp\/v2\/product\/87978","targetHints":{"allow":["GET"]}}],"collection":[{"href":"https:\/\/go-st.vizia.si\/index.php?rest_route=\/wp\/v2\/product"}],"about":[{"href":"https:\/\/go-st.vizia.si\/index.php?rest_route=\/wp\/v2\/types\/product"}],"replies":[{"embeddable":true,"href":"https:\/\/go-st.vizia.si\/index.php?rest_route=%2Fwp%2Fv2%2Fcomments&post=87978"}],"wp:featuredmedia":[{"embeddable":true,"href":"https:\/\/go-st.vizia.si\/index.php?rest_route=\/wp\/v2\/media\/87518"}],"wp:attachment":[{"href":"https:\/\/go-st.vizia.si\/index.php?rest_route=%2Fwp%2Fv2%2Fmedia&parent=87978"}],"wp:term":[{"taxonomy":"product_brand","embeddable":true,"href":"https:\/\/go-st.vizia.si\/index.php?rest_route=%2Fwp%2Fv2%2Fproduct_brand&post=87978"},{"taxonomy":"product_cat","embeddable":true,"href":"https:\/\/go-st.vizia.si\/index.php?rest_route=%2Fwp%2Fv2%2Fproduct_cat&post=87978"},{"taxonomy":"product_tag","embeddable":true,"href":"https:\/\/go-st.vizia.si\/index.php?rest_route=%2Fwp%2Fv2%2Fproduct_tag&post=87978"}],"curies":[{"name":"wp","href":"https:\/\/api.w.org\/{rel}","templated":true}]}}