{"id":87991,"date":"2026-02-05T17:47:31","date_gmt":"2026-02-05T17:47:31","guid":{"rendered":"https:\/\/go-st.vizia.si\/?product=hydroline-pure-ro-c"},"modified":"2026-02-12T15:11:30","modified_gmt":"2026-02-12T15:11:30","slug":"hydroline-pure-ro-c","status":"publish","type":"product","link":"https:\/\/go-st.vizia.si\/?product=hydroline-pure-ro-c","title":{"rendered":"HYDROLINE PURE RO-C"},"content":{"rendered":"<ul>\n<li>Surova voda iz vodovoda vstopi v zaprt sistem in se pod visokim tlakom pretaka skozi posebno izjemno fino membrano.<\/li>\n<li>S tem se iz vode popolnoma odstranijo soli in minerali. Pomivalni stroj, ki je priklju\u010den na spodnji priklju\u010dek, se tako oskrbuje s popolnoma \u010disto vodo.<\/li>\n<li>\u010ce skupna trdota vode iz vodovoda presega 10 \u00b0dH, priporo\u010damo namestitev predpripravljene enote HYDROLINE PROTECT SD-H.<\/li>\n<li>Vgrajen filter z aktivnim ogljem in filter za usedline odstranjujeta grobe delce in \u0161\u010ditita membrano.<\/li>\n<li>Ni primerno za uporabo v povezavi s pomivalnim strojem z vgrajenim sistemom za meh\u010danje vode.<\/li>\n<\/ul>\n<h3 class=\"desc-headings\">Zna\u010dilnosti izdelka<\/h3>\n<ul>\n<li>Visokozmogljiv\/u\u010dinkovit sistem<\/li>\n<li>Sistem za neprekinjeno \u010di\u0161\u010denje, ki zagotavlja demineralizirano vodo za vrhunske rezultate pomivanja<\/li>\n<li>Prepre\u010duje made\u017ee soli in vodnega kamna na posodi, steklovini in jedilnem priboru na obmo\u010djih z visoko trdoto ogljika<\/li>\n<li>Ni potrebe po ro\u010dnem poliranju kozarcev in jedilnega pribora<\/li>\n<li>\u0160\u010diti stroj pred nalaganjem vodnega kamna<\/li>\n<li>Optimizira u\u010dinkovitost detergentov \u2013 odmerek je mogo\u010de zmanj\u0161ati. Neprimerljiva zmogljivost pri zelo nizkih obratovalnih stro\u0161kih<\/li>\n<li>Neprimerljiva zmogljivost pri zelo nizkih obratovalnih stro\u0161kih<\/li>\n<li>Kompaktne dimenzije<\/li>\n<\/ul>\n","protected":false},"excerpt":{"rendered":"<p>Za \u0161e ve\u010djo u\u010dinkovitost: Zmogljiv zunanji sistem reverzne osmoze HYDROLINE PURE RO-C zagotavlja demineralizirano vodo za vrhunske rezultate pomivanja. Ro\u010dno poliranje kozarcev in jedilnega pribora ni potrebno.<\/p>\n","protected":false},"featured_media":87586,"comment_status":"closed","ping_status":"closed","template":"","meta":{"_acf_changed":false},"product_brand":[985],"product_cat":[56],"product_tag":[],"class_list":{"0":"post-87991","1":"product","2":"type-product","3":"status-publish","4":"has-post-thumbnail","6":"product_brand-hobart","7":"product_cat-mehcalne-naprave","9":"first","10":"outofstock","11":"shipping-taxable","12":"purchasable","13":"product-type-simple"},"acf":[],"_links":{"self":[{"href":"https:\/\/go-st.vizia.si\/index.php?rest_route=\/wp\/v2\/product\/87991","targetHints":{"allow":["GET"]}}],"collection":[{"href":"https:\/\/go-st.vizia.si\/index.php?rest_route=\/wp\/v2\/product"}],"about":[{"href":"https:\/\/go-st.vizia.si\/index.php?rest_route=\/wp\/v2\/types\/product"}],"replies":[{"embeddable":true,"href":"https:\/\/go-st.vizia.si\/index.php?rest_route=%2Fwp%2Fv2%2Fcomments&post=87991"}],"wp:featuredmedia":[{"embeddable":true,"href":"https:\/\/go-st.vizia.si\/index.php?rest_route=\/wp\/v2\/media\/87586"}],"wp:attachment":[{"href":"https:\/\/go-st.vizia.si\/index.php?rest_route=%2Fwp%2Fv2%2Fmedia&parent=87991"}],"wp:term":[{"taxonomy":"product_brand","embeddable":true,"href":"https:\/\/go-st.vizia.si\/index.php?rest_route=%2Fwp%2Fv2%2Fproduct_brand&post=87991"},{"taxonomy":"product_cat","embeddable":true,"href":"https:\/\/go-st.vizia.si\/index.php?rest_route=%2Fwp%2Fv2%2Fproduct_cat&post=87991"},{"taxonomy":"product_tag","embeddable":true,"href":"https:\/\/go-st.vizia.si\/index.php?rest_route=%2Fwp%2Fv2%2Fproduct_tag&post=87991"}],"curies":[{"name":"wp","href":"https:\/\/api.w.org\/{rel}","templated":true}]}}