{"id":87997,"date":"2026-02-05T17:47:32","date_gmt":"2026-02-05T17:47:32","guid":{"rendered":"https:\/\/go-st.vizia.si\/?product=hydroline-protect-se-h"},"modified":"2026-02-12T15:11:30","modified_gmt":"2026-02-12T15:11:30","slug":"hydroline-protect-se-h","status":"publish","type":"product","link":"https:\/\/go-st.vizia.si\/?product=hydroline-protect-se-h","title":{"rendered":"HYDROLINE PROTECT SE-H"},"content":{"rendered":"<ul>\n<li>Kakovostni ionski izmenjevalci zmanj\u0161ujejo trdoto vode z nadome\u0161\u010danjem kalcijevih in magnezijevih ionov v vodi z natrijevimi ioni.<\/li>\n<li>Sistem za filtriranje vode je sestavljen iz tla\u010dne posode, odporne proti koroziji, ki vsebuje filtrirni material.<\/li>\n<li>Glede na tlak vode na kraju samem filtracija zmanj\u0161a tlak do naprav, priklju\u010denih na spodnjo povezavo, za najmanj 0,5 bara.<\/li>\n<li>Posoda iz plastike.<\/li>\n<\/ul>\n<h3 class=\"desc-headings\">Zna\u010dilnosti izdelka<\/h3>\n<ul>\n<li>\u0160\u010diti stroj pred vodnim kamnom \u2013 podalj\u0161uje intervale vzdr\u017eevanja in \u017eivljenjsko dobo<\/li>\n<li>Ekonomi\u010dna in cenovno ugodna razli\u010dica<\/li>\n<li>Vgrajen sistem me\u0161anja v krmilni glavi za prilagoditev lokalni trdoti vode<\/li>\n<li>Trpe\u017ena krmilna glava<\/li>\n<li>Optimizira u\u010dinkovitost detergentov<\/li>\n<li>Samodejna regeneracija sistema za meh\u010danje vode<\/li>\n<li>Regeneracija z nadzorom koli\u010dine, programirljiva<\/li>\n<li>Programabilni \u010dasi regeneracije<\/li>\n<li>Deluje s hladno ali toplo vodo do 50 \u00b0C<\/li>\n<li>Kompaktne dimenzije, vklju\u010dno s kolesci za prilagodljivo namestitev<\/li>\n<li>Ne potrebuje elektri\u010dnega napajanja<\/li>\n<\/ul>\n","protected":false},"excerpt":{"rendered":"<p>Enokomorni meh\u010dalec vode: \u0160\u010diti stroje pred nabiranjem vodnega kamna in podalj\u0161uje intervale vzdr\u017eevanja ter \u017eivljenjsko dobo.<\/p>\n","protected":false},"featured_media":87590,"comment_status":"closed","ping_status":"closed","template":"","meta":{"_acf_changed":false},"product_brand":[985],"product_cat":[56],"product_tag":[],"class_list":{"0":"post-87997","1":"product","2":"type-product","3":"status-publish","4":"has-post-thumbnail","6":"product_brand-hobart","7":"product_cat-mehcalne-naprave","9":"first","10":"outofstock","11":"shipping-taxable","12":"purchasable","13":"product-type-simple"},"acf":[],"_links":{"self":[{"href":"https:\/\/go-st.vizia.si\/index.php?rest_route=\/wp\/v2\/product\/87997","targetHints":{"allow":["GET"]}}],"collection":[{"href":"https:\/\/go-st.vizia.si\/index.php?rest_route=\/wp\/v2\/product"}],"about":[{"href":"https:\/\/go-st.vizia.si\/index.php?rest_route=\/wp\/v2\/types\/product"}],"replies":[{"embeddable":true,"href":"https:\/\/go-st.vizia.si\/index.php?rest_route=%2Fwp%2Fv2%2Fcomments&post=87997"}],"wp:featuredmedia":[{"embeddable":true,"href":"https:\/\/go-st.vizia.si\/index.php?rest_route=\/wp\/v2\/media\/87590"}],"wp:attachment":[{"href":"https:\/\/go-st.vizia.si\/index.php?rest_route=%2Fwp%2Fv2%2Fmedia&parent=87997"}],"wp:term":[{"taxonomy":"product_brand","embeddable":true,"href":"https:\/\/go-st.vizia.si\/index.php?rest_route=%2Fwp%2Fv2%2Fproduct_brand&post=87997"},{"taxonomy":"product_cat","embeddable":true,"href":"https:\/\/go-st.vizia.si\/index.php?rest_route=%2Fwp%2Fv2%2Fproduct_cat&post=87997"},{"taxonomy":"product_tag","embeddable":true,"href":"https:\/\/go-st.vizia.si\/index.php?rest_route=%2Fwp%2Fv2%2Fproduct_tag&post=87997"}],"curies":[{"name":"wp","href":"https:\/\/api.w.org\/{rel}","templated":true}]}}