{"id":88012,"date":"2026-02-05T17:47:33","date_gmt":"2026-02-05T17:47:33","guid":{"rendered":"https:\/\/go-st.vizia.si\/?product=hydroline-star-extra-fd"},"modified":"2026-02-12T15:11:30","modified_gmt":"2026-02-12T15:11:30","slug":"hydroline-star-extra-fd","status":"publish","type":"product","link":"https:\/\/go-st.vizia.si\/?product=hydroline-star-extra-fd","title":{"rendered":"HYDROLINE STAR EXTRA FD"},"content":{"rendered":"<ul>\n<li>Za popolno demineralizacijo se kalcijevi in magnezijevi ioni (ioni, ki povzro\u010dajo utrjevanje vode) ter natrijevi ioni (kuhinjska sol), ki jih vsebuje voda, nadomestijo.<\/li>\n<li>Ni priporo\u010dljivo za delovanje s predpomnilnikom za meh\u010danje vode.<\/li>\n<li>Ni primerno za uporabo v povezavi s pomivalnim strojem z vgrajenim sistemom za meh\u010danje vode.<\/li>\n<li>Sistem za filtriranje vode je sestavljen iz tla\u010dne posode, odporne proti koroziji, ki vsebuje filtrirni material.<\/li>\n<\/ul>\n<h3 class=\"desc-headings\">Zna\u010dilnosti izdelka<\/h3>\n<ul>\n<li>Prepre\u010duje made\u017ee soli in vodnega kamna na posodi, steklovini in jedilnem priboru na obmo\u010djih z visoko trdoto ogljika<\/li>\n<li>\u0160\u010diti stroj pred nalaganjem vodnega kamna<\/li>\n<li>Optimizira u\u010dinkovitost detergentov \u2013 odmerek je mogo\u010de zmanj\u0161ati<\/li>\n<li>Enostavna menjava kartu\u0161e brez orodja<\/li>\n<li>Dovodne in odvodne cevi ni treba odklopiti za menjavo kartu\u0161e<\/li>\n<li>Zasnovano za navpi\u010dno in vodoravno namestitev<\/li>\n<li>Pokrov tla\u010dne posode je opremljen z vgrajenim prepre\u010devalnikom v skladu z DIN EN 1717<\/li>\n<li>Ne potrebuje elektri\u010dnega napajanja<\/li>\n<li>Visoka zmogljivost<\/li>\n<li>Kompaktne dimenzije<\/li>\n<li>Za hladno in toplo vodo<\/li>\n<li>Nizki investicijski stro\u0161ki<\/li>\n<\/ul>\n","protected":false},"excerpt":{"rendered":"<p>Vlo\u017eek za popolno demineralizacijo: Nadome\u0161\u010da kalcijeve, magnezijeve in natrijeve ione, ki jih vsebuje voda. To prepre\u010duje made\u017ee soli in vodnega kamna na posodi, steklovini in jedilnem priboru ter optimizira u\u010dinkovitost detergentov.<\/p>\n","protected":false},"featured_media":87592,"comment_status":"closed","ping_status":"closed","template":"","meta":{"_acf_changed":false},"product_brand":[985],"product_cat":[56],"product_tag":[],"class_list":{"0":"post-88012","1":"product","2":"type-product","3":"status-publish","4":"has-post-thumbnail","6":"product_brand-hobart","7":"product_cat-mehcalne-naprave","9":"first","10":"outofstock","11":"shipping-taxable","12":"purchasable","13":"product-type-simple"},"acf":[],"_links":{"self":[{"href":"https:\/\/go-st.vizia.si\/index.php?rest_route=\/wp\/v2\/product\/88012","targetHints":{"allow":["GET"]}}],"collection":[{"href":"https:\/\/go-st.vizia.si\/index.php?rest_route=\/wp\/v2\/product"}],"about":[{"href":"https:\/\/go-st.vizia.si\/index.php?rest_route=\/wp\/v2\/types\/product"}],"replies":[{"embeddable":true,"href":"https:\/\/go-st.vizia.si\/index.php?rest_route=%2Fwp%2Fv2%2Fcomments&post=88012"}],"wp:featuredmedia":[{"embeddable":true,"href":"https:\/\/go-st.vizia.si\/index.php?rest_route=\/wp\/v2\/media\/87592"}],"wp:attachment":[{"href":"https:\/\/go-st.vizia.si\/index.php?rest_route=%2Fwp%2Fv2%2Fmedia&parent=88012"}],"wp:term":[{"taxonomy":"product_brand","embeddable":true,"href":"https:\/\/go-st.vizia.si\/index.php?rest_route=%2Fwp%2Fv2%2Fproduct_brand&post=88012"},{"taxonomy":"product_cat","embeddable":true,"href":"https:\/\/go-st.vizia.si\/index.php?rest_route=%2Fwp%2Fv2%2Fproduct_cat&post=88012"},{"taxonomy":"product_tag","embeddable":true,"href":"https:\/\/go-st.vizia.si\/index.php?rest_route=%2Fwp%2Fv2%2Fproduct_tag&post=88012"}],"curies":[{"name":"wp","href":"https:\/\/api.w.org\/{rel}","templated":true}]}}