{"id":88014,"date":"2026-02-05T17:47:33","date_gmt":"2026-02-05T17:47:33","guid":{"rendered":"https:\/\/go-st.vizia.si\/?product=hydroline-steam-cd"},"modified":"2026-02-12T15:11:30","modified_gmt":"2026-02-12T15:11:30","slug":"hydroline-steam-cd","status":"publish","type":"product","link":"https:\/\/go-st.vizia.si\/?product=hydroline-steam-cd","title":{"rendered":"HYDROLINE STEAM CD"},"content":{"rendered":"<ul>\n<li>Za delno demineralizacijo se kalcijevi in magnezijevi ioni (ioni, ki povzro\u010dajo utrjevanje vode), ki jih vsebuje voda, nadomestijo z vodikovimi ioni.<\/li>\n<li>Koncentracija natrijevih ionov (kuhinjske soli) v vodi se pri tem ne pove\u010da.<\/li>\n<li>Ni priporo\u010dljivo za delovanje s predpomnilnikom za meh\u010danje vode.<\/li>\n<li>Ni primerno za uporabo v povezavi s pomivalnim strojem z vgrajenim sistemom za meh\u010danje vode.<\/li>\n<li>Sistem za filtriranje vode je sestavljen iz tla\u010dne posode, odporne proti koroziji, ki vsebuje filtrirni material.<\/li>\n<\/ul>\n<h3 class=\"desc-headings\">Zna\u010dilnosti izdelka<\/h3>\n<ul>\n<li>\u0160\u010diti pripomo\u010dke za kuhanje na pari in peko pred vodnim kamnom<\/li>\n<li>Prepre\u010duje zama\u0161itev majhnih \u0161ob v parnih kuhalnikih in pe\u010dicah z vodnim kamnom<\/li>\n<li>Prepre\u010duje korozijo steklenih plo\u0161\u010d<\/li>\n<li>Enostavna menjava kartu\u0161e brez orodja<\/li>\n<li>Dovodne in odvodne cevi ni treba odklopiti za menjavo kartu\u0161e<\/li>\n<li>Filtrirna glava z digitalnim indikatorjem preostale kapacitete kartu\u0161e<\/li>\n<li>Zasnovano za navpi\u010dno ali vodoravno namestitev<\/li>\n<li>Pokrov tla\u010dne posode je opremljen z vgrajenim varovalom v skladu z DIN EN 1717<\/li>\n<li>Ne potrebuje elektri\u010dnega napajanja<\/li>\n<li>Visoka zmogljivost<\/li>\n<li>Kompaktne dimenzije<\/li>\n<li>Za hladno in toplo vodo<\/li>\n<li>Nizki investicijski stro\u0161ki<\/li>\n<\/ul>\n","protected":false},"excerpt":{"rendered":"<p>Vlo\u017eek za delno demineralizacijo za kombinirane parne pe\u010dice: \u0160\u010diti kuhinjske aparate, kot so parne pe\u010dice in pe\u010dice, pred nabiranjem vodnega kamna.<\/p>\n","protected":false},"featured_media":87593,"comment_status":"closed","ping_status":"closed","template":"","meta":{"_acf_changed":false},"product_brand":[985],"product_cat":[56],"product_tag":[],"class_list":{"0":"post-88014","1":"product","2":"type-product","3":"status-publish","4":"has-post-thumbnail","6":"product_brand-hobart","7":"product_cat-mehcalne-naprave","9":"first","10":"outofstock","11":"shipping-taxable","12":"purchasable","13":"product-type-simple"},"acf":[],"_links":{"self":[{"href":"https:\/\/go-st.vizia.si\/index.php?rest_route=\/wp\/v2\/product\/88014","targetHints":{"allow":["GET"]}}],"collection":[{"href":"https:\/\/go-st.vizia.si\/index.php?rest_route=\/wp\/v2\/product"}],"about":[{"href":"https:\/\/go-st.vizia.si\/index.php?rest_route=\/wp\/v2\/types\/product"}],"replies":[{"embeddable":true,"href":"https:\/\/go-st.vizia.si\/index.php?rest_route=%2Fwp%2Fv2%2Fcomments&post=88014"}],"wp:featuredmedia":[{"embeddable":true,"href":"https:\/\/go-st.vizia.si\/index.php?rest_route=\/wp\/v2\/media\/87593"}],"wp:attachment":[{"href":"https:\/\/go-st.vizia.si\/index.php?rest_route=%2Fwp%2Fv2%2Fmedia&parent=88014"}],"wp:term":[{"taxonomy":"product_brand","embeddable":true,"href":"https:\/\/go-st.vizia.si\/index.php?rest_route=%2Fwp%2Fv2%2Fproduct_brand&post=88014"},{"taxonomy":"product_cat","embeddable":true,"href":"https:\/\/go-st.vizia.si\/index.php?rest_route=%2Fwp%2Fv2%2Fproduct_cat&post=88014"},{"taxonomy":"product_tag","embeddable":true,"href":"https:\/\/go-st.vizia.si\/index.php?rest_route=%2Fwp%2Fv2%2Fproduct_tag&post=88014"}],"curies":[{"name":"wp","href":"https:\/\/api.w.org\/{rel}","templated":true}]}}