{"id":88018,"date":"2026-02-05T17:47:34","date_gmt":"2026-02-05T17:47:34","guid":{"rendered":"https:\/\/go-st.vizia.si\/?product=premax-upt"},"modified":"2026-02-12T15:11:30","modified_gmt":"2026-02-12T15:11:30","slug":"premax-upt","status":"publish","type":"product","link":"https:\/\/go-st.vizia.si\/?product=premax-upt","title":{"rendered":"PREMAX UPT"},"content":{"rendered":"<ul>\n<li>Pomivalni stroj za kuhinjsko posodo z vhodnimi vrati<\/li>\n<li>Uporabne notranje dimenzije \u0160 x G x V: 1110 x 773 x 825 mm<\/li>\n<li>Nazivna zmogljivost do 30 ciklov\/h<\/li>\n<li>6 avtomatskih programov: kratki, standardni, pomivanje s paro, neposredno brizganje detergenta, neprekinjeni, higienski<\/li>\n<li>Ohi\u0161je z dvojnimi stenami<\/li>\n<li>Senzor umazanije v cedilu<\/li>\n<li>Vgrajen WiFi modul<\/li>\n<li>Program samo\u010di\u0161\u010denja<\/li>\n<li>Lo\u010deno polnjenje rezervoarja (lahko se deaktivira)<\/li>\n<li>Pripravljeno za namestitev - popolnoma opremljeno: cev za polnjenje\/praznjenje, elektri\u010dni kabel, dozator detergenta, dozator sredstva za lesk, \u010drpalka za izpiranje, \u010drpalka za pralnico, \u010drpalka za pralnico, ventil za praznjenje, ogrevanje rezervoarja, lo\u010deno polnjenje rezervoarja (lahko se deaktivira), zadnja plo\u0161\u010da<\/li>\n<li>Rezervoar, okvir, roke za pomivanje\/izpiranje in plo\u0161\u010de so iz nerjave\u010dega jekla 1.4301<\/li>\n<\/ul>\n","protected":false},"excerpt":{"rendered":"<p>Pomivalni stroj UPT ponuja dvakrat ve\u010djo zmogljivost v primerjavi s PREMAX UP. Zahvaljujo\u010d stranskemu sistemu pranja, ki je edinstven v liniji PREMAX, se zmogljivost dodatno pove\u010da.<\/p>\n","protected":false},"featured_media":87604,"comment_status":"closed","ping_status":"closed","template":"","meta":{"_acf_changed":false},"product_brand":[985],"product_cat":[88],"product_tag":[],"class_list":{"0":"post-88018","1":"product","2":"type-product","3":"status-publish","4":"has-post-thumbnail","6":"product_brand-hobart","7":"product_cat-pomivalni-stroji-za-crno-posodo","9":"first","10":"outofstock","11":"shipping-taxable","12":"purchasable","13":"product-type-simple"},"acf":[],"_links":{"self":[{"href":"https:\/\/go-st.vizia.si\/index.php?rest_route=\/wp\/v2\/product\/88018","targetHints":{"allow":["GET"]}}],"collection":[{"href":"https:\/\/go-st.vizia.si\/index.php?rest_route=\/wp\/v2\/product"}],"about":[{"href":"https:\/\/go-st.vizia.si\/index.php?rest_route=\/wp\/v2\/types\/product"}],"replies":[{"embeddable":true,"href":"https:\/\/go-st.vizia.si\/index.php?rest_route=%2Fwp%2Fv2%2Fcomments&post=88018"}],"wp:featuredmedia":[{"embeddable":true,"href":"https:\/\/go-st.vizia.si\/index.php?rest_route=\/wp\/v2\/media\/87604"}],"wp:attachment":[{"href":"https:\/\/go-st.vizia.si\/index.php?rest_route=%2Fwp%2Fv2%2Fmedia&parent=88018"}],"wp:term":[{"taxonomy":"product_brand","embeddable":true,"href":"https:\/\/go-st.vizia.si\/index.php?rest_route=%2Fwp%2Fv2%2Fproduct_brand&post=88018"},{"taxonomy":"product_cat","embeddable":true,"href":"https:\/\/go-st.vizia.si\/index.php?rest_route=%2Fwp%2Fv2%2Fproduct_cat&post=88018"},{"taxonomy":"product_tag","embeddable":true,"href":"https:\/\/go-st.vizia.si\/index.php?rest_route=%2Fwp%2Fv2%2Fproduct_tag&post=88018"}],"curies":[{"name":"wp","href":"https:\/\/api.w.org\/{rel}","templated":true}]}}