{"id":88023,"date":"2026-02-05T17:47:34","date_gmt":"2026-02-05T17:47:34","guid":{"rendered":"https:\/\/go-st.vizia.si\/?product=profi-uxtlh"},"modified":"2026-02-12T15:11:30","modified_gmt":"2026-02-12T15:11:30","slug":"profi-uxtlh","status":"publish","type":"product","link":"https:\/\/go-st.vizia.si\/?product=profi-uxtlh","title":{"rendered":"PROFI UXTLH"},"content":{"rendered":"<ul>\n<li>Pomivalni stroj s pokrovom<\/li>\n<li>Uporabne notranje dimenzije \u0160 x G x V: 1320 x 735 x 850 mm<\/li>\n<li>Nazivna zmogljivost do 30 ciklov\/h<\/li>\n<li>5 avtomatskih ciklov: kratki, standardni, intenzivni, neprekinjeni, higienski<\/li>\n<li>Ve\u010dstopenjski: mo\u010d oja\u010devalnika se lahko zmanj\u0161a s 15,3 kW na 9,1 kW, \u010de je priklju\u010den na vro\u010do vodo<\/li>\n<li>Senzor umazanije v cedilu<\/li>\n<li>Vgrajen modul WiFi<\/li>\n<li>Program samo\u010di\u0161\u010denja<\/li>\n<li>Pripravljen za namestitev - popolnoma opremljen: cev za polnjenje\/praznjenje, elektri\u010dni kabel, dozator detergenta, dozator sredstva za lesk, \u010drpalka za izpiranje, \u010drpalka za odtok, protipovratni ventil, ogrevanje rezervoarja<\/li>\n<li>Rezervoar, okvir, roke za pomivanje\/izpiranje in plo\u0161\u010de so iz nerjave\u010dega jekla 1.4301<\/li>\n<\/ul>\n","protected":false},"excerpt":{"rendered":"<p>Nadpovpre\u010dna vi\u0161ina polnjenja pomivalnega stroja PROFI UXTLH ponuja veliko prostora in pove\u010duje zmogljivost na cikel pomivanja, zlasti pri peka\u010dih in re\u0161etkah za peko.<\/p>\n","protected":false},"featured_media":87709,"comment_status":"closed","ping_status":"closed","template":"","meta":{"_acf_changed":false},"product_brand":[985],"product_cat":[88],"product_tag":[],"class_list":{"0":"post-88023","1":"product","2":"type-product","3":"status-publish","4":"has-post-thumbnail","6":"product_brand-hobart","7":"product_cat-pomivalni-stroji-za-crno-posodo","9":"first","10":"outofstock","11":"shipping-taxable","12":"purchasable","13":"product-type-simple"},"acf":[],"_links":{"self":[{"href":"https:\/\/go-st.vizia.si\/index.php?rest_route=\/wp\/v2\/product\/88023","targetHints":{"allow":["GET"]}}],"collection":[{"href":"https:\/\/go-st.vizia.si\/index.php?rest_route=\/wp\/v2\/product"}],"about":[{"href":"https:\/\/go-st.vizia.si\/index.php?rest_route=\/wp\/v2\/types\/product"}],"replies":[{"embeddable":true,"href":"https:\/\/go-st.vizia.si\/index.php?rest_route=%2Fwp%2Fv2%2Fcomments&post=88023"}],"wp:featuredmedia":[{"embeddable":true,"href":"https:\/\/go-st.vizia.si\/index.php?rest_route=\/wp\/v2\/media\/87709"}],"wp:attachment":[{"href":"https:\/\/go-st.vizia.si\/index.php?rest_route=%2Fwp%2Fv2%2Fmedia&parent=88023"}],"wp:term":[{"taxonomy":"product_brand","embeddable":true,"href":"https:\/\/go-st.vizia.si\/index.php?rest_route=%2Fwp%2Fv2%2Fproduct_brand&post=88023"},{"taxonomy":"product_cat","embeddable":true,"href":"https:\/\/go-st.vizia.si\/index.php?rest_route=%2Fwp%2Fv2%2Fproduct_cat&post=88023"},{"taxonomy":"product_tag","embeddable":true,"href":"https:\/\/go-st.vizia.si\/index.php?rest_route=%2Fwp%2Fv2%2Fproduct_tag&post=88023"}],"curies":[{"name":"wp","href":"https:\/\/api.w.org\/{rel}","templated":true}]}}