{"id":95678,"date":"2026-02-20T10:23:41","date_gmt":"2026-02-20T10:23:41","guid":{"rendered":"https:\/\/go-st.vizia.si\/?post_type=product&#038;p=95678"},"modified":"2026-02-20T10:49:56","modified_gmt":"2026-02-20T10:49:56","slug":"cl-60-2-podajalni-glavi","status":"publish","type":"product","link":"https:\/\/go-st.vizia.si\/?product=cl-60-2-podajalni-glavi","title":{"rendered":"CL 60 2 podajalni glavi"},"content":{"rendered":"<h4>Velika zmogljivost: Zelo velik lijak<\/h4>\n<p>Zelo \u0161iroka odprtina je zasnovana za obdelavo celega zelja, solate ali do 15 paradi\u017enikov hkrati.<br \/> Izjemno ergonomsko<br \/> - Ro\u010dica s pomo\u010djo pri gibanju = manj napora za upravljavca<br \/> - Opremljeno z avtomatskim ponovnim zagonom z ro\u010dico za prihranek \u010dasa in ve\u010dje udobje<\/p>\n<h4>Samodejna glava za podajanje<\/h4>\n<p>- Neprekinjeno podajanje zdru\u017euje visoko zmogljivost brez kompromisov pri kakovosti rezov.<br \/> - Idealno za obdelavo narezanih ali na kocke narezanih sestavin (gobe, \u010debula, paradi\u017enik, krompir) ali za pripravo pomfrija.<\/p>\n<h4>Mo\u010dna motorna enota<\/h4>\n<p>Posoda in pokrov sta v celoti kovinska ter podstavek motorja iz nerjave\u010dega jekla<br \/> Zmogljiv motor<br \/> - Industrijski indukcijski motor za zahtevno uporabo zagotavlja vzdr\u017eljivost in zanesljivost.<br \/> - Motor je vgrajen na krogli\u010dnih le\u017eajih za tiho delovanje brez vibracij<br \/> - Brez \u0161\u010detk<br \/> - Gred motorja iz nerjave\u010dega jekla<\/p>\n<h4>Ergonomsko<\/h4>\n<p>Pove\u010dana vi\u0161ina in nastavljiv ro\u010daj za optimalno udobje uporabnika. Glava se nagne v linijo z osnovo motorja za prihranek prostora. Zaradi kompaktne velikosti, dveh koles in ro\u010daja ga je zelo enostavno premikati.<br \/> &nbsp;<\/p>\n<h4>Re\u0161itev iz nerjave\u010dega jekla:<\/h4>\n<p>Enostavno \u010di\u0161\u010denje, primerno za pomivanje v pomivalnem stroju.<\/p>\n<h4>Brezhibno glaziran rez<\/h4>\n<p>Celotna ponudba ve\u010d kot 50 diskov z visoko preciznim bru\u0161enjem za najkakovostnej\u0161e reze..<\/p>\n","protected":false},"excerpt":{"rendered":"<p>Na\u0161a vrhunska talna enota iz nerjave\u010dega jekla je zasnovana za rezanje velikih koli\u010din zelenjave v hipu. Robustna, u\u010dinkovita, enostavna za \u010di\u0161\u010denje in ponuja naj\u0161ir\u0161i nabor rezov. Prihranite ure pri rezanju: rezanje, ribanje, julienne, valovito rezanje, pomfrit, kocke in celo pire.<\/p>\n","protected":false},"featured_media":94726,"comment_status":"closed","ping_status":"closed","template":"","meta":{"_acf_changed":false},"product_brand":[168],"product_cat":[127],"product_tag":[],"class_list":{"0":"post-95678","1":"product","2":"type-product","3":"status-publish","4":"has-post-thumbnail","6":"product_brand-robot-coupe","7":"product_cat-rezalniki-in-sekljalniki-sadja-in-zelenjave","9":"first","10":"instock","11":"shipping-taxable","12":"purchasable","13":"product-type-variable"},"acf":[],"_links":{"self":[{"href":"https:\/\/go-st.vizia.si\/index.php?rest_route=\/wp\/v2\/product\/95678","targetHints":{"allow":["GET"]}}],"collection":[{"href":"https:\/\/go-st.vizia.si\/index.php?rest_route=\/wp\/v2\/product"}],"about":[{"href":"https:\/\/go-st.vizia.si\/index.php?rest_route=\/wp\/v2\/types\/product"}],"replies":[{"embeddable":true,"href":"https:\/\/go-st.vizia.si\/index.php?rest_route=%2Fwp%2Fv2%2Fcomments&post=95678"}],"wp:featuredmedia":[{"embeddable":true,"href":"https:\/\/go-st.vizia.si\/index.php?rest_route=\/wp\/v2\/media\/94726"}],"wp:attachment":[{"href":"https:\/\/go-st.vizia.si\/index.php?rest_route=%2Fwp%2Fv2%2Fmedia&parent=95678"}],"wp:term":[{"taxonomy":"product_brand","embeddable":true,"href":"https:\/\/go-st.vizia.si\/index.php?rest_route=%2Fwp%2Fv2%2Fproduct_brand&post=95678"},{"taxonomy":"product_cat","embeddable":true,"href":"https:\/\/go-st.vizia.si\/index.php?rest_route=%2Fwp%2Fv2%2Fproduct_cat&post=95678"},{"taxonomy":"product_tag","embeddable":true,"href":"https:\/\/go-st.vizia.si\/index.php?rest_route=%2Fwp%2Fv2%2Fproduct_tag&post=95678"}],"curies":[{"name":"wp","href":"https:\/\/api.w.org\/{rel}","templated":true}]}}