{"id":95679,"date":"2026-02-20T10:23:41","date_gmt":"2026-02-20T10:23:41","guid":{"rendered":"https:\/\/go-st.vizia.si\/?post_type=product&#038;p=95679"},"modified":"2026-02-20T10:40:23","modified_gmt":"2026-02-20T10:40:23","slug":"cl-60-delovna-postaja","status":"publish","type":"product","link":"https:\/\/go-st.vizia.si\/?product=cl-60-delovna-postaja","title":{"rendered":"CL 60 Delovna postaja"},"content":{"rendered":"<h3 class=\"desc-headings\">Samodejna podajalna glava<\/h3>\n<p>- Neprekinjeno podajanje zdru\u017euje visoko zmogljivost brez kompromisov pri kakovosti rezov.<br \/>- Idealno za obdelavo narezanih ali na kocke narezanih sestavin (gobe, \u010debula, paradi\u017enik, krompir) ali za pripravo pomfrija.<\/p>\n<h3 class=\"desc-headings\">Velika zmogljivost:<\/h3>\n<p>Zelo \u0161iroka odprtina je zasnovana za obdelavo celega zelja, solate ali do 15 paradi\u017enikov hkrati.<br \/> Izjemno ergonomsko<br \/>- Ro\u010dica s pomo\u010djo pri gibanju = manj napora za upravljavca<br \/>- Opremljena z avtomatskim ponovnim zagonom z ro\u010dico za prihranek \u010dasa in ve\u010dje udobje. 4-cevna podajalna glava :<br \/> - Premeri cevi: 2 cevi po 50 mm in 2 cevi po 70 mm.<br \/> - Idealno za neprekinjeno obdelavo dolge zelenjave.<\/p>\n<h3 class=\"desc-headings\">Re\u0161itev iz nerjave\u010dega jekla :<\/h3>\n<p>Enostavno \u010di\u0161\u010denje, primerno za pomivanje v pomivalnem stroju.<\/p>\n<h3 class=\"desc-headings\">Kon\u010dna re\u0161itev<\/h3>\n<p>Delovna postaja CL 60 vklju\u010duje vso opremo, ki jo potrebujete za pripravo sadja in zelenjave v razsutem stanju na vse mo\u017ene na\u010dine: - Paket 16 diskov MultiCut<br \/> - Ergonomski mobilni vozi\u010dek: Za prevoz, nalaganje in shranjevanje dodatkov. Prilo\u017eeni so + 3 gastroponvi GN1x1.<br \/> - Pribor za rezanje krompirja 3 mm<br \/> - Vozi\u010dek za shranjevanje delovne postaje: Za shranjevanje in prevoz vseh nastavkov!<br \/> Pladenj za 16 diskov in 8 nastavkov. Ponev GN1X1 za kuhinjske pripomo\u010dke.<br \/> &nbsp;<\/p>\n<h3 class=\"desc-headings\">Mo\u010dna motorna enota<\/h3>\n<p>Posoda in pokrov sta v celoti kovinska ter podstavek motorja iz nerjave\u010dega jekla<br \/> Zmogljiv motor<br \/> - Industrijski indukcijski motor za zahtevno uporabo zagotavlja vzdr\u017eljivost in zanesljivost.<br \/> - Motor je vgrajen na krogli\u010dnih le\u017eajih za tiho delovanje brez vibracij<br \/> - Brez \u0161\u010detk<br \/> - Gred motorja iz nerjave\u010dega jekla<\/p>\n<h3 class=\"desc-headings\">Brezhibno glaziran rez<\/h3>\n<p>Celotna ponudba ve\u010d kot 50 diskov z visoko natan\u010dnim bru\u0161enjem za najkakovostnej\u0161e reze..<\/p>\n","protected":false},"excerpt":{"rendered":"<p>Najbolj\u0161a re\u0161itev za pripravo zelenjave! Ta popolna delovna postaja ima vse, kar potrebujete za hitro obdelavo velikih koli\u010din zelenjave. Robustna, u\u010dinkovita, enostavna za \u010di\u0161\u010denje in ponuja naj\u0161ir\u0161i izbor rezov. Prihranite ure pri pripravi: rezanje, ribanje, julienne, valovito rezanje, pomfrit, kocke in celo pire.<\/p>\n","protected":false},"featured_media":94722,"comment_status":"closed","ping_status":"closed","template":"","meta":{"_acf_changed":false},"product_brand":[168],"product_cat":[127],"product_tag":[],"class_list":{"0":"post-95679","1":"product","2":"type-product","3":"status-publish","4":"has-post-thumbnail","6":"product_brand-robot-coupe","7":"product_cat-rezalniki-in-sekljalniki-sadja-in-zelenjave","9":"first","10":"instock","11":"shipping-taxable","12":"purchasable","13":"product-type-variable"},"acf":[],"_links":{"self":[{"href":"https:\/\/go-st.vizia.si\/index.php?rest_route=\/wp\/v2\/product\/95679","targetHints":{"allow":["GET"]}}],"collection":[{"href":"https:\/\/go-st.vizia.si\/index.php?rest_route=\/wp\/v2\/product"}],"about":[{"href":"https:\/\/go-st.vizia.si\/index.php?rest_route=\/wp\/v2\/types\/product"}],"replies":[{"embeddable":true,"href":"https:\/\/go-st.vizia.si\/index.php?rest_route=%2Fwp%2Fv2%2Fcomments&post=95679"}],"wp:featuredmedia":[{"embeddable":true,"href":"https:\/\/go-st.vizia.si\/index.php?rest_route=\/wp\/v2\/media\/94722"}],"wp:attachment":[{"href":"https:\/\/go-st.vizia.si\/index.php?rest_route=%2Fwp%2Fv2%2Fmedia&parent=95679"}],"wp:term":[{"taxonomy":"product_brand","embeddable":true,"href":"https:\/\/go-st.vizia.si\/index.php?rest_route=%2Fwp%2Fv2%2Fproduct_brand&post=95679"},{"taxonomy":"product_cat","embeddable":true,"href":"https:\/\/go-st.vizia.si\/index.php?rest_route=%2Fwp%2Fv2%2Fproduct_cat&post=95679"},{"taxonomy":"product_tag","embeddable":true,"href":"https:\/\/go-st.vizia.si\/index.php?rest_route=%2Fwp%2Fv2%2Fproduct_tag&post=95679"}],"curies":[{"name":"wp","href":"https:\/\/api.w.org\/{rel}","templated":true}]}}