{"id":95686,"date":"2026-02-20T10:23:42","date_gmt":"2026-02-20T10:23:42","guid":{"rendered":"https:\/\/go-st.vizia.si\/?product=cl-60-v-v-potisna-podajalna-glava"},"modified":"2026-02-20T10:49:20","modified_gmt":"2026-02-20T10:49:20","slug":"cl-60-v-v-potisna-podajalna-glava","status":"publish","type":"product","link":"https:\/\/go-st.vizia.si\/?product=cl-60-v-v-potisna-podajalna-glava","title":{"rendered":"CL 60 V.V. Potisna podajalna glava"},"content":{"rendered":"<h4>Velika zmogljivost: Zelo velik lijak<\/h4>\n<p>Zelo \u0161iroka odprtina je zasnovana za obdelavo celega zelja, solate ali do 15 paradi\u017enikov hkrati.<br \/> Natan\u010dni rezi so na voljo tudi z valjastim lijakom:<br \/> - \u00d8 58 mm: zasnovan za dolgo in ob\u010dutljivo zelenjavo (bu\u010dke, kumare itd.).<br \/> - \u00d8 39 mm Potisnik Exactitube: \u010dili, kisle kumarice, suhe klobase, banane, jagode in grozdje na obi\u010dajne rezine.<br \/> &nbsp;<\/p>\n<h4>Izjemno ergonomski<\/h4>\n<p>- Ro\u010dica s pomo\u010djo pri gibanju = manj napora za upravljavca<br \/> - Opremljen z avtomatskim ponovnim zagonom z ro\u010dico za prihranek \u010dasa in ve\u010dje udobje<\/p>\n<h4>Mo\u010dna motorna enota<\/h4>\n<p>Posoda in pokrov sta v celoti kovinska ter podstavek motorja iz nerjave\u010dega jekla<br \/> Zmogljiv motor<br \/> - Industrijski indukcijski motor za zahtevno uporabo zagotavlja vzdr\u017eljivost in zanesljivost.<br \/> - Motor je vgrajen na krogli\u010dnih le\u017eajih za tiho delovanje brez vibracij<br \/> - Ne krta\u010de<br \/> - Gred motorja iz nerjave\u010dega jekla<\/p>\n<h4>Ergonomsko<\/h4>\n<p>Pove\u010dana vi\u0161ina in nastavljiv ro\u010daj za optimalno udobje upravljavca. Glava se nagne v skladu z osnovo motorja za prihranek prostora. Zaradi kompaktne velikosti, dveh koles in ro\u010daja ga je zelo enostavno premikati.<br \/> &nbsp;<\/p>\n<h4>Trdnost<\/h4>\n<p>Trpe\u017ena konstrukcija, zasnovana za intenzivno uporabo.<\/p>\n<h4>Brezhibno glaziran rez<\/h4>\n<p>Celotna ponudba ve\u010d kot 50 diskov z visoko preciznim bru\u0161enjem za najkakovostnej\u0161e reze..<\/p>\n","protected":false},"excerpt":{"rendered":"<p>Na\u0161a vrhunska talna enota je zasnovana za rezanje velikih koli\u010din zelenjave v hipu. Robustna, u\u010dinkovita, enostavna za \u010di\u0161\u010denje in ponuja naj\u0161ir\u0161i nabor rezov. Prihranite si doslednost in ure pri pripravi jedi: rezanje, ribanje, julienne, valovito rezanje, pomfrit, kocke in celo pire.<\/p>\n","protected":false},"featured_media":94721,"comment_status":"closed","ping_status":"closed","template":"","meta":{"_acf_changed":false},"product_brand":[168],"product_cat":[127],"product_tag":[],"class_list":{"0":"post-95686","1":"product","2":"type-product","3":"status-publish","4":"has-post-thumbnail","6":"product_brand-robot-coupe","7":"product_cat-rezalniki-in-sekljalniki-sadja-in-zelenjave","9":"first","10":"instock","11":"shipping-taxable","12":"purchasable","13":"product-type-simple"},"acf":[],"_links":{"self":[{"href":"https:\/\/go-st.vizia.si\/index.php?rest_route=\/wp\/v2\/product\/95686","targetHints":{"allow":["GET"]}}],"collection":[{"href":"https:\/\/go-st.vizia.si\/index.php?rest_route=\/wp\/v2\/product"}],"about":[{"href":"https:\/\/go-st.vizia.si\/index.php?rest_route=\/wp\/v2\/types\/product"}],"replies":[{"embeddable":true,"href":"https:\/\/go-st.vizia.si\/index.php?rest_route=%2Fwp%2Fv2%2Fcomments&post=95686"}],"wp:featuredmedia":[{"embeddable":true,"href":"https:\/\/go-st.vizia.si\/index.php?rest_route=\/wp\/v2\/media\/94721"}],"wp:attachment":[{"href":"https:\/\/go-st.vizia.si\/index.php?rest_route=%2Fwp%2Fv2%2Fmedia&parent=95686"}],"wp:term":[{"taxonomy":"product_brand","embeddable":true,"href":"https:\/\/go-st.vizia.si\/index.php?rest_route=%2Fwp%2Fv2%2Fproduct_brand&post=95686"},{"taxonomy":"product_cat","embeddable":true,"href":"https:\/\/go-st.vizia.si\/index.php?rest_route=%2Fwp%2Fv2%2Fproduct_cat&post=95686"},{"taxonomy":"product_tag","embeddable":true,"href":"https:\/\/go-st.vizia.si\/index.php?rest_route=%2Fwp%2Fv2%2Fproduct_tag&post=95686"}],"curies":[{"name":"wp","href":"https:\/\/api.w.org\/{rel}","templated":true}]}}