{"id":95690,"date":"2026-02-20T10:23:43","date_gmt":"2026-02-20T10:23:43","guid":{"rendered":"https:\/\/go-st.vizia.si\/?product=namizni-rezalnik-r-10-v-v"},"modified":"2026-02-20T11:41:04","modified_gmt":"2026-02-20T11:41:04","slug":"namizni-rezalnik-r-10-v-v","status":"publish","type":"product","link":"https:\/\/go-st.vizia.si\/?product=namizni-rezalnik-r-10-v-v","title":{"rendered":"Namizni rezalnik R 10 V.V."},"content":{"rendered":"<h3 class=\"desc-headings\">Posoda za rezanje<\/h3>\n<p>10-litrska posoda za rezanje iz nerjave\u010dega jekla<\/p>\n<h3 class=\"desc-headings\">Gladko rezilo<\/h3>\n<p>Dvojno rezilo na dnu posode iz 100 % nerjave\u010dega jekla za delo z majhnimi in velikimi koli\u010dinami. Snemljivo in nastavljivo.<\/p>\n<h3 class=\"desc-headings\">Ergonomski ro\u010daji<\/h3>\n<p>Na skledi za bolj\u0161i in varnej\u0161i oprijem.<br \/> Na zadnji strani aparata za la\u017eje premikanje med \u010di\u0161\u010denjem.<\/p>\n<h3 class=\"desc-headings\">Prozoren pokrov iz polikarbonata<\/h3>\n<p>- Spremljajte pripravo od za\u010detka do konca.<br \/> - Dodajajte teko\u010dine ali sestavine med obdelavo.<br \/> - Gumijasto tesnilo prepre\u010duje prelivanje teko\u010dine.<br \/> - Hitro in enostavno odstranjevanje.<br \/> - Primerno za pomivanje v pomivalnem stroju.<\/p>\n<h3 class=\"desc-headings\">Funkcija R-Mix \u00ae<\/h3>\n<p>- Za me\u0161anje ob\u010dutljivih sestavin brez sekljanja.<br \/> - Funkcija R-Mix\u00ae je zasnovana za me\u0161anje z vzvratnim vrtenjem pri spremenljivih hitrostih od 60 do 500 vrt\/min za me\u0161anje celih kosov mesa, repov rakov, brunoisesov in na kocke narezanih slanin.<\/p>\n<h3 class=\"desc-headings\">Indukcijski motor za intenzivno uporabo<\/h3>\n<p>Zmogljiv komercialni motor za zagotavljanje vzdr\u017eljivosti in zanesljivosti.<\/p>\n","protected":false},"excerpt":{"rendered":"<p>Obvezna oprema za sla\u0161\u010di\u010darje in kuharje!<br \/> Z dvojnim rezilom v obliki sklede \u2013 inovacijo Robot-Coupe \u2013 je idealen pomo\u010dnik v va\u0161i kuhinji. Vse priprave lahko opravite s preprostim pritiskom na gumb: emulzije in omake; mleto meso in ribe; sekljanje \u010debule, zeli\u0161\u010d in za\u010dimb; mletje ore\u0161\u010dkov, \u010dokolade ali pralin; gnetenje testa.<\/p>\n","protected":false},"featured_media":95122,"comment_status":"closed","ping_status":"closed","template":"","meta":{"_acf_changed":false},"product_brand":[168],"product_cat":[127],"product_tag":[],"class_list":{"0":"post-95690","1":"product","2":"type-product","3":"status-publish","4":"has-post-thumbnail","6":"product_brand-robot-coupe","7":"product_cat-rezalniki-in-sekljalniki-sadja-in-zelenjave","9":"first","10":"instock","11":"shipping-taxable","12":"purchasable","13":"product-type-simple"},"acf":[],"_links":{"self":[{"href":"https:\/\/go-st.vizia.si\/index.php?rest_route=\/wp\/v2\/product\/95690","targetHints":{"allow":["GET"]}}],"collection":[{"href":"https:\/\/go-st.vizia.si\/index.php?rest_route=\/wp\/v2\/product"}],"about":[{"href":"https:\/\/go-st.vizia.si\/index.php?rest_route=\/wp\/v2\/types\/product"}],"replies":[{"embeddable":true,"href":"https:\/\/go-st.vizia.si\/index.php?rest_route=%2Fwp%2Fv2%2Fcomments&post=95690"}],"wp:featuredmedia":[{"embeddable":true,"href":"https:\/\/go-st.vizia.si\/index.php?rest_route=\/wp\/v2\/media\/95122"}],"wp:attachment":[{"href":"https:\/\/go-st.vizia.si\/index.php?rest_route=%2Fwp%2Fv2%2Fmedia&parent=95690"}],"wp:term":[{"taxonomy":"product_brand","embeddable":true,"href":"https:\/\/go-st.vizia.si\/index.php?rest_route=%2Fwp%2Fv2%2Fproduct_brand&post=95690"},{"taxonomy":"product_cat","embeddable":true,"href":"https:\/\/go-st.vizia.si\/index.php?rest_route=%2Fwp%2Fv2%2Fproduct_cat&post=95690"},{"taxonomy":"product_tag","embeddable":true,"href":"https:\/\/go-st.vizia.si\/index.php?rest_route=%2Fwp%2Fv2%2Fproduct_tag&post=95690"}],"curies":[{"name":"wp","href":"https:\/\/api.w.org\/{rel}","templated":true}]}}