{"id":95693,"date":"2026-02-20T10:23:45","date_gmt":"2026-02-20T10:23:45","guid":{"rendered":"https:\/\/go-st.vizia.si\/?product=blixer-10-v-v"},"modified":"2026-02-20T11:22:56","modified_gmt":"2026-02-20T11:22:56","slug":"blixer-10-v-v","status":"publish","type":"product","link":"https:\/\/go-st.vizia.si\/?product=blixer-10-v-v","title":{"rendered":"Blixer\u00ae 10 V.V."},"content":{"rendered":"<h3 class=\"desc-headings\">Skleda z ro\u010daji<\/h3>\n<p>11,5-litrska skleda iz nerjave\u010dega jekla z ergonomskimi ro\u010daji:<br \/> - Na skledi za bolj\u0161i in varnej\u0161i oprijem.<br \/> - Na zadnji strani stroja za la\u017eje premikanje in \u010di\u0161\u010denje.<\/p>\n<h3 class=\"desc-headings\">Fino nazob\u010dano rezilo<\/h3>\n<p>Osnovna enota sklede iz 100 % nerjave\u010dega jekla z fino nazob\u010danim robom za delo z majhnimi in velikimi koli\u010dinami. Snemljiva in nastavljiva.<\/p>\n<h3 class=\"desc-headings\">Roka Blixer\u00ae<\/h3>\n<p>Sistem za strganje pokrova in sklede za zagotavljanje homogenih rezultatov. Enostavno odstranjevanje in \u010di\u0161\u010denje.<\/p>\n<h3 class=\"desc-headings\">Prozoren polikarbonatni pokrov<\/h3>\n<p>- Brisalec pokrova vam omogo\u010da spremljanje priprave od za\u010detka do konca.<br \/> - Odprtina na sredini za dodajanje teko\u010din ali suhih sestavin med obdelavo.<br \/> - Zasnovan tako, da teko\u010dino ob odprtju usmeri nazaj v posodo.<br \/> - Gumijasto tesnilo prepre\u010duje prelivanje teko\u010dine.<br \/> - Hitro in enostavno odstranjevanje za \u010di\u0161\u010denje.<br \/> - Primerno za pomivanje v pomivalnem stroju.<\/p>\n<h3 class=\"desc-headings\">Enostavna monta\u017ea<\/h3>\n<p>Visoka osrednja gred posode za obdelavo teko\u010dih sestavin.<br \/> Centralni sistem zaklepanja posode za enostavno monta\u017eo.<\/p>\n<h3 class=\"desc-headings\">Indukcijski motor za intenzivno uporabo<\/h3>\n<p>Zmogljiv komercialni motor za zagotavljanje vzdr\u017eljivosti in zanesljivosti.<\/p>\n","protected":false},"excerpt":{"rendered":"<p><strong>Idealno za obdelavo 10\u201333 porcij. <\/strong><br \/> Na\u0161a enota z najve\u010djo zmogljivostjo in spremenljivo hitrostjo v seriji namiznih naprav. Zasnovana za pomo\u010d zdravstvenemu sektorju pri pripravi obrokov s spremenjeno teksturo za njihove stanovalce. Vsa \u017eivila, surova ali kuhana, sladka ali slana, glavne jedi, sladice ali sir, se lahko obdelajo do razli\u010dnih stopenj teksture.<\/p>\n","protected":false},"featured_media":94648,"comment_status":"closed","ping_status":"closed","template":"","meta":{"_acf_changed":false},"product_brand":[168],"product_cat":[127],"product_tag":[],"class_list":{"0":"post-95693","1":"product","2":"type-product","3":"status-publish","4":"has-post-thumbnail","6":"product_brand-robot-coupe","7":"product_cat-rezalniki-in-sekljalniki-sadja-in-zelenjave","9":"first","10":"instock","11":"shipping-taxable","12":"purchasable","13":"product-type-simple"},"acf":[],"_links":{"self":[{"href":"https:\/\/go-st.vizia.si\/index.php?rest_route=\/wp\/v2\/product\/95693","targetHints":{"allow":["GET"]}}],"collection":[{"href":"https:\/\/go-st.vizia.si\/index.php?rest_route=\/wp\/v2\/product"}],"about":[{"href":"https:\/\/go-st.vizia.si\/index.php?rest_route=\/wp\/v2\/types\/product"}],"replies":[{"embeddable":true,"href":"https:\/\/go-st.vizia.si\/index.php?rest_route=%2Fwp%2Fv2%2Fcomments&post=95693"}],"wp:featuredmedia":[{"embeddable":true,"href":"https:\/\/go-st.vizia.si\/index.php?rest_route=\/wp\/v2\/media\/94648"}],"wp:attachment":[{"href":"https:\/\/go-st.vizia.si\/index.php?rest_route=%2Fwp%2Fv2%2Fmedia&parent=95693"}],"wp:term":[{"taxonomy":"product_brand","embeddable":true,"href":"https:\/\/go-st.vizia.si\/index.php?rest_route=%2Fwp%2Fv2%2Fproduct_brand&post=95693"},{"taxonomy":"product_cat","embeddable":true,"href":"https:\/\/go-st.vizia.si\/index.php?rest_route=%2Fwp%2Fv2%2Fproduct_cat&post=95693"},{"taxonomy":"product_tag","embeddable":true,"href":"https:\/\/go-st.vizia.si\/index.php?rest_route=%2Fwp%2Fv2%2Fproduct_tag&post=95693"}],"curies":[{"name":"wp","href":"https:\/\/api.w.org\/{rel}","templated":true}]}}