{"id":95694,"date":"2026-02-20T10:23:45","date_gmt":"2026-02-20T10:23:45","guid":{"rendered":"https:\/\/go-st.vizia.si\/?product=avtomatsko-sito-c-200-v-v"},"modified":"2026-02-24T09:42:05","modified_gmt":"2026-02-24T09:42:05","slug":"avtomatsko-sito-c-200-v-v","status":"publish","type":"product","link":"https:\/\/go-st.vizia.si\/?product=avtomatsko-sito-c-200-v-v","title":{"rendered":"Avtomatsko sito C 200 V.V."},"content":{"rendered":"<h3 class=\"desc-headings\">Lijak<\/h3>\n<p>Neprekinjeno dovajanje opranih sestavin, ki niso bile olu\u0161\u010dene, semenske ali kuhane.<\/p>\n<h3 class=\"desc-headings\">Perforirana ko\u0161ara<\/h3>\n<p>Izdelki padejo v ko\u0161aro, kjer se centrifugirajo.<\/p>\n<h3 class=\"desc-headings\">Vesla<\/h3>\n<p>Sistem lopatic, ki se vrtijo s 1500 vrt\/min, zaradi \u010desar se sestavine v ko\u0161ari lo\u010dijo s centrifugalno silo.<\/p>\n<h3 class=\"desc-headings\">Izmetni \u017eleb za kon\u010dni izdelek<\/h3>\n<p>Tukaj se izvr\u017ee pripravljena pulpa, ki je brez pe\u0161k, ko\u0161\u010dkov, ko\u017ee, vlaken in kosti.<\/p>\n<h3 class=\"desc-headings\">Izmetni \u017eleb za odpadke<\/h3>\n<p>Za odstranjevanje ko\u017eic, pe\u0161k, ko\u0161\u010dkov, repov, kosti, lupin in vlaken ali za ponovno uporabo.<\/p>\n","protected":false},"excerpt":{"rendered":"<p>Na\u0161e vrhunsko, visokozmogljivo avtomatsko sito s spremenljivo hitrostjo. Zasnovano za pripravo sadnih prelivov in pirejev, zelenjavnih pen, omak, bisquesov in ribjih juh z lo\u010devanjem pe\u0161k, ko\u0161\u010dic, vlaken in trupov, ne da bi jih zdrobili. Sistem neprekinjenega dovajanja omogo\u010da enostavno uporabo in prihrani veliko \u010dasa.<\/p>\n","protected":false},"featured_media":94680,"comment_status":"closed","ping_status":"closed","template":"","meta":{"_acf_changed":false},"product_brand":[168],"product_cat":[143],"product_tag":[],"class_list":{"0":"post-95694","1":"product","2":"type-product","3":"status-publish","4":"has-post-thumbnail","6":"product_brand-robot-coupe","7":"product_cat-ostale-naprave-za-zelenjavo","9":"first","10":"instock","11":"shipping-taxable","12":"purchasable","13":"product-type-simple"},"acf":[],"_links":{"self":[{"href":"https:\/\/go-st.vizia.si\/index.php?rest_route=\/wp\/v2\/product\/95694","targetHints":{"allow":["GET"]}}],"collection":[{"href":"https:\/\/go-st.vizia.si\/index.php?rest_route=\/wp\/v2\/product"}],"about":[{"href":"https:\/\/go-st.vizia.si\/index.php?rest_route=\/wp\/v2\/types\/product"}],"replies":[{"embeddable":true,"href":"https:\/\/go-st.vizia.si\/index.php?rest_route=%2Fwp%2Fv2%2Fcomments&post=95694"}],"wp:featuredmedia":[{"embeddable":true,"href":"https:\/\/go-st.vizia.si\/index.php?rest_route=\/wp\/v2\/media\/94680"}],"wp:attachment":[{"href":"https:\/\/go-st.vizia.si\/index.php?rest_route=%2Fwp%2Fv2%2Fmedia&parent=95694"}],"wp:term":[{"taxonomy":"product_brand","embeddable":true,"href":"https:\/\/go-st.vizia.si\/index.php?rest_route=%2Fwp%2Fv2%2Fproduct_brand&post=95694"},{"taxonomy":"product_cat","embeddable":true,"href":"https:\/\/go-st.vizia.si\/index.php?rest_route=%2Fwp%2Fv2%2Fproduct_cat&post=95694"},{"taxonomy":"product_tag","embeddable":true,"href":"https:\/\/go-st.vizia.si\/index.php?rest_route=%2Fwp%2Fv2%2Fproduct_tag&post=95694"}],"curies":[{"name":"wp","href":"https:\/\/api.w.org\/{rel}","templated":true}]}}