{"id":95696,"date":"2026-02-20T10:23:46","date_gmt":"2026-02-20T10:23:46","guid":{"rendered":"https:\/\/go-st.vizia.si\/?product=rezalnik-in-sekljalnik-zelenjave-r-201-xl-ultra"},"modified":"2026-02-20T10:38:47","modified_gmt":"2026-02-20T10:38:47","slug":"rezalnik-in-sekljalnik-zelenjave-r-201-xl-ultra","status":"publish","type":"product","link":"https:\/\/go-st.vizia.si\/?product=rezalnik-in-sekljalnik-zelenjave-r-201-xl-ultra","title":{"rendered":"Rezalnik in sekljalnik zelenjave R 201 XL Ultra"},"content":{"rendered":"<h3 class=\"desc-headings\">Posoda za rezanje<\/h3>\n<p>2,9-litrska posoda za rezanje iz nerjave\u010dega jekla z ro\u010dajem.<\/p>\n<h3 class=\"desc-headings\">Dvojni rezilni sklop na dnu posode<\/h3>\n<p>Za obdelavo velikih in majhnih koli\u010din.<br \/> Dodatna oprema<br \/> - Grobo nazob\u010dano rezilo: gnetenje in mletje.<br \/> - Fino nazob\u010dano rezilo: zeli\u0161\u010da in za\u010dimbe.<\/p>\n<h3 class=\"desc-headings\">Pokrov opremljen z dvema lijakoma<\/h3>\n<p>- Velik lijak (povr\u0161ina 87 cm\u00b2), zasnovan za rezanje debele zelenjave, kot so zelje, \u010debula, solata in paradi\u017enik.<br \/> Natan\u010dni rezi so na voljo tudi z valjastim lijakom:<br \/> - \u00d8 58 mm: zasnovan za dolgo in ob\u010dutljivo zelenjavo (bu\u010dke, kumare itd.).<\/p>\n<h3 class=\"desc-headings\">Brezhibno glaziran rez<\/h3>\n<p>Celotna ponudba 24 diskov iz nerjave\u010dega jekla z visoko preciznim bru\u0161enjem za najkakovostnej\u0161e reze.<\/p>\n<h3 class=\"desc-headings\">Enostavna uporaba<\/h3>\n<p>- Kompakten Namizni model z majhnim odtisom, ki omogo\u010da \u0161iroko paleto rezov in priprav rezalnikov.<br \/> - Patentiran varnostni sistem: Opremljen z avtomatskim ponovnim zagonom z ro\u010dico za prihranek \u010dasa in ve\u010dje udobje.<\/p>\n<h3 class=\"desc-headings\">Zmogljiv motor<\/h3>\n<p>- Industrijski indukcijski motor za zahtevno uporabo zagotavlja vzdr\u017eljivost in zanesljivost.<br \/> - Motor zgrajen na krogli\u010dnih le\u017eajih za tiho delovanje brez vibracij<br \/> - Motor z neposrednim pogonom:<br \/> \u2022 Dodatna mo\u010d<br \/> \u2022 Brez jermenov<br \/> \u2022 Brez vzdr\u017eevanja<br \/> - Brez \u0161\u010detk<br \/> - Gred motorja iz nerjave\u010dega jekla<\/p>\n","protected":false},"excerpt":{"rendered":"<p>Ve\u010dfunkcijski kompaktni namizni model, enostaven za \u010di\u0161\u010denje in shranjevanje \u2013 tudi v najmanj\u0161ih kuhinjah.<br \/> - Rezalnik za sekljanje, emulgiranje, gnetenje, mletje in pripravo omak.<br \/> - Rezalnik zelenjave za enostavno rezanje, ribanje in rezanje na tanke rezine za solate, nadeve za sendvi\u010de in splo\u0161no vsakodnevno pripravo hrane.<\/p>\n","protected":false},"featured_media":95146,"comment_status":"closed","ping_status":"closed","template":"","meta":{"_acf_changed":false},"product_brand":[168],"product_cat":[127],"product_tag":[],"class_list":{"0":"post-95696","1":"product","2":"type-product","3":"status-publish","4":"has-post-thumbnail","6":"product_brand-robot-coupe","7":"product_cat-rezalniki-in-sekljalniki-sadja-in-zelenjave","9":"first","10":"instock","11":"shipping-taxable","12":"purchasable","13":"product-type-variable"},"acf":[],"_links":{"self":[{"href":"https:\/\/go-st.vizia.si\/index.php?rest_route=\/wp\/v2\/product\/95696","targetHints":{"allow":["GET"]}}],"collection":[{"href":"https:\/\/go-st.vizia.si\/index.php?rest_route=\/wp\/v2\/product"}],"about":[{"href":"https:\/\/go-st.vizia.si\/index.php?rest_route=\/wp\/v2\/types\/product"}],"replies":[{"embeddable":true,"href":"https:\/\/go-st.vizia.si\/index.php?rest_route=%2Fwp%2Fv2%2Fcomments&post=95696"}],"wp:featuredmedia":[{"embeddable":true,"href":"https:\/\/go-st.vizia.si\/index.php?rest_route=\/wp\/v2\/media\/95146"}],"wp:attachment":[{"href":"https:\/\/go-st.vizia.si\/index.php?rest_route=%2Fwp%2Fv2%2Fmedia&parent=95696"}],"wp:term":[{"taxonomy":"product_brand","embeddable":true,"href":"https:\/\/go-st.vizia.si\/index.php?rest_route=%2Fwp%2Fv2%2Fproduct_brand&post=95696"},{"taxonomy":"product_cat","embeddable":true,"href":"https:\/\/go-st.vizia.si\/index.php?rest_route=%2Fwp%2Fv2%2Fproduct_cat&post=95696"},{"taxonomy":"product_tag","embeddable":true,"href":"https:\/\/go-st.vizia.si\/index.php?rest_route=%2Fwp%2Fv2%2Fproduct_tag&post=95696"}],"curies":[{"name":"wp","href":"https:\/\/api.w.org\/{rel}","templated":true}]}}