{"id":95704,"date":"2026-02-20T10:23:49","date_gmt":"2026-02-20T10:23:49","guid":{"rendered":"https:\/\/go-st.vizia.si\/?product=rezalnik-in-sekljalnik-zelenjave-r-502"},"modified":"2026-02-20T10:38:46","modified_gmt":"2026-02-20T10:38:46","slug":"rezalnik-in-sekljalnik-zelenjave-r-502","status":"publish","type":"product","link":"https:\/\/go-st.vizia.si\/?product=rezalnik-in-sekljalnik-zelenjave-r-502","title":{"rendered":"Rezalnik in sekljalnik zelenjave R 502"},"content":{"rendered":"<h3 class=\"desc-headings\">Posoda za rezanje<\/h3>\n<p>Posoda za rezanje iz nerjave\u010dega jekla s prostornino 5,9 l za obdelavo velikih koli\u010din in prihranek \u010dasa.<br \/> Ergonomski ro\u010daj z mehkim oprijemom za ve\u010dje udobje ter trden in varen oprijem.<\/p>\n<h3 class=\"desc-headings\">Stralna roka<\/h3>\n<p>Zasnovana za enostavno strganje pokrova in robov posode brez ustavljanja stroja.<\/p>\n<h3 class=\"desc-headings\">\u010casovnik<\/h3>\n<p>od\u0161tevanje in \u0161toparica.<br \/> Bistveno za standardizacijo va\u0161ih receptov z najve\u010djo natan\u010dnostjo.<\/p>\n<h3 class=\"desc-headings\">Velika zmogljivost<\/h3>\n<p>- Za vstavljanje velike zelenjave, kot so zelje, solata, \u010debula, paradi\u017enik in jaj\u010devci. Lahko sprejme do 10 paradi\u017enikov hkrati.<br \/> - Natan\u010dnost: Valjasti lijak (\u00d8 58 mm) je namenjen dolgi in ob\u010dutljivi zelenjavi (bu\u010dke, kumare itd.) z brezhibno natan\u010dnostjo rezanja.<\/p>\n<h3 class=\"desc-headings\">Ekskluzivni rezi!<\/h3>\n<p>Potisni cev Exactitube (\u00d8 39 mm): \u010dili, kisle kumarice, suhe klobase, banane, jagode in grozdje na obi\u010dajne rezine.<\/p>\n<h3 class=\"desc-headings\">Brezhibno glaziran rez<\/h3>\n<p>Celotna ponudba ve\u010d kot 50 diskov z visoko preciznim ostrenjem za najkakovostnej\u0161e reze.<\/p>\n","protected":false},"excerpt":{"rendered":"<p>Ve\u010dfunkcijski stroj, zasnovan za pripravo zelenjave in vsestransko uporabo!<br \/> - Rezalnik za sekljanje, emulgiranje, gnetenje, mletje in pripravo omak<br \/> - Rezalnik zelenjave za enostavno vsakodnevno pripravo: rezanje, ribanje, valovito rezanje, julienne, pomfri in kockanje<\/p>\n","protected":false},"featured_media":95085,"comment_status":"closed","ping_status":"closed","template":"","meta":{"_acf_changed":false},"product_brand":[168],"product_cat":[127],"product_tag":[],"class_list":{"0":"post-95704","1":"product","2":"type-product","3":"status-publish","4":"has-post-thumbnail","6":"product_brand-robot-coupe","7":"product_cat-rezalniki-in-sekljalniki-sadja-in-zelenjave","9":"first","10":"instock","11":"shipping-taxable","12":"purchasable","13":"product-type-variable"},"acf":[],"_links":{"self":[{"href":"https:\/\/go-st.vizia.si\/index.php?rest_route=\/wp\/v2\/product\/95704","targetHints":{"allow":["GET"]}}],"collection":[{"href":"https:\/\/go-st.vizia.si\/index.php?rest_route=\/wp\/v2\/product"}],"about":[{"href":"https:\/\/go-st.vizia.si\/index.php?rest_route=\/wp\/v2\/types\/product"}],"replies":[{"embeddable":true,"href":"https:\/\/go-st.vizia.si\/index.php?rest_route=%2Fwp%2Fv2%2Fcomments&post=95704"}],"wp:featuredmedia":[{"embeddable":true,"href":"https:\/\/go-st.vizia.si\/index.php?rest_route=\/wp\/v2\/media\/95085"}],"wp:attachment":[{"href":"https:\/\/go-st.vizia.si\/index.php?rest_route=%2Fwp%2Fv2%2Fmedia&parent=95704"}],"wp:term":[{"taxonomy":"product_brand","embeddable":true,"href":"https:\/\/go-st.vizia.si\/index.php?rest_route=%2Fwp%2Fv2%2Fproduct_brand&post=95704"},{"taxonomy":"product_cat","embeddable":true,"href":"https:\/\/go-st.vizia.si\/index.php?rest_route=%2Fwp%2Fv2%2Fproduct_cat&post=95704"},{"taxonomy":"product_tag","embeddable":true,"href":"https:\/\/go-st.vizia.si\/index.php?rest_route=%2Fwp%2Fv2%2Fproduct_tag&post=95704"}],"curies":[{"name":"wp","href":"https:\/\/api.w.org\/{rel}","templated":true}]}}