{"id":95712,"date":"2026-02-20T10:23:53","date_gmt":"2026-02-20T10:23:53","guid":{"rendered":"https:\/\/go-st.vizia.si\/?product=stroj-za-pripravo-zelenjave-cl-50-ultra-pizza"},"modified":"2026-02-20T11:42:07","modified_gmt":"2026-02-20T11:42:07","slug":"stroj-za-pripravo-zelenjave-cl-50-ultra-pizza","status":"publish","type":"product","link":"https:\/\/go-st.vizia.si\/?product=stroj-za-pripravo-zelenjave-cl-50-ultra-pizza","title":{"rendered":"Stroj za pripravo zelenjave CL 50 Ultra Pizza"},"content":{"rendered":"<h3 class=\"desc-headings\">Velik izhod<\/h3>\n<p>Za vstavljanje velike zelenjave, kot so zelje, solata, \u010debula, paradi\u017enik in jaj\u010devci. Lahko sprejme do 10 paradi\u017enikov hkrati.<\/p>\n<h3 class=\"desc-headings\">Natan\u010dnost<\/h3>\n<p>Cilindri\u010dni lijak (\u00d8 58 mm) je namenjen dolgi in ob\u010dutljivi zelenjavi (bu\u010dke, kumare itd.) z brezhibno natan\u010dnostjo rezanja..<\/p>\n<h3 class=\"desc-headings\">Ekskluzivni rezi!<\/h3>\n<p>Potisni cev Exactitube (\u00d8 39 mm): \u010dili, kisle kumarice, suhe klobase, banane, jagode in grozdje na obi\u010dajne rezine.<\/p>\n<h3 class=\"desc-headings\">Enostavna uporaba<\/h3>\n<p>- Kompakten namizni model z majhnim odtisom, ki omogo\u010da \u0161iroko paleto rezov.<br \/>- Stranski izmet: Prihranek prostora.<br \/>- Opremljen z avtomatskim ponovnim zagonom z ro\u010dico za prihranek \u010dasa in ve\u010dje udobje.<\/p>\n<h3 class=\"desc-headings\">Mo\u010dna motorna enota<\/h3>\n<p>Posoda in pokrov sta v celoti kovinska ter podstavek motorja iz nerjave\u010dega jekla<br \/> Zmogljiv motor<br \/>- Industrijski indukcijski motor za zahtevno uporabo zagotavlja vzdr\u017eljivost in zanesljivost.<br \/>- Motor zgrajen na krogli\u010dnih le\u017eajih za tiho delovanje brez vibracije<br \/> -&nbsp;Brez \u0161\u010detk<br \/> -&nbsp;Gred motorja iz nerjave\u010dega jekla<\/p>\n<h3 class=\"desc-headings\">Brezhibno glaziran rez<\/h3>\n<p>Celotna ponudba ve\u010d kot 50 diskov z visoko preciznim ostrenjem za najkakovostnej\u0161e reze..<\/p>\n","protected":false},"excerpt":{"rendered":"<p>Popoln paket za va\u0161e potrebe po pici: robusten, u\u010dinkovit in enostaven za \u010di\u0161\u010denje. Pridobite konsistenco in prihranite ure pri pripravi. Prilo\u017eeni diski so idealni za obdelavo vseh nadevov in sira.<\/p>\n","protected":false},"featured_media":94707,"comment_status":"closed","ping_status":"closed","template":"","meta":{"_acf_changed":false},"product_brand":[168],"product_cat":[127],"product_tag":[],"class_list":{"0":"post-95712","1":"product","2":"type-product","3":"status-publish","4":"has-post-thumbnail","6":"product_brand-robot-coupe","7":"product_cat-rezalniki-in-sekljalniki-sadja-in-zelenjave","9":"first","10":"instock","11":"shipping-taxable","12":"purchasable","13":"product-type-variable"},"acf":[],"_links":{"self":[{"href":"https:\/\/go-st.vizia.si\/index.php?rest_route=\/wp\/v2\/product\/95712","targetHints":{"allow":["GET"]}}],"collection":[{"href":"https:\/\/go-st.vizia.si\/index.php?rest_route=\/wp\/v2\/product"}],"about":[{"href":"https:\/\/go-st.vizia.si\/index.php?rest_route=\/wp\/v2\/types\/product"}],"replies":[{"embeddable":true,"href":"https:\/\/go-st.vizia.si\/index.php?rest_route=%2Fwp%2Fv2%2Fcomments&post=95712"}],"wp:featuredmedia":[{"embeddable":true,"href":"https:\/\/go-st.vizia.si\/index.php?rest_route=\/wp\/v2\/media\/94707"}],"wp:attachment":[{"href":"https:\/\/go-st.vizia.si\/index.php?rest_route=%2Fwp%2Fv2%2Fmedia&parent=95712"}],"wp:term":[{"taxonomy":"product_brand","embeddable":true,"href":"https:\/\/go-st.vizia.si\/index.php?rest_route=%2Fwp%2Fv2%2Fproduct_brand&post=95712"},{"taxonomy":"product_cat","embeddable":true,"href":"https:\/\/go-st.vizia.si\/index.php?rest_route=%2Fwp%2Fv2%2Fproduct_cat&post=95712"},{"taxonomy":"product_tag","embeddable":true,"href":"https:\/\/go-st.vizia.si\/index.php?rest_route=%2Fwp%2Fv2%2Fproduct_tag&post=95712"}],"curies":[{"name":"wp","href":"https:\/\/api.w.org\/{rel}","templated":true}]}}