{"id":95720,"date":"2026-02-20T10:23:59","date_gmt":"2026-02-20T10:23:59","guid":{"rendered":"https:\/\/go-st.vizia.si\/?product=namizni-rezalnik-r-3-1500"},"modified":"2026-02-20T11:28:44","modified_gmt":"2026-02-20T11:28:44","slug":"namizni-rezalnik-r-3-1500","status":"publish","type":"product","link":"https:\/\/go-st.vizia.si\/?product=namizni-rezalnik-r-3-1500","title":{"rendered":"Namizni rezalnik R 3-1500"},"content":{"rendered":"<h4>Posoda za rezanje<\/h4>\n<p>3,7-litrska posoda za rezanje iz bru\u0161enega nerjave\u010dega jekla.<\/p>\n<h4>Dvojni rezilni sklop na dnu posode<\/h4>\n<p>Za obdelavo velikih in majhnih koli\u010din.<\/p>\n<h4>Ergonomski ro\u010daj<\/h4>\n<p>Mehak ro\u010daj, zasnovan za ve\u010dje udobje ter trden in varen oprijem.<\/p>\n<h4>Prozoren pokrov iz polikarbonata<\/h4>\n<p>- Spremljajte pripravo od za\u010detka do konca.<br \/>- Med obdelavo dodajajte teko\u010dine ali sestavine.<br \/>- Gumijasto tesnilo prepre\u010duje prelivanje teko\u010dine.<br \/>- Hitro in enostavno odstranjevanje.<br \/>- Primerno za pomivanje v pomivalnem stroju.<\/p>\n<h4>Hitrost<\/h4>\n<p>1500 vrt\/min<\/p>\n<h4>Zmogljiv motor<\/h4>\n<p>- Industrijski indukcijski motor za zahtevno uporabo zagotavlja vzdr\u017eljivost in zanesljivost.<br \/>- Motor zgrajen na krogli\u010dnih le\u017eajih za tiho delovanje brez vibracij<br \/>- Motor z neposrednim pogonom:<br \/> &nbsp; \u2022 Dodatna mo\u010d<br \/> &nbsp; \u2022 Brez jermenov<br \/> \u2022 Brez vzdr\u017eevanja<br \/> - Brez \u0161\u010detk<br \/> - Gred motorja iz nerjave\u010dega jekla<\/p>\n","protected":false},"excerpt":{"rendered":"<p>Obvezna oprema za sla\u0161\u010di\u010darje in kuharje!<br \/> Z dvojnim rezilom v obliki sklede \u2013 inovacijo Robot-Coupe \u2013 je idealen pomo\u010dnik v va\u0161i kuhinji. Vse priprave lahko opravite s preprostim pritiskom na gumb: emulzije in omake; mleto meso in ribe; sekljanje \u010debule, zeli\u0161\u010d in za\u010dimb; mletje ore\u0161\u010dkov, \u010dokolade ali pralin; gnetenje testa.<\/p>\n","protected":false},"featured_media":95093,"comment_status":"closed","ping_status":"closed","template":"","meta":{"_acf_changed":false},"product_brand":[168],"product_cat":[127],"product_tag":[],"class_list":{"0":"post-95720","1":"product","2":"type-product","3":"status-publish","4":"has-post-thumbnail","6":"product_brand-robot-coupe","7":"product_cat-rezalniki-in-sekljalniki-sadja-in-zelenjave","9":"first","10":"instock","11":"shipping-taxable","12":"purchasable","13":"product-type-variable"},"acf":[],"_links":{"self":[{"href":"https:\/\/go-st.vizia.si\/index.php?rest_route=\/wp\/v2\/product\/95720","targetHints":{"allow":["GET"]}}],"collection":[{"href":"https:\/\/go-st.vizia.si\/index.php?rest_route=\/wp\/v2\/product"}],"about":[{"href":"https:\/\/go-st.vizia.si\/index.php?rest_route=\/wp\/v2\/types\/product"}],"replies":[{"embeddable":true,"href":"https:\/\/go-st.vizia.si\/index.php?rest_route=%2Fwp%2Fv2%2Fcomments&post=95720"}],"wp:featuredmedia":[{"embeddable":true,"href":"https:\/\/go-st.vizia.si\/index.php?rest_route=\/wp\/v2\/media\/95093"}],"wp:attachment":[{"href":"https:\/\/go-st.vizia.si\/index.php?rest_route=%2Fwp%2Fv2%2Fmedia&parent=95720"}],"wp:term":[{"taxonomy":"product_brand","embeddable":true,"href":"https:\/\/go-st.vizia.si\/index.php?rest_route=%2Fwp%2Fv2%2Fproduct_brand&post=95720"},{"taxonomy":"product_cat","embeddable":true,"href":"https:\/\/go-st.vizia.si\/index.php?rest_route=%2Fwp%2Fv2%2Fproduct_cat&post=95720"},{"taxonomy":"product_tag","embeddable":true,"href":"https:\/\/go-st.vizia.si\/index.php?rest_route=%2Fwp%2Fv2%2Fproduct_tag&post=95720"}],"curies":[{"name":"wp","href":"https:\/\/api.w.org\/{rel}","templated":true}]}}