{"id":95729,"date":"2026-02-20T10:24:03","date_gmt":"2026-02-20T10:24:03","guid":{"rendered":"https:\/\/go-st.vizia.si\/?product=namizni-rezalnik-r-7-v-v"},"modified":"2026-02-20T11:28:44","modified_gmt":"2026-02-20T11:28:44","slug":"namizni-rezalnik-r-7-v-v","status":"publish","type":"product","link":"https:\/\/go-st.vizia.si\/?product=namizni-rezalnik-r-7-v-v","title":{"rendered":"Namizni rezalnik R 7 V.V."},"content":{"rendered":"<h3 class=\"desc-headings\">Posoda za rezanje<\/h3>\n<p>7,5-litrska posoda iz nerjave\u010dega jekla.<br \/> Obdelujte velike koli\u010dine za prihranek \u010dasa.<\/p>\n<h3 class=\"desc-headings\">Dvojni rezilni sklop na dnu posode<\/h3>\n<p>- Dvojni rezilni sklop na dnu posode za obdelavo majhnih in velikih koli\u010din.<br \/> - 100 % nerjave\u010de jeklo<br \/> - Snemljivo in nastavljivo.<\/p>\n<h3 class=\"desc-headings\">\u010casovnik<\/h3>\n<p>od\u0161tevanje in \u0161toparica.<br \/> Bistveno za standardizacijo va\u0161ih receptov z najve\u010djo natan\u010dnostjo.<\/p>\n<h3 class=\"desc-headings\">Ergonomski ro\u010daj<\/h3>\n<p>Mehak ro\u010daj, zasnovan za ve\u010dje udobje ter trden in varen oprijem.<\/p>\n<h3 class=\"desc-headings\">Hitrost<\/h3>\n<p>- Spremenljiva hitrost za bolj prilagodljivo uporabo in ve\u010djo raznolikost uporabe: od 300 do 3500 vrt\/min.<br \/> - Funkcija R-Mix\u00ae<br \/> Za me\u0161anje ob\u010dutljivih sestavin brez sekljanja.<br \/> Funkcija R-Mix \u00ae je zasnovana za me\u0161anje v obratni smeri vrtenja s spremenljivo hitrostjo od 60 do 500 vrt\/min za me\u0161anje celih kosov mesa, repov rakov, brunoise omako in narezane zelenjave v pa\u0161tete in terine, celih rozin v \u017eemljice itd.<\/p>\n<h3 class=\"desc-headings\">Zmogljiv motor<\/h3>\n<p>- Industrijski indukcijski motor za zahtevno uporabo zagotavlja vzdr\u017eljivost in zanesljivost.<br \/>- Motor zgrajen na krogli\u010dnih le\u017eajih za tiho delovanje brez vibracij<br \/>- Motor z neposrednim pogonom:<br \/> \u2022 Dodatna mo\u010d<br \/> \u2022 Brez jermenov<br \/> \u2022 Brez vzdr\u017eevanja<br \/> - Brez \u0161\u010detk<br \/> - Gred motorja iz nerjave\u010dega jekla<\/p>\n","protected":false},"excerpt":{"rendered":"<p>Obvezna oprema za sla\u0161\u010di\u010darje in kuharje!<br \/> Z dvojnim rezilom v obliki sklede \u2013 inovacijo Robot-Coupe \u2013 je idealen pomo\u010dnik v va\u0161i kuhinji. Vse priprave lahko opravite s preprostim pritiskom na gumb: emulzije in omake; mleto meso in ribe; sekljanje \u010debule, zeli\u0161\u010d in za\u010dimb; mletje ore\u0161\u010dkov, \u010dokolade ali pralin; gnetenje testa.<\/p>\n","protected":false},"featured_media":95106,"comment_status":"closed","ping_status":"closed","template":"","meta":{"_acf_changed":false},"product_brand":[168],"product_cat":[127],"product_tag":[],"class_list":{"0":"post-95729","1":"product","2":"type-product","3":"status-publish","4":"has-post-thumbnail","6":"product_brand-robot-coupe","7":"product_cat-rezalniki-in-sekljalniki-sadja-in-zelenjave","9":"first","10":"instock","11":"shipping-taxable","12":"purchasable","13":"product-type-variable"},"acf":[],"_links":{"self":[{"href":"https:\/\/go-st.vizia.si\/index.php?rest_route=\/wp\/v2\/product\/95729","targetHints":{"allow":["GET"]}}],"collection":[{"href":"https:\/\/go-st.vizia.si\/index.php?rest_route=\/wp\/v2\/product"}],"about":[{"href":"https:\/\/go-st.vizia.si\/index.php?rest_route=\/wp\/v2\/types\/product"}],"replies":[{"embeddable":true,"href":"https:\/\/go-st.vizia.si\/index.php?rest_route=%2Fwp%2Fv2%2Fcomments&post=95729"}],"wp:featuredmedia":[{"embeddable":true,"href":"https:\/\/go-st.vizia.si\/index.php?rest_route=\/wp\/v2\/media\/95106"}],"wp:attachment":[{"href":"https:\/\/go-st.vizia.si\/index.php?rest_route=%2Fwp%2Fv2%2Fmedia&parent=95729"}],"wp:term":[{"taxonomy":"product_brand","embeddable":true,"href":"https:\/\/go-st.vizia.si\/index.php?rest_route=%2Fwp%2Fv2%2Fproduct_brand&post=95729"},{"taxonomy":"product_cat","embeddable":true,"href":"https:\/\/go-st.vizia.si\/index.php?rest_route=%2Fwp%2Fv2%2Fproduct_cat&post=95729"},{"taxonomy":"product_tag","embeddable":true,"href":"https:\/\/go-st.vizia.si\/index.php?rest_route=%2Fwp%2Fv2%2Fproduct_tag&post=95729"}],"curies":[{"name":"wp","href":"https:\/\/api.w.org\/{rel}","templated":true}]}}