{"id":95734,"date":"2026-02-20T10:24:07","date_gmt":"2026-02-20T10:24:07","guid":{"rendered":"https:\/\/go-st.vizia.si\/?product=talni-rezalniki-r-45"},"modified":"2026-02-20T11:29:38","modified_gmt":"2026-02-20T11:29:38","slug":"talni-rezalniki-r-45","status":"publish","type":"product","link":"https:\/\/go-st.vizia.si\/?product=talni-rezalniki-r-45","title":{"rendered":"Talni rezalniki R 45"},"content":{"rendered":"<h3 class=\"desc-headings\">45-litrska posoda iz nerjave\u010dega jekla<\/h3>\n<p>- Nagibni mehanizem za ve\u010d kot 90\u00b0 za enostavno praznjenje posode.<br \/>- Snemljivo, ekskluzivno za Robot Coupe, za enostavno \u010di\u0161\u010denje.<\/p>\n<h3 class=\"desc-headings\">Gladko rezilo<\/h3>\n<p>100 % nerjave\u010de jeklo - sklop rezil na dnu posode za delo z majhnimi in velikimi koli\u010dinami. Snemljivo in nastavljivo.<\/p>\n<h3 class=\"desc-headings\">Nadzorna plo\u0161\u010da<\/h3>\n<p>- \u010casovnik: od 0 do 15 minut za doslednost. Samodejno ponovi prej nastavljeni \u010das.<br \/> - Gumbi za upravljanje iz nerjave\u010dega jekla: poravnani z ohi\u0161jem za enostavno \u010di\u0161\u010denje in vzdr\u017eljivost.<br \/> - Kontrolne lu\u010dke za varnost uporabnika.<br \/> - Pulzni nadzor za natan\u010dno obdelavo.<\/p>\n<h3 class=\"desc-headings\">Prozoren pokrov iz polikarbonata<\/h3>\n<p>- Brisalec pokrova vam omogo\u010da spremljanje priprave od za\u010detka do konca.<br \/> - Odprtina na sredini za dodajanje teko\u010din ali suhih sestavin med obdelavo.<br \/> - Zasnovan tako, da teko\u010dino ob odprtju usmeri nazaj v posodo.<br \/> - Gumijasto tesnilo prepre\u010duje prelivanje teko\u010dine.<br \/> - Hitro in enostavno odstranitev za \u010di\u0161\u010denje.<br \/> - Primerno za pomivanje v pomivalnem stroju.<br \/> &nbsp;<\/p>\n<h3 class=\"desc-headings\">Okvir<\/h3>\n<p>Vsa konstrukcija iz nerjave\u010dega jekla:<br \/> - 3 trdne noge za stabilnost in varnost.<br \/> - 3 zlo\u017eljiva kolesa olaj\u0161ajo premikanje in \u010di\u0161\u010denje va\u0161ega proizvodnega prostora.<br \/> - Kompaktna zasnova.<br \/> - Enostavno \u010di\u0161\u010denje.<\/p>\n<h3 class=\"desc-headings\">Indukcijski motor za intenzivno uporabo<\/h3>\n<p>Zmogljiv komercialni motor za zagotovitev tako vzdr\u017eljivosti kot zanesljivosti.<\/p>\n","protected":false},"excerpt":{"rendered":"<p>Ta vrhunski talni rezalnik je nujen za proizvajalce ali sla\u0161\u010di\u010darje in kuharje, ki obdelujejo velike koli\u010dine!<br \/> Z dvojnim rezilom v obliki sklede \u2013 inovacijo Robot-Coupe \u2013 je idealen pomo\u010dnik v va\u0161i kuhinji. Vse priprave lahko opravite s preprostim pritiskom na gumb: emulzije in omake; mletje mesa in rib; sekljanje \u010debule, zeli\u0161\u010d in za\u010dimb; mletje ore\u0161\u010dkov, \u010dokolade ali pralin; gnetenje testa.<\/p>\n","protected":false},"featured_media":95140,"comment_status":"closed","ping_status":"closed","template":"","meta":{"_acf_changed":false},"product_brand":[168],"product_cat":[127],"product_tag":[],"class_list":{"0":"post-95734","1":"product","2":"type-product","3":"status-publish","4":"has-post-thumbnail","6":"product_brand-robot-coupe","7":"product_cat-rezalniki-in-sekljalniki-sadja-in-zelenjave","9":"first","10":"instock","11":"shipping-taxable","12":"purchasable","13":"product-type-variable"},"acf":[],"_links":{"self":[{"href":"https:\/\/go-st.vizia.si\/index.php?rest_route=\/wp\/v2\/product\/95734","targetHints":{"allow":["GET"]}}],"collection":[{"href":"https:\/\/go-st.vizia.si\/index.php?rest_route=\/wp\/v2\/product"}],"about":[{"href":"https:\/\/go-st.vizia.si\/index.php?rest_route=\/wp\/v2\/types\/product"}],"replies":[{"embeddable":true,"href":"https:\/\/go-st.vizia.si\/index.php?rest_route=%2Fwp%2Fv2%2Fcomments&post=95734"}],"wp:featuredmedia":[{"embeddable":true,"href":"https:\/\/go-st.vizia.si\/index.php?rest_route=\/wp\/v2\/media\/95140"}],"wp:attachment":[{"href":"https:\/\/go-st.vizia.si\/index.php?rest_route=%2Fwp%2Fv2%2Fmedia&parent=95734"}],"wp:term":[{"taxonomy":"product_brand","embeddable":true,"href":"https:\/\/go-st.vizia.si\/index.php?rest_route=%2Fwp%2Fv2%2Fproduct_brand&post=95734"},{"taxonomy":"product_cat","embeddable":true,"href":"https:\/\/go-st.vizia.si\/index.php?rest_route=%2Fwp%2Fv2%2Fproduct_cat&post=95734"},{"taxonomy":"product_tag","embeddable":true,"href":"https:\/\/go-st.vizia.si\/index.php?rest_route=%2Fwp%2Fv2%2Fproduct_tag&post=95734"}],"curies":[{"name":"wp","href":"https:\/\/api.w.org\/{rel}","templated":true}]}}