{"id":95741,"date":"2026-02-20T10:24:10","date_gmt":"2026-02-20T10:24:10","guid":{"rendered":"https:\/\/go-st.vizia.si\/?product=blixer-4-v-v"},"modified":"2026-02-20T11:22:56","modified_gmt":"2026-02-20T11:22:56","slug":"blixer-4-v-v","status":"publish","type":"product","link":"https:\/\/go-st.vizia.si\/?product=blixer-4-v-v","title":{"rendered":"Blixer\u00ae 4 V.V."},"content":{"rendered":"<h3 class=\"desc-headings\">Skleda<\/h3>\n<p>4,5-litrska posoda iz bru\u0161enega nerjave\u010dega jekla z ro\u010dajem Soft touch, zasnovanim za ve\u010dje udobje ter trden in varen oprijem<\/p>\n<h3 class=\"desc-headings\">Fino nazob\u010dano rezilo<\/h3>\n<p>dobavljeno standardno<\/p>\n<h3 class=\"desc-headings\">Roka Blixer\u00ae<\/h3>\n<p>Za enakomernej\u0161o <strong>konsistenco.<\/strong><br \/> Enostavna odstranitev in \u010di\u0161\u010denje za <strong>popolno higieno<\/strong><\/p>\n<h3 class=\"desc-headings\">Prozoren pokrov iz polikarbonata<\/h3>\n<p>- Spremljajte pripravo od za\u010detka do konca.<br \/>- Med obdelavo dodajajte teko\u010dine ali sestavine.<br \/>- Gumijasto tesnilo prepre\u010duje prelivanje teko\u010dine.<br \/>- Hitra in enostavna odstranitev.<br \/>- Primerno za pomivanje v pomivalnem stroju.<\/p>\n<h3 class=\"desc-headings\">Spremenljiva hitrost<\/h3>\n<p>Od 300 do 3500 vrt\/min za ve\u010dji nadzor, natan\u010dnost in vsestranskost.<\/p>\n<h3 class=\"desc-headings\">Zmogljiv motor<\/h3>\n<p>- Industrijski indukcijski motor za zahtevno uporabo zagotavlja vzdr\u017eljivost in zanesljivost.<br \/> - Motor zgrajen na krogli\u010dnih le\u017eajih za tiho delovanje brez vibracij<br \/> - Motor z neposrednim pogonom:<br \/> \u2022 Dodatna mo\u010d<br \/> \u2022 Brez jermenov<br \/> \u2022 Brez vzdr\u017eevanja<br \/> - Brez \u0161\u010detk<br \/> - Gred motorja iz nerjave\u010dega jekla<\/p>\n","protected":false},"excerpt":{"rendered":"<p>Blixer<sup><sup>\u00ae<\/sup><\/sup>, posebej zasnovan za zdravstveni sektor, spreminja surove izdelke v \u017eivila s spremenjeno teksturo.<br \/> Vsa \u017eivila, surova ali kuhana, sladka ali slana, glavne jedi, sladice ali sir, lahko jedo vsi za mizo, tudi najstarej\u0161i.<br \/> Idealen za predelavo 2\u201315 porcij<\/p>\n","protected":false},"featured_media":94622,"comment_status":"closed","ping_status":"closed","template":"","meta":{"_acf_changed":false},"product_brand":[168],"product_cat":[127],"product_tag":[],"class_list":{"0":"post-95741","1":"product","2":"type-product","3":"status-publish","4":"has-post-thumbnail","6":"product_brand-robot-coupe","7":"product_cat-rezalniki-in-sekljalniki-sadja-in-zelenjave","9":"first","10":"instock","11":"shipping-taxable","12":"purchasable","13":"product-type-variable"},"acf":[],"_links":{"self":[{"href":"https:\/\/go-st.vizia.si\/index.php?rest_route=\/wp\/v2\/product\/95741","targetHints":{"allow":["GET"]}}],"collection":[{"href":"https:\/\/go-st.vizia.si\/index.php?rest_route=\/wp\/v2\/product"}],"about":[{"href":"https:\/\/go-st.vizia.si\/index.php?rest_route=\/wp\/v2\/types\/product"}],"replies":[{"embeddable":true,"href":"https:\/\/go-st.vizia.si\/index.php?rest_route=%2Fwp%2Fv2%2Fcomments&post=95741"}],"wp:featuredmedia":[{"embeddable":true,"href":"https:\/\/go-st.vizia.si\/index.php?rest_route=\/wp\/v2\/media\/94622"}],"wp:attachment":[{"href":"https:\/\/go-st.vizia.si\/index.php?rest_route=%2Fwp%2Fv2%2Fmedia&parent=95741"}],"wp:term":[{"taxonomy":"product_brand","embeddable":true,"href":"https:\/\/go-st.vizia.si\/index.php?rest_route=%2Fwp%2Fv2%2Fproduct_brand&post=95741"},{"taxonomy":"product_cat","embeddable":true,"href":"https:\/\/go-st.vizia.si\/index.php?rest_route=%2Fwp%2Fv2%2Fproduct_cat&post=95741"},{"taxonomy":"product_tag","embeddable":true,"href":"https:\/\/go-st.vizia.si\/index.php?rest_route=%2Fwp%2Fv2%2Fproduct_tag&post=95741"}],"curies":[{"name":"wp","href":"https:\/\/api.w.org\/{rel}","templated":true}]}}